{"id":7836,"date":"2026-02-10T15:06:57","date_gmt":"2026-02-10T15:06:57","guid":{"rendered":"https:\/\/elektronica-aanhangers-houten.nl\/?post_type=product&#038;p=7836"},"modified":"2026-02-22T03:06:52","modified_gmt":"2026-02-22T03:06:52","slug":"unit-6-x-3-ral-7016-voorraad-model","status":"publish","type":"product","link":"https:\/\/cabashippinginternational.com\/en\/produit\/unit-6-x-3-ral-7016-voorraad-model\/","title":{"rendered":"Unidad 6 x 3 \u2013 RAL 7016 \u2013 Modelo de stock"},"content":{"rendered":"<p><strong>\u00a1Las posibilidades son infinitas! Modulaire Units le ofrece una amplia gama de opciones de personalizaci\u00f3n. \u00a1P\u00f3ngase en contacto ahora con nuestro equipo para su propia unidad 6\u00d73 a medida!<\/strong><\/p>\n<p><i class=\"icon-normal fa fa-check extra-color-1\"><\/i> \u00a1Ahora en stock!<\/p>\n<p><i class=\"icon-normal fa fa-check extra-color-1\"><\/i> Color RAL 7016<\/p>\n<p><i class=\"icon-normal fa fa-check extra-color-1\"><\/i> Totalmente aislado<\/p>\n<p><i class=\"icon-normal fa fa-check extra-color-1\"><\/i> Incluye calefacci\u00f3n<\/p>\n<p><i class=\"icon-normal fa fa-check extra-color-1\"><\/i> Pared completamente de vidrio<\/p>\n<h2 class=\"vc_custom_heading vc_do_custom_heading\">Unidad de oficina 6,05 x 2,99 m<\/h2>\n<div class=\"wpb_text_column wpb_content_element\">\n<div class=\"wpb_wrapper\">\n<p>Este modelo de unidad de oficina no es una unidad est\u00e1ndar. Todas las unidades est\u00e1ndar tienen 244 cm de ancho, pero este modelo tiene incluso 300 cm de ancho. Esto se nota durante el uso de la unidad. Debido al ancho, es posible colocar a\u00fan m\u00e1s escritorios en la unidad. Tambi\u00e9n es posible conectar esta unidad; dos unidades conectadas tienen unas dimensiones totales de 605 x 600 cm.<\/p>\n<p>Las unidades de oficina de Modulaire Units son adecuadas para cualquier tipo de situaci\u00f3n. As\u00ed, la unidad modular puede ser utilizada como espacio de oficina temporal o permanente en un sitio de construcci\u00f3n o terreno de empresas. Tambi\u00e9n se puede utilizar la unidad como escuela o cualquier otro tipo de edificio temporal o permanente. Las unidades modulares de M<\/p>","protected":false},"excerpt":{"rendered":"<p><strong>\u00a1Las posibilidades son infinitas! Modulaire Units le ofrece una amplia gama de opciones de personalizaci\u00f3n. \u00a1P\u00f3ngase en contacto ahora con nuestro equipo para su propia unidad 6\u00d73 a medida!<\/strong><\/p>\n<p><i class=\"icon-normal fa fa-check extra-color-1\"><\/i> \u00a1Ahora en stock!<\/p>\n<p><i class=\"icon-normal fa fa-check extra-color-1\"><\/i> Color RAL 7016<\/p>\n<p><i class=\"icon-normal fa fa-check extra-color-1\"><\/i> Totalmente aislado<\/p>\n<p><i class=\"icon-normal fa fa-check extra-color-1\"><\/i> Incluye calefacci\u00f3n<\/p>\n<p><i class=\"icon-normal fa fa-check extra-color-1\"><\/i> Pared completamente de vidrio<\/p>","protected":false},"featured_media":7838,"comment_status":"open","ping_status":"closed","template":"","meta":[],"product_brand":[],"product_cat":[15],"product_tag":[],"class_list":{"0":"post-7836","1":"product","2":"type-product","3":"status-publish","4":"has-post-thumbnail","6":"product_cat-niet-geclassificeerd","8":"first","9":"instock","10":"taxable","11":"shipping-taxable","12":"purchasable","13":"product-type-simple"},"_links":{"self":[{"href":"https:\/\/cabashippinginternational.com\/en\/wp-json\/wp\/v2\/product\/7836","targetHints":{"allow":["GET"]}}],"collection":[{"href":"https:\/\/cabashippinginternational.com\/en\/wp-json\/wp\/v2\/product"}],"about":[{"href":"https:\/\/cabashippinginternational.com\/en\/wp-json\/wp\/v2\/types\/product"}],"replies":[{"embeddable":true,"href":"https:\/\/cabashippinginternational.com\/en\/wp-json\/wp\/v2\/comments?post=7836"}],"wp:featuredmedia":[{"embeddable":true,"href":"https:\/\/cabashippinginternational.com\/en\/wp-json\/wp\/v2\/media\/7838"}],"wp:attachment":[{"href":"https:\/\/cabashippinginternational.com\/en\/wp-json\/wp\/v2\/media?parent=7836"}],"wp:term":[{"taxonomy":"product_brand","embeddable":true,"href":"https:\/\/cabashippinginternational.com\/en\/wp-json\/wp\/v2\/product_brand?post=7836"},{"taxonomy":"product_cat","embeddable":true,"href":"https:\/\/cabashippinginternational.com\/en\/wp-json\/wp\/v2\/product_cat?post=7836"},{"taxonomy":"product_tag","embeddable":true,"href":"https:\/\/cabashippinginternational.com\/en\/wp-json\/wp\/v2\/product_tag?post=7836"}],"curies":[{"name":"wp","href":"https:\/\/api.w.org\/{rel}","templated":true}]}}