{"id":7831,"date":"2026-02-10T13:26:15","date_gmt":"2026-02-10T13:26:15","guid":{"rendered":"https:\/\/elektronica-aanhangers-houten.nl\/?post_type=product&#038;p=7831"},"modified":"2026-02-22T03:07:04","modified_gmt":"2026-02-22T03:07:04","slug":"20ft-accommodatie-nieuw","status":"publish","type":"product","link":"https:\/\/cabashippinginternational.com\/en\/produit\/20ft-accommodatie-nieuw\/","title":{"rendered":"Alojamiento de 20 pies &#8211; Nuevo"},"content":{"rendered":"<section class=\"c-product-info\">\n<div class=\"o-container o-container--primary\">\n<div class=\"c-product-info__half\">\n<div class=\"c-product-info__single\">\n<header>\n<h3>Descripci\u00f3n<\/h3>\n<\/header>\n<div class=\"c-product-info__single__text\">\n<p>\u00bfEst\u00e1s buscando una soluci\u00f3n pr\u00e1ctica para un espacio temporal de almuerzo o de oficina? El contenedor de alojamiento de 20 pies es ideal para su colocaci\u00f3n en un sitio de construcci\u00f3n o cuando necesitas un espacio adicional temporal durante una renovaci\u00f3n de tu oficina. Debido al gran espacio en este contenedor, tienes suficientes posibilidades para organizarlo de manera pr\u00e1ctica con los escritorios, mesas, sillas y (refrigeradores) que tu personal necesita. Una de las grandes ventajas del contenedor de alojamiento de 20 pies es que esta medida corresponde a las dimensiones de un contenedor mar\u00edtimo est\u00e1ndar. Esto asegura que se puedan acoplar y transportar r\u00e1pida y f\u00e1cilmente, lo que proporciona a\u00fan m\u00e1s flexibilidad al elegir esta soluci\u00f3n de contenedor. El aislamiento profesional, la iluminaci\u00f3n y la calefacci\u00f3n hacen que el contenedor de alojamiento de 20 pies sea adecuado para su uso en cualquier momento del d\u00eda, durante todo el a\u00f1o. El contenedor de alojamiento de 20 pies est\u00e1 disponible tanto para la venta como para el alquiler a una tarifa competitiva. Solicita nuestro precio a trav\u00e9s de la p\u00e1gina web y te enviaremos r\u00e1pidamente una propuesta personalizada.<\/p>\n<\/div>\n<\/div>\n<div class=\"c-product-info__single\">\n<header>\n<h3>Entr<\/p>","protected":false},"excerpt":{"rendered":"<header>\n<h3>Especificaciones<\/h3>\n<\/header>\n<ul class=\"c-product-info__single__list u-reset-ul\">\n<li>Condici\u00f3nNuevo<\/li>\n<li>Dimensiones externasL6.055 x An2.435 x Al2.591<\/li>\n<li>Dimensiones internasL5.880 x An2.260 x Al2.340<\/li>\n<li>ColorRAL 5010<\/li>\n<li>Longitud en pies20<\/li>\n<li>Longitud en M\u2248 6m<\/li>\n<li>Volumen30.7 m\u00b3<\/li>\n<li>AislamientoSuelo: 60 mm lana mineral Pared: 60 mm lana mineral Techo: 100 mm lana mineral<\/li>\n<li>Instalaci\u00f3n el\u00e9ctrica400V 32A conexi\u00f3n de 5 polos (exterior) 2x doble iluminaci\u00f3n LED de 36W 1x calefactor convector de 2kW<\/li>\n<li>Puertas y VentanasPuerta de acceso de acero: 875 mm x 2.125 mm 2x ventana oscilobatiente: 945 mm x 1.200 mm<\/li>\n<\/ul>","protected":false},"featured_media":7833,"comment_status":"open","ping_status":"closed","template":"","meta":[],"product_brand":[],"product_cat":[15],"product_tag":[],"class_list":{"0":"post-7831","1":"product","2":"type-product","3":"status-publish","4":"has-post-thumbnail","6":"product_cat-niet-geclassificeerd","8":"first","9":"instock","10":"taxable","11":"shipping-taxable","12":"purchasable","13":"product-type-simple"},"_links":{"self":[{"href":"https:\/\/cabashippinginternational.com\/en\/wp-json\/wp\/v2\/product\/7831","targetHints":{"allow":["GET"]}}],"collection":[{"href":"https:\/\/cabashippinginternational.com\/en\/wp-json\/wp\/v2\/product"}],"about":[{"href":"https:\/\/cabashippinginternational.com\/en\/wp-json\/wp\/v2\/types\/product"}],"replies":[{"embeddable":true,"href":"https:\/\/cabashippinginternational.com\/en\/wp-json\/wp\/v2\/comments?post=7831"}],"wp:featuredmedia":[{"embeddable":true,"href":"https:\/\/cabashippinginternational.com\/en\/wp-json\/wp\/v2\/media\/7833"}],"wp:attachment":[{"href":"https:\/\/cabashippinginternational.com\/en\/wp-json\/wp\/v2\/media?parent=7831"}],"wp:term":[{"taxonomy":"product_brand","embeddable":true,"href":"https:\/\/cabashippinginternational.com\/en\/wp-json\/wp\/v2\/product_brand?post=7831"},{"taxonomy":"product_cat","embeddable":true,"href":"https:\/\/cabashippinginternational.com\/en\/wp-json\/wp\/v2\/product_cat?post=7831"},{"taxonomy":"product_tag","embeddable":true,"href":"https:\/\/cabashippinginternational.com\/en\/wp-json\/wp\/v2\/product_tag?post=7831"}],"curies":[{"name":"wp","href":"https:\/\/api.w.org\/{rel}","templated":true}]}}