{"id":7826,"date":"2026-02-10T12:55:22","date_gmt":"2026-02-10T12:55:22","guid":{"rendered":"https:\/\/elektronica-aanhangers-houten.nl\/?post_type=product&#038;p=7826"},"modified":"2026-02-22T03:07:14","modified_gmt":"2026-02-22T03:07:14","slug":"45ft-high-cube-pallet-wide-nieuw","status":"publish","type":"product","link":"https:\/\/cabashippinginternational.com\/en\/produit\/45ft-high-cube-pallet-wide-nieuw\/","title":{"rendered":"Contenedor de 45 pies High Cube Pallet Wide \u2013 Nuevo"},"content":{"rendered":"<div class=\"c-product-info__single\">\n<header>\n<h3>Descripci\u00f3n<\/h3>\n<\/header>\n<div class=\"c-product-info__single__text\">\n<p>El contenedor mar\u00edtimo de 45 pies de alto cubo y ancho de paleta. El contenedor mar\u00edtimo de 45 pies de ancho de paleta mide \u00b1 13,5 metros de largo y est\u00e1 hecho de acero corten. Esta fuerte conexi\u00f3n, hecha de hierro, est\u00e1 reforzada con cromo, f\u00f3sforo, cobre, n\u00edquel y silicio, tiene una resistencia comparable al acero inoxidable, est\u00e1 hecha de acero corten y viene de serie con un suelo de madera, varillas de puerta galvanizadas y una caja de seguridad (contra robos). (Caja de seguridad solo est\u00e1ndar en nuevo). Debido a su construcci\u00f3n especial, este contenedor tiene una medida interna extra ancha y, por lo tanto, es adecuado para colocar dos europalets uno al lado del otro. Especialmente desarrollado para el transporte de cargas de gran volumen en combinaci\u00f3n con el transporte de corta distancia.<\/p>\n<\/div>\n<\/div>\n<div class=\"c-product-info__single\">\n<header>\n<h3>Entrega<\/h3>\n<\/header>\n<div class=\"c-product-info__single__text\">\n<p>Entregamos el contenedor sin problemas en la ubicaci\u00f3n que desees en toda Holanda. Las tarifas de transporte dependen del c\u00f3digo postal donde se entrega el contenedor y de la ubicaci\u00f3n de recogida del contenedor. Adem\u00e1s, hay opciones para colocaciones especiales, por ejemplo, en el techo de un edificio, en un patio interior, dentro de un edificio con gr\u00faas especiales, plataformas elevadoras o carretillas elevadoras. Indica es<\/p>","protected":false},"excerpt":{"rendered":"<header>\n<h3>Especificaciones<\/h3>\n<\/header>\n<ul class=\"c-product-info__single__list u-reset-ul\">\n<li>Certificaci\u00f3nCertificaci\u00f3n CSC, certificaci\u00f3n ISO<\/li>\n<li>Tara4.180 KG<\/li>\n<li>Capacidad de carga m\u00e1xima29.820 KG<\/li>\n<li>Longitud en pies45<\/li>\n<li>Longitud en M\u2248 13,5m<\/li>\n<li>Peso m\u00e1ximo41.800 KG<\/li>\n<li>SueloSuelo de madera<\/li>\n<li>Condici\u00f3nA prueba de viento y agua<\/li>\n<li>Volumen89 m\u00b3<\/li>\n<\/ul>","protected":false},"featured_media":7827,"comment_status":"open","ping_status":"closed","template":"","meta":[],"product_brand":[],"product_cat":[15],"product_tag":[],"class_list":{"0":"post-7826","1":"product","2":"type-product","3":"status-publish","4":"has-post-thumbnail","6":"product_cat-niet-geclassificeerd","8":"first","9":"instock","10":"taxable","11":"shipping-taxable","12":"purchasable","13":"product-type-simple"},"_links":{"self":[{"href":"https:\/\/cabashippinginternational.com\/en\/wp-json\/wp\/v2\/product\/7826","targetHints":{"allow":["GET"]}}],"collection":[{"href":"https:\/\/cabashippinginternational.com\/en\/wp-json\/wp\/v2\/product"}],"about":[{"href":"https:\/\/cabashippinginternational.com\/en\/wp-json\/wp\/v2\/types\/product"}],"replies":[{"embeddable":true,"href":"https:\/\/cabashippinginternational.com\/en\/wp-json\/wp\/v2\/comments?post=7826"}],"wp:featuredmedia":[{"embeddable":true,"href":"https:\/\/cabashippinginternational.com\/en\/wp-json\/wp\/v2\/media\/7827"}],"wp:attachment":[{"href":"https:\/\/cabashippinginternational.com\/en\/wp-json\/wp\/v2\/media?parent=7826"}],"wp:term":[{"taxonomy":"product_brand","embeddable":true,"href":"https:\/\/cabashippinginternational.com\/en\/wp-json\/wp\/v2\/product_brand?post=7826"},{"taxonomy":"product_cat","embeddable":true,"href":"https:\/\/cabashippinginternational.com\/en\/wp-json\/wp\/v2\/product_cat?post=7826"},{"taxonomy":"product_tag","embeddable":true,"href":"https:\/\/cabashippinginternational.com\/en\/wp-json\/wp\/v2\/product_tag?post=7826"}],"curies":[{"name":"wp","href":"https:\/\/api.w.org\/{rel}","templated":true}]}}