{"id":7821,"date":"2026-02-10T12:49:18","date_gmt":"2026-02-10T12:49:18","guid":{"rendered":"https:\/\/elektronica-aanhangers-houten.nl\/?post_type=product&#038;p=7821"},"modified":"2026-02-22T03:07:26","modified_gmt":"2026-02-22T03:07:26","slug":"20ft-zeecontainer-nieuw","status":"publish","type":"product","link":"https:\/\/cabashippinginternational.com\/en\/produit\/20ft-zeecontainer-nieuw\/","title":{"rendered":"Contenedor Zee de 20 pies &#8211; Nuevo"},"content":{"rendered":"<div class=\"c-product-info__single\">\n<header>\n<h3>Descripci\u00f3n<\/h3>\n<\/header>\n<div class=\"c-product-info__single__text\">\n<p>El contenedor mar\u00edtimo de 20 pies dv es, con diferencia, el contenedor m\u00e1s popular de nuestro surtido. No es de extra\u00f1ar que sea el contenedor m\u00e1s utilizado para el transporte intermodal por mar, por carretera o por ferrocarril de mercanc\u00edas y materiales. La construcci\u00f3n est\u00e1 hecha de acero de alta calidad, lo que garantiza la fiabilidad del transporte. Adem\u00e1s, las varillas de puerta integradas y la caja de bloqueo proporcionan seguridad adicional, para que puedas enviar tu contenedor al transporte con tranquilidad. Debido a las dimensiones est\u00e1ndar de 20 pies, la mayor\u00eda de las empresas de transporte est\u00e1n bien preparadas para el transporte y manejo de este contenedor, lo que hace que sea a\u00fan m\u00e1s l\u00f3gico utilizar este contenedor para transportes regulares. Especialmente porque con el contenedor mar\u00edtimo de 20 pies dv puedes transportar una gran cantidad de mercanc\u00edas de una sola vez. Si est\u00e1s buscando un nuevo contenedor mar\u00edtimo de 20 pies dv, puedes solicitar un presupuesto directamente a trav\u00e9s de nuestro sitio web. Te enviaremos lo antes posible una propuesta personalizada.<\/p>\n<\/div>\n<\/div>\n<div class=\"c-product-info__single\">\n<header>\n<h3>Entrega<\/h3>\n<\/header>\n<div class=\"c-product-info__single__text\">\n<p>Entregamos el contenedor sin problemas en la ubicaci\u00f3n que desees en toda Holanda. Las tarifas de transporte dependen del c\u00f3digo postal dond<\/p>","protected":false},"excerpt":{"rendered":"<header>\n<h3>Especificaciones<\/h3>\n<\/header>\n<ul class=\"c-product-info__single__list u-reset-ul\">\n<li>ColorRAL 7016, RAL 5010, RAL 9005, RAL 9010, RAL 6007<\/li>\n<li>Dimensiones externasL6.058 x An2.438 x Al2.591<\/li>\n<li>Dimensiones internasL5.898 x An2.352 x Al2.393<\/li>\n<li>Tara2.040 KG<\/li>\n<li>Capacidad de carga m\u00e1x.28.440 KG<\/li>\n<li>Peso m\u00e1x.30.480 KG<\/li>\n<li>Longitud en pies20<\/li>\n<li>Longitud en M\u2248 6m<\/li>\n<li>Certificaci\u00f3nCSC, ISO, TIR<\/li>\n<li>SueloSuelo de madera<\/li>\n<li>Volumen33 m\u00b3<\/li>\n<li>Seguridad contra robosLockbox<\/li>\n<\/ul>","protected":false},"featured_media":7822,"comment_status":"open","ping_status":"closed","template":"","meta":[],"product_brand":[],"product_cat":[15],"product_tag":[],"class_list":{"0":"post-7821","1":"product","2":"type-product","3":"status-publish","4":"has-post-thumbnail","6":"product_cat-niet-geclassificeerd","8":"first","9":"instock","10":"taxable","11":"shipping-taxable","12":"purchasable","13":"product-type-simple"},"_links":{"self":[{"href":"https:\/\/cabashippinginternational.com\/en\/wp-json\/wp\/v2\/product\/7821","targetHints":{"allow":["GET"]}}],"collection":[{"href":"https:\/\/cabashippinginternational.com\/en\/wp-json\/wp\/v2\/product"}],"about":[{"href":"https:\/\/cabashippinginternational.com\/en\/wp-json\/wp\/v2\/types\/product"}],"replies":[{"embeddable":true,"href":"https:\/\/cabashippinginternational.com\/en\/wp-json\/wp\/v2\/comments?post=7821"}],"wp:featuredmedia":[{"embeddable":true,"href":"https:\/\/cabashippinginternational.com\/en\/wp-json\/wp\/v2\/media\/7822"}],"wp:attachment":[{"href":"https:\/\/cabashippinginternational.com\/en\/wp-json\/wp\/v2\/media?parent=7821"}],"wp:term":[{"taxonomy":"product_brand","embeddable":true,"href":"https:\/\/cabashippinginternational.com\/en\/wp-json\/wp\/v2\/product_brand?post=7821"},{"taxonomy":"product_cat","embeddable":true,"href":"https:\/\/cabashippinginternational.com\/en\/wp-json\/wp\/v2\/product_cat?post=7821"},{"taxonomy":"product_tag","embeddable":true,"href":"https:\/\/cabashippinginternational.com\/en\/wp-json\/wp\/v2\/product_tag?post=7821"}],"curies":[{"name":"wp","href":"https:\/\/api.w.org\/{rel}","templated":true}]}}