{"id":7817,"date":"2026-02-10T12:43:42","date_gmt":"2026-02-10T12:43:42","guid":{"rendered":"https:\/\/elektronica-aanhangers-houten.nl\/?post_type=product&#038;p=7817"},"modified":"2026-02-22T03:07:36","modified_gmt":"2026-02-22T03:07:36","slug":"10ft-zeecontainer-stalen-vloer-nieuw","status":"publish","type":"product","link":"https:\/\/cabashippinginternational.com\/en\/produit\/10ft-zeecontainer-stalen-vloer-nieuw\/","title":{"rendered":"Contenedor Zee de 10 pies Suelo de Acero &#8211; Nuevo"},"content":{"rendered":"<div class=\"c-product-info__single\">\n<header>\n<h3>Descripci\u00f3n<\/h3>\n<\/header>\n<div class=\"c-product-info__single__text\">\n<p>La gran ventaja de nuestros contenedores mar\u00edtimos es que los tenemos disponibles en diferentes tama\u00f1os. Si necesitas una soluci\u00f3n de contenedor compacta para el transporte de mercanc\u00edas y materiales, el contenedor de 10 pies dv es ideal. Fuerte y fiable durante el transporte, manejable y flexible durante la carga y descarga. Estos contenedores mar\u00edtimos est\u00e1n hechos de acero corten, lo que los hace adecuados para el transporte por mar, por carretera y por ferrocarril en todas las condiciones clim\u00e1ticas imaginables. Adem\u00e1s, el contenedor de 10 pies dv cumple con todas las normas ISO vigentes, lo que optimiza la fiabilidad del transporte de mercanc\u00edas y materiales. Estos contenedores vienen de serie con varillas de puerta galvanizadas y una caja de cerradura, lo que aumenta enormemente la seguridad de tu transporte, una idea tranquilizadora. El contenedor mar\u00edtimo de 10 pies dv est\u00e1 disponible a un precio competitivo a trav\u00e9s de nuestro sitio web. Si haces una solicitud ahora a trav\u00e9s del bot\u00f3n de abajo, te enviaremos r\u00e1pidamente una propuesta de precio personalizada.<\/p>\n<\/div>\n<\/div>\n<div class=\"c-product-info__single\">\n<header>\n<h3>Entrega<\/h3>\n<\/header>\n<div class=\"c-product-info__single__text\">\n<p>Entregamos el contenedor sin problemas en la ubicaci\u00f3n que desees en toda Holanda. Las tarifas de transporte dependen del c\u00f3digo postal donde se entreg<\/p>","protected":false},"excerpt":{"rendered":"<header>\n<h3>Especificaciones<\/h3>\n<\/header>\n<ul class=\"c-product-info__single__list u-reset-ul\">\n<li>ColorRAL 5010<\/li>\n<li>Certificaci\u00f3nCertificaci\u00f3n CSC, certificaci\u00f3n ISO<\/li>\n<li>Tara1.250 KG<\/li>\n<li>Capacidad m\u00e1xima de carga10.000 KG<\/li>\n<li>Longitud en pies10<\/li>\n<li>Longitud en M\u2248 3m<\/li>\n<li>Peso m\u00e1ximo11.250 KG<\/li>\n<li>PisoPiso de acero<\/li>\n<li>Condici\u00f3nUsado una vez para transporte internacional., A prueba de viento y agua<\/li>\n<li>Volumen16 m\u00b3<\/li>\n<li>Seguridad contra robosCaja de seguridad<\/li>\n<\/ul>","protected":false},"featured_media":7818,"comment_status":"open","ping_status":"closed","template":"","meta":[],"product_brand":[],"product_cat":[15],"product_tag":[],"class_list":{"0":"post-7817","1":"product","2":"type-product","3":"status-publish","4":"has-post-thumbnail","6":"product_cat-niet-geclassificeerd","8":"first","9":"instock","10":"taxable","11":"shipping-taxable","12":"purchasable","13":"product-type-simple"},"_links":{"self":[{"href":"https:\/\/cabashippinginternational.com\/en\/wp-json\/wp\/v2\/product\/7817","targetHints":{"allow":["GET"]}}],"collection":[{"href":"https:\/\/cabashippinginternational.com\/en\/wp-json\/wp\/v2\/product"}],"about":[{"href":"https:\/\/cabashippinginternational.com\/en\/wp-json\/wp\/v2\/types\/product"}],"replies":[{"embeddable":true,"href":"https:\/\/cabashippinginternational.com\/en\/wp-json\/wp\/v2\/comments?post=7817"}],"wp:featuredmedia":[{"embeddable":true,"href":"https:\/\/cabashippinginternational.com\/en\/wp-json\/wp\/v2\/media\/7818"}],"wp:attachment":[{"href":"https:\/\/cabashippinginternational.com\/en\/wp-json\/wp\/v2\/media?parent=7817"}],"wp:term":[{"taxonomy":"product_brand","embeddable":true,"href":"https:\/\/cabashippinginternational.com\/en\/wp-json\/wp\/v2\/product_brand?post=7817"},{"taxonomy":"product_cat","embeddable":true,"href":"https:\/\/cabashippinginternational.com\/en\/wp-json\/wp\/v2\/product_cat?post=7817"},{"taxonomy":"product_tag","embeddable":true,"href":"https:\/\/cabashippinginternational.com\/en\/wp-json\/wp\/v2\/product_tag?post=7817"}],"curies":[{"name":"wp","href":"https:\/\/api.w.org\/{rel}","templated":true}]}}