{"id":7812,"date":"2026-02-09T21:02:07","date_gmt":"2026-02-09T21:02:07","guid":{"rendered":"https:\/\/elektronica-aanhangers-houten.nl\/?post_type=product&#038;p=7812"},"modified":"2026-02-22T03:07:47","modified_gmt":"2026-02-22T03:07:47","slug":"20ft-standaard-drie-deurhendels","status":"publish","type":"product","link":"https:\/\/cabashippinginternational.com\/en\/produit\/20ft-standaard-drie-deurhendels\/","title":{"rendered":"20 pies Est\u00e1ndar Tres Manijas de Puerta"},"content":{"rendered":"<h2 class=\"product-detail-intro__title\">Contenedor Est\u00e1ndar de 20 pies con Tres Manijas de Puerta<\/h2>\n<p><strong>Nuevo contenedor est\u00e1ndar de 20 pies con tres manijas de puerta<\/strong><br \/>\nNuestro contenedor est\u00e1ndar de 20 pies con tres manijas de puerta es popular en el almacenamiento y la construcci\u00f3n. L\u00f3gico: este contenedor de 20 pies puede hacerlo todo y es a\u00fan m\u00e1s accesible en comparaci\u00f3n con el contenedor est\u00e1ndar de 20 pies regular. Tiene un certificado CSC y, por lo tanto, es adecuado para el transporte intermodal. Es espacioso y f\u00e1cil de transportar. Y cumple con las normas ISO, por lo que tambi\u00e9n es apilable. Con su robusto piso de madera, es el favorito para almacenamiento y transporte en todo el mundo. En nuestra tienda en l\u00ednea puedes comprar contenedores nuevos y usados. O alquilar un contenedor con un poco de experiencia. \u00a1Organiza tu contenedor ahora!<\/p>\n<h2 class=\"product-detail-intro__title\">Especificaciones<\/h2>\n<div class=\"product-detail-intro__list\">\n<ul>\n<li>Certificado ISO<\/li>\n<li>Certificado CSC<\/li>\n<li>Resistente al viento y al agua<\/li>\n<li>Capacidad para carga<\/li>\n<li>Piso de madera<\/li>\n<li>Caja de cerradura<\/li>\n<\/ul>\n<\/div>","protected":false},"excerpt":{"rendered":"<table class=\"product-detail-intro__table\">\n<thead>\n<tr>\n<th><\/th>\n<th>Tama\u00f1o externo<\/th>\n<th>Tama\u00f1o interno<\/th>\n<\/tr>\n<\/thead>\n<tbody>\n<tr>\n<th>Longitud<\/th>\n<td>6036 mm<\/td>\n<td>5898 mm<\/td>\n<\/tr>\n<tr>\n<th>Anchura<\/th>\n<td>2438 mm<\/td>\n<td>2362 mm<\/td>\n<\/tr>\n<tr>\n<th>Altura<\/th>\n<td>2591 mm<\/td>\n<td>2393 mm<\/td>\n<\/tr>\n<\/tbody>\n<tfoot>\n<tr>\n<th>Tara<\/th>\n<th>Capacidad de carga m\u00e1xima<\/th>\n<th>Peso m\u00e1ximo<\/th>\n<\/tr>\n<tr>\n<td>2050 kg<\/td>\n<td>28430 kg<\/td>\n<td>30480 kg<\/td>\n<\/tr>\n<\/tfoot>\n<\/table>","protected":false},"featured_media":7813,"comment_status":"open","ping_status":"closed","template":"","meta":[],"product_brand":[],"product_cat":[15],"product_tag":[],"class_list":{"0":"post-7812","1":"product","2":"type-product","3":"status-publish","4":"has-post-thumbnail","6":"product_cat-niet-geclassificeerd","8":"first","9":"instock","10":"taxable","11":"shipping-taxable","12":"purchasable","13":"product-type-simple"},"_links":{"self":[{"href":"https:\/\/cabashippinginternational.com\/en\/wp-json\/wp\/v2\/product\/7812","targetHints":{"allow":["GET"]}}],"collection":[{"href":"https:\/\/cabashippinginternational.com\/en\/wp-json\/wp\/v2\/product"}],"about":[{"href":"https:\/\/cabashippinginternational.com\/en\/wp-json\/wp\/v2\/types\/product"}],"replies":[{"embeddable":true,"href":"https:\/\/cabashippinginternational.com\/en\/wp-json\/wp\/v2\/comments?post=7812"}],"wp:featuredmedia":[{"embeddable":true,"href":"https:\/\/cabashippinginternational.com\/en\/wp-json\/wp\/v2\/media\/7813"}],"wp:attachment":[{"href":"https:\/\/cabashippinginternational.com\/en\/wp-json\/wp\/v2\/media?parent=7812"}],"wp:term":[{"taxonomy":"product_brand","embeddable":true,"href":"https:\/\/cabashippinginternational.com\/en\/wp-json\/wp\/v2\/product_brand?post=7812"},{"taxonomy":"product_cat","embeddable":true,"href":"https:\/\/cabashippinginternational.com\/en\/wp-json\/wp\/v2\/product_cat?post=7812"},{"taxonomy":"product_tag","embeddable":true,"href":"https:\/\/cabashippinginternational.com\/en\/wp-json\/wp\/v2\/product_tag?post=7812"}],"curies":[{"name":"wp","href":"https:\/\/api.w.org\/{rel}","templated":true}]}}