{"id":7808,"date":"2026-02-09T20:48:07","date_gmt":"2026-02-09T20:48:07","guid":{"rendered":"https:\/\/elektronica-aanhangers-houten.nl\/?post_type=product&#038;p=7808"},"modified":"2026-02-22T03:07:55","modified_gmt":"2026-02-22T03:07:55","slug":"20ft-standaard","status":"publish","type":"product","link":"https:\/\/cabashippinginternational.com\/en\/produit\/20ft-standaard\/","title":{"rendered":"20 pies est\u00e1ndar"},"content":{"rendered":"<h2 class=\"product-detail-intro__title\">Contenedor est\u00e1ndar de 20 pies<\/h2>\n<p><strong>Alquilar contenedor est\u00e1ndar de 20 pies<\/strong><br \/>\nNuestro contenedor est\u00e1ndar de 20 pies es el centro de atenci\u00f3n en cualquier puerto. L\u00f3gico: este contenedor de 20 pies puede hacerlo todo. Tiene un certificado CSC y, por lo tanto, es adecuado para el transporte intermodal. Es espacioso y f\u00e1cil de transportar. Y cumple con las normas ISO, por lo que tambi\u00e9n es apilable. Con su robusto suelo de madera, es el favorito para almacenamiento y transporte en todo el mundo. En nuestra tienda en l\u00ednea puedes comprar contenedores nuevos y usados. O alquilar un contenedor con un poco de experiencia. \u00a1Organiza tu contenedor ahora!<\/p>","protected":false},"excerpt":{"rendered":"<h2 class=\"product-detail-intro__title\">Dimensiones<\/h2>\n<table class=\"product-detail-intro__table\">\n<thead>\n<tr>\n<th><\/th>\n<th>Tama\u00f1o externo<\/th>\n<th>Tama\u00f1o interno<\/th>\n<\/tr>\n<\/thead>\n<tbody>\n<tr>\n<th>Longitud<\/th>\n<td>6036 mm<\/td>\n<td>5898 mm<\/td>\n<\/tr>\n<tr>\n<th>Anchura<\/th>\n<td>2438 mm<\/td>\n<td>2362 mm<\/td>\n<\/tr>\n<tr>\n<th>Altura<\/th>\n<td>2591 mm<\/td>\n<td>2393 mm<\/td>\n<\/tr>\n<\/tbody>\n<tfoot>\n<tr>\n<th>Tara<\/th>\n<th>Max. capacidad de carga<\/th>\n<th>Max. peso<\/th>\n<\/tr>\n<tr>\n<td>1970 kg<\/td>\n<td>28510 kg<\/td>\n<td>30480 kg<\/td>\n<\/tr>\n<\/tfoot>\n<\/table>","protected":false},"featured_media":7809,"comment_status":"open","ping_status":"closed","template":"","meta":[],"product_brand":[],"product_cat":[15],"product_tag":[],"class_list":{"0":"post-7808","1":"product","2":"type-product","3":"status-publish","4":"has-post-thumbnail","6":"product_cat-niet-geclassificeerd","8":"first","9":"instock","10":"taxable","11":"shipping-taxable","12":"purchasable","13":"product-type-simple"},"_links":{"self":[{"href":"https:\/\/cabashippinginternational.com\/en\/wp-json\/wp\/v2\/product\/7808","targetHints":{"allow":["GET"]}}],"collection":[{"href":"https:\/\/cabashippinginternational.com\/en\/wp-json\/wp\/v2\/product"}],"about":[{"href":"https:\/\/cabashippinginternational.com\/en\/wp-json\/wp\/v2\/types\/product"}],"replies":[{"embeddable":true,"href":"https:\/\/cabashippinginternational.com\/en\/wp-json\/wp\/v2\/comments?post=7808"}],"wp:featuredmedia":[{"embeddable":true,"href":"https:\/\/cabashippinginternational.com\/en\/wp-json\/wp\/v2\/media\/7809"}],"wp:attachment":[{"href":"https:\/\/cabashippinginternational.com\/en\/wp-json\/wp\/v2\/media?parent=7808"}],"wp:term":[{"taxonomy":"product_brand","embeddable":true,"href":"https:\/\/cabashippinginternational.com\/en\/wp-json\/wp\/v2\/product_brand?post=7808"},{"taxonomy":"product_cat","embeddable":true,"href":"https:\/\/cabashippinginternational.com\/en\/wp-json\/wp\/v2\/product_cat?post=7808"},{"taxonomy":"product_tag","embeddable":true,"href":"https:\/\/cabashippinginternational.com\/en\/wp-json\/wp\/v2\/product_tag?post=7808"}],"curies":[{"name":"wp","href":"https:\/\/api.w.org\/{rel}","templated":true}]}}