{"id":7804,"date":"2026-02-09T20:39:45","date_gmt":"2026-02-09T20:39:45","guid":{"rendered":"https:\/\/elektronica-aanhangers-houten.nl\/?post_type=product&#038;p=7804"},"modified":"2026-02-22T03:08:04","modified_gmt":"2026-02-22T03:08:04","slug":"40ft-high-cube","status":"publish","type":"product","link":"https:\/\/cabashippinginternational.com\/en\/produit\/40ft-high-cube\/","title":{"rendered":"40 pies de alto cubo"},"content":{"rendered":"<h2 class=\"product-detail-intro__title\">Contenedor High Cube de 40 pies<\/h2>\n<p><strong>Contenedor high cube de 40 pies usado<\/strong><br \/>\nNuestro contenedor high cube de 40 pies tiene ese poco extra. Debido a que es tan espacioso, es pr\u00e1ctico y tambi\u00e9n te brinda un poco de tranquilidad. Despu\u00e9s de todo, es agradable no tener que preocuparte por si tu carga cabe en tu contenedor. En este contenedor que cumple con las normas ISO y que adem\u00e1s tiene un certificado CSC, puedes confiar. Ese poco extra: por eso es tan popular. \u00bfTambi\u00e9n quieres comprar o alquilar un contenedor high cube de 40 pies? Tenemos contenedores nuevos y usados a la venta, y contenedores con algo de experiencia en alquiler. Date un capricho en nuestra tienda en l\u00ednea.<\/p>","protected":false},"excerpt":{"rendered":"<h2 class=\"product-detail-intro__title\">Especificaciones<\/h2>\n<div class=\"product-detail-intro__list\">\n<ul>\n<li>Certificado ISO<\/li>\n<li>Certificado CSC<\/li>\n<li>Resistente al viento y al agua<\/li>\n<li>Apto para carga<\/li>\n<li>Piso de madera<\/li>\n<li>\n<h2 class=\"product-detail-intro__title\">Dimensiones<\/h2>\n<table class=\"product-detail-intro__table\">\n<thead>\n<tr>\n<th><\/th>\n<th>Tama\u00f1o externo<\/th>\n<th>Tama\u00f1o interno<\/th>\n<\/tr>\n<\/thead>\n<tbody>\n<tr>\n<th>Longitud<\/th>\n<td>12192 mm<\/td>\n<td>12034 mm<\/td>\n<\/tr>\n<tr>\n<th>Anchura<\/th>\n<td>2438 mm<\/td>\n<td>2352 mm<\/td>\n<\/tr>\n<tr>\n<th>Altura<\/th>\n<td>2896 mm<\/td>\n<td>2698 mm<\/td>\n<\/tr>\n<\/tbody>\n<tfoot>\n<tr>\n<th>Tara<\/th>\n<th>Capacidad m\u00e1xima de carga<\/th>\n<th>Peso m\u00e1ximo<\/th>\n<\/tr>\n<tr>\n<td>3940 kg<\/td>\n<td>26540 kg<\/td>\n<td>30480 kg<\/td>\n<\/tr>\n<\/tfoot>\n<\/table>\n<\/li>\n<\/ul>\n<\/div>","protected":false},"featured_media":7805,"comment_status":"open","ping_status":"closed","template":"","meta":[],"product_brand":[],"product_cat":[15],"product_tag":[],"class_list":{"0":"post-7804","1":"product","2":"type-product","3":"status-publish","4":"has-post-thumbnail","6":"product_cat-niet-geclassificeerd","8":"first","9":"instock","10":"taxable","11":"shipping-taxable","12":"purchasable","13":"product-type-simple"},"_links":{"self":[{"href":"https:\/\/cabashippinginternational.com\/en\/wp-json\/wp\/v2\/product\/7804","targetHints":{"allow":["GET"]}}],"collection":[{"href":"https:\/\/cabashippinginternational.com\/en\/wp-json\/wp\/v2\/product"}],"about":[{"href":"https:\/\/cabashippinginternational.com\/en\/wp-json\/wp\/v2\/types\/product"}],"replies":[{"embeddable":true,"href":"https:\/\/cabashippinginternational.com\/en\/wp-json\/wp\/v2\/comments?post=7804"}],"wp:featuredmedia":[{"embeddable":true,"href":"https:\/\/cabashippinginternational.com\/en\/wp-json\/wp\/v2\/media\/7805"}],"wp:attachment":[{"href":"https:\/\/cabashippinginternational.com\/en\/wp-json\/wp\/v2\/media?parent=7804"}],"wp:term":[{"taxonomy":"product_brand","embeddable":true,"href":"https:\/\/cabashippinginternational.com\/en\/wp-json\/wp\/v2\/product_brand?post=7804"},{"taxonomy":"product_cat","embeddable":true,"href":"https:\/\/cabashippinginternational.com\/en\/wp-json\/wp\/v2\/product_cat?post=7804"},{"taxonomy":"product_tag","embeddable":true,"href":"https:\/\/cabashippinginternational.com\/en\/wp-json\/wp\/v2\/product_tag?post=7804"}],"curies":[{"name":"wp","href":"https:\/\/api.w.org\/{rel}","templated":true}]}}