{"id":7801,"date":"2026-02-09T17:35:58","date_gmt":"2026-02-09T17:35:58","guid":{"rendered":"https:\/\/elektronica-aanhangers-houten.nl\/?post_type=product&#038;p=7801"},"modified":"2026-02-22T03:08:17","modified_gmt":"2026-02-22T03:08:17","slug":"disselstapelaar-pramac","status":"publish","type":"product","link":"https:\/\/cabashippinginternational.com\/en\/produit\/disselstapelaar-pramac\/","title":{"rendered":"Diselstapelaar \u2013 Pramac"},"content":{"rendered":"<p>telescoopmast, capacidad de elevaci\u00f3n 1200 kg<\/p>\n<p>90 \u2013 2500mm&#8230;.7480 euros<\/p>\n<div class=\"box-border mb-[8px] mr-[8px] last:mr-0\"><button class=\"inline-block relative border rounded box-border min-w-[45px] p-2 bg-white border-kk-cool-grey hover:bg-kk-blue-200\" data-test-id=\"clickmap-filter-value-id\" data-is-available=\"false\" data-is-selected=\"false\" data-is-disabled=\"false\" data-is-highlighted=\"false\" aria-pressed=\"false\"><span class=\"m-px inline-block\">90 \u2013 2900mm&#8230;&#8230;..8100 euros <\/span><\/button><\/div>\n<div class=\"box-border mb-[8px] mr-[8px] last:mr-0\"><button class=\"inline-block relative rounded box-border min-w-[45px] p-2 border-2 font-bold bg-white hover:bg-kk-blue-200 border-kk-blue text-kk-blue\" data-test-id=\"clickmap-filter-value-id\" data-is-available=\"false\" data-is-selected=\"true\" data-is-disabled=\"false\" data-is-highlighted=\"false\" aria-pressed=\"true\"><span class=\"inline-block m-0\">90 \u2013 3500mm&#8230;&#8230;&#8230;9280euros <\/span><\/button><\/div>\n<p>Indique cu\u00e1l necesita.<\/p>\n<p>&nbsp;<\/p>\n<div class=\"mb-2 lg:mb-3\">\n<div id=\"technicalData\" class=\"font-bold normal-case text-3xl text-black _2_zhpAfjEBu-1rUfnbjuQi  \" role=\"heading\" data-test-id=\"product-technical-data-header\" aria-level=\"2\">Datos t\u00e9cnicos<\/div>\n<\/div>\n<div class=\"pt-1\" data-test-id=\"product-technical-data-body\">\n<table class=\"table-auto w-full\">\n<tbody>\n<tr class=\"flex flex-row border-b leading-[19px] border-kk-cool-grey\">\n<th class=\"flex flex-1 items-center p-2 font-bold basis-1\/3 shrink-0 grow-0\">Capacidad de carga<\/th>\n","protected":false},"excerpt":{"rendered":"<div class=\"styled-list-container _2HREgKslueaARI-U21snnr\" data-test-id=\"product-description\">\n<div class=\"_1MkxNefptZewb61IApId0y\" data-test-id=\"html-to-react-id\"><b>El ancho del aparato corresponde al ancho del pal\u00e9 de 800 mm \u2013 ideal para pasillos estrechos y entradas de almacenes de pal\u00e9s.<\/b><br \/>\nGeneraci\u00f3n de aparatos completamente nueva. Desarrollada para una larga vida \u00fatil con costos de mantenimiento relativamente bajos.<br \/>\nControl MOS-FET que ahorra energ\u00eda con regulaci\u00f3n de velocidad de conducci\u00f3n proporcional. Velocidad de marcha lenta con el tim\u00f3n en posici\u00f3n vertical posible en espacios peque\u00f1os.<br \/>\nRobusta estructura de acero que rodea el aparato para protecci\u00f3n en caso de colisiones.<br \/>\nUnidad de accionamiento f\u00e1cilmente accesible desde la parte superior tras retirar el revestimiento de pl\u00e1stico. La m\u00e1quina no necesita ser levantada.<br \/>\nPantalla multifuncional para horas de operaci\u00f3n, estado de la bater\u00eda e indicaci\u00f3n de carga.<br \/>\nLos aparatos cumplen completamente con los requisitos de la directiva 2006\/42\/CE. Declaraci\u00f3n de conformidad CE.<br \/>\nCon bocina, bot\u00f3n de parada de emergencia y protecci\u00f3n para los pies alrededor.<br \/>\nBater\u00edas AGM sin mantenimiento que proporcionan una duraci\u00f3n de uso de aproximadamente 3 horas.<\/p>\n<p><b>Interruptor de seguridad con elementos de control al alcance de la mano<\/b><br \/>\nTodas las funciones se pueden controlar desde el interruptor de conducci\u00f3n. Conducci\u00f3n controlada, sin escalonamientos hacia adelante o hacia atr\u00e1s y parada. Interruptor de v\u00e1lvula.<\/p>","protected":false},"featured_media":7802,"comment_status":"open","ping_status":"closed","template":"","meta":[],"product_brand":[],"product_cat":[15],"product_tag":[],"class_list":{"0":"post-7801","1":"product","2":"type-product","3":"status-publish","4":"has-post-thumbnail","6":"product_cat-niet-geclassificeerd","8":"first","9":"instock","10":"taxable","11":"shipping-taxable","12":"purchasable","13":"product-type-simple"},"_links":{"self":[{"href":"https:\/\/cabashippinginternational.com\/en\/wp-json\/wp\/v2\/product\/7801","targetHints":{"allow":["GET"]}}],"collection":[{"href":"https:\/\/cabashippinginternational.com\/en\/wp-json\/wp\/v2\/product"}],"about":[{"href":"https:\/\/cabashippinginternational.com\/en\/wp-json\/wp\/v2\/types\/product"}],"replies":[{"embeddable":true,"href":"https:\/\/cabashippinginternational.com\/en\/wp-json\/wp\/v2\/comments?post=7801"}],"wp:featuredmedia":[{"embeddable":true,"href":"https:\/\/cabashippinginternational.com\/en\/wp-json\/wp\/v2\/media\/7802"}],"wp:attachment":[{"href":"https:\/\/cabashippinginternational.com\/en\/wp-json\/wp\/v2\/media?parent=7801"}],"wp:term":[{"taxonomy":"product_brand","embeddable":true,"href":"https:\/\/cabashippinginternational.com\/en\/wp-json\/wp\/v2\/product_brand?post=7801"},{"taxonomy":"product_cat","embeddable":true,"href":"https:\/\/cabashippinginternational.com\/en\/wp-json\/wp\/v2\/product_cat?post=7801"},{"taxonomy":"product_tag","embeddable":true,"href":"https:\/\/cabashippinginternational.com\/en\/wp-json\/wp\/v2\/product_tag?post=7801"}],"curies":[{"name":"wp","href":"https:\/\/api.w.org\/{rel}","templated":true}]}}