{"id":7797,"date":"2026-02-09T17:23:38","date_gmt":"2026-02-09T17:23:38","guid":{"rendered":"https:\/\/elektronica-aanhangers-houten.nl\/?post_type=product&#038;p=7797"},"modified":"2026-02-22T03:08:37","modified_gmt":"2026-02-22T03:08:37","slug":"semi-elektrische-disselstapelaar-2","status":"publish","type":"product","link":"https:\/\/cabashippinginternational.com\/en\/produit\/semi-elektrische-disselstapelaar-2\/","title":{"rendered":"Transpaleta di\u00e9sel semi-el\u00e9ctrica"},"content":{"rendered":"<div class=\"mb-2 lg:mb-3\">\n<div id=\"technicalData\" class=\"font-bold normal-case text-3xl text-black _2_zhpAfjEBu-1rUfnbjuQi  \" role=\"heading\" data-test-id=\"product-technical-data-header\" aria-level=\"2\">Datos t\u00e9cnicos<\/div>\n<\/div>\n<div class=\"pt-1\" data-test-id=\"product-technical-data-body\">\n<table class=\"table-auto w-full\">\n<tbody>\n<tr class=\"flex flex-row border-b leading-[19px] border-kk-cool-grey\">\n<th class=\"flex flex-1 items-center p-2 font-bold basis-1\/3 shrink-0 grow-0\">Capacidad de carga<\/th>\n<td class=\"flex flex-1 p-2 flex-col items-start\"><span class=\"_1MkxNefptZewb61IApId0y\" data-test-id=\"html-to-react-id\">1200<\/span> kg<\/td>\n<\/tr>\n<tr class=\"flex flex-row border-b leading-[19px] border-kk-cool-grey\">\n<th class=\"flex flex-1 items-center p-2 font-bold basis-1\/3 shrink-0 grow-0\">Longitud de la horquilla<\/th>\n<td class=\"flex flex-1 p-2 flex-col items-start\"><span class=\"_1MkxNefptZewb61IApId0y\" data-test-id=\"html-to-react-id\">1150<\/span> mm<\/td>\n<\/tr>\n<tr class=\"flex flex-row border-b leading-[19px] border-kk-cool-grey\">\n<th class=\"flex flex-1 items-center p-2 font-bold basis-1\/3 shrink-0 grow-0\">Ancho de la horquilla<\/th>\n<td class=\"flex flex-1 p-2 flex-col items-start\"><span class=\"_1MkxNefptZewb61IApId0y\" data-test-id=\"html-to-react-id\">170<\/span> mm<\/td>\n<\/tr>\n<tr class=\"flex flex-row border-b leading-[19px] border-kk-cool-grey\">\n<th class=\"flex flex-1 items-center p-2 font-bold basis-1\/3 shrink-0 grow-0\">Ancho de carga<\/th>\n<td class=\"flex flex-1 p-2 flex-col ite \n\n","protected":false},"excerpt":{"rendered":"<section>\n<h1 class=\"font-bold text-2xl m-0 normal-case text-black _2_zhpAfjEBu-1rUfnbjuQi  \" data-test-id=\"product-heading-id\"><span class=\"block mt-2 text-base font-bold\">capacidad de carga 1200 kg<\/span><\/h1>\n<\/section>\n<section>\n<div class=\"mt-1\" data-hydration-id=\"PDPRating\">altura de elevaci\u00f3n 3000 mm<\/div>\n<div data-hydration-id=\"PDPRating\">\n<ul>\n<li>Elevaci\u00f3n el\u00e9ctrica \u2013 movimiento manual<\/li>\n<li>Elevaci\u00f3n potente<\/li>\n<li>Bater\u00eda fuerte<\/li>\n<li>Operaci\u00f3n sencilla<\/li>\n<li>Cambio de direcci\u00f3n ligero<\/li>\n<li>Con v\u00e1lvula de seguridad<\/li>\n<li>\n<div class=\"flex [&amp;&gt;section]:w-full\">\n<section>\n<div class=\"w-full\" data-hydration-id=\"PDPProductDescription\">\n<div data-test-id=\"current-children\" data-section-navigation-name=\"productDescription\" data-scroll-to-element-pdp=\"productDescription\">\n<div class=\"pt-3 lg:pt-5 w-full\">\n<div class=\"pt-1\" data-test-id=\"product-description-body\">\n<div class=\"styled-list-container _2HREgKslueaARI-U21snnr\" data-test-id=\"product-description\">\n<div class=\"_1MkxNefptZewb61IApId0y\" data-test-id=\"html-to-react-id\">El apilador el\u00e9ctrico de remolque se caracteriza por la elevaci\u00f3n hidr\u00e1ulica el\u00e9ctrica de la carga. El procedimiento se lleva a cabo tirando del remolque o empujando las dos fuertes asas de empuje. Este es, por lo tanto, un producto ideal para la carga y descarga ocasional de veh\u00edculos comerciales y para el almacenamiento y desalojo en almacenes donde se trata de distancias m\u00e1s cortas. Capacidad de elevaci\u00f3n 1500 k<\/p>\n","protected":false},"featured_media":7793,"comment_status":"open","ping_status":"closed","template":"","meta":[],"product_brand":[],"product_cat":[15],"product_tag":[],"class_list":{"0":"post-7797","1":"product","2":"type-product","3":"status-publish","4":"has-post-thumbnail","6":"product_cat-niet-geclassificeerd","8":"first","9":"instock","10":"taxable","11":"shipping-taxable","12":"purchasable","13":"product-type-simple"},"_links":{"self":[{"href":"https:\/\/cabashippinginternational.com\/en\/wp-json\/wp\/v2\/product\/7797","targetHints":{"allow":["GET"]}}],"collection":[{"href":"https:\/\/cabashippinginternational.com\/en\/wp-json\/wp\/v2\/product"}],"about":[{"href":"https:\/\/cabashippinginternational.com\/en\/wp-json\/wp\/v2\/types\/product"}],"replies":[{"embeddable":true,"href":"https:\/\/cabashippinginternational.com\/en\/wp-json\/wp\/v2\/comments?post=7797"}],"wp:featuredmedia":[{"embeddable":true,"href":"https:\/\/cabashippinginternational.com\/en\/wp-json\/wp\/v2\/media\/7793"}],"wp:attachment":[{"href":"https:\/\/cabashippinginternational.com\/en\/wp-json\/wp\/v2\/media?parent=7797"}],"wp:term":[{"taxonomy":"product_brand","embeddable":true,"href":"https:\/\/cabashippinginternational.com\/en\/wp-json\/wp\/v2\/product_brand?post=7797"},{"taxonomy":"product_cat","embeddable":true,"href":"https:\/\/cabashippinginternational.com\/en\/wp-json\/wp\/v2\/product_cat?post=7797"},{"taxonomy":"product_tag","embeddable":true,"href":"https:\/\/cabashippinginternational.com\/en\/wp-json\/wp\/v2\/product_tag?post=7797"}],"curies":[{"name":"wp","href":"https:\/\/api.w.org\/{rel}","templated":true}]}}