{"id":7792,"date":"2026-02-09T17:03:00","date_gmt":"2026-02-09T17:03:00","guid":{"rendered":"https:\/\/elektronica-aanhangers-houten.nl\/?post_type=product&#038;p=7792"},"modified":"2026-02-22T03:08:50","modified_gmt":"2026-02-22T03:08:50","slug":"semi-elektrische-disselstapelaar","status":"publish","type":"product","link":"https:\/\/cabashippinginternational.com\/en\/produit\/semi-elektrische-disselstapelaar\/","title":{"rendered":"Transpaleta di\u00e9sel semi-el\u00e9ctrica"},"content":{"rendered":"<table class=\"table-auto w-full\">\n<tbody>\n<tr class=\"flex flex-row border-b leading-[19px] border-kk-cool-grey\">\n<th class=\"flex flex-1 items-center p-2 font-bold basis-1\/3 shrink-0 grow-0\">Capacidad de carga<\/th>\n<td class=\"flex flex-1 p-2 flex-col items-start\"><span class=\"_1MkxNefptZewb61IApId0y\" data-test-id=\"html-to-react-id\">1200<\/span> kg<\/td>\n<\/tr>\n<tr class=\"flex flex-row border-b leading-[19px] border-kk-cool-grey\">\n<th class=\"flex flex-1 items-center p-2 font-bold basis-1\/3 shrink-0 grow-0\">Longitud de la horquilla<\/th>\n<td class=\"flex flex-1 p-2 flex-col items-start\"><span class=\"_1MkxNefptZewb61IApId0y\" data-test-id=\"html-to-react-id\">1150<\/span> mm<\/td>\n<\/tr>\n<tr class=\"flex flex-row border-b leading-[19px] border-kk-cool-grey\">\n<th class=\"flex flex-1 items-center p-2 font-bold basis-1\/3 shrink-0 grow-0\">Ancho de la horquilla<\/th>\n<td class=\"flex flex-1 p-2 flex-col items-start\"><span class=\"_1MkxNefptZewb61IApId0y\" data-test-id=\"html-to-react-id\">170<\/span> mm<\/td>\n<\/tr>\n<tr class=\"flex flex-row border-b leading-[19px] border-kk-cool-grey\">\n<th class=\"flex flex-1 items-center p-2 font-bold basis-1\/3 shrink-0 grow-0\">Ancho de carga<\/th>\n<td class=\"flex flex-1 p-2 flex-col items-start\"><span class=\"_1MkxNefptZewb61IApId0y\" data-test-id=\"html-to-react-id\">570<\/span> mm<\/td>\n<\/tr>\n<tr class=\"flex flex-row border-b leading-[19px] border-kk-cool-grey\">\n<th class=\"flex flex-1 items-center p-2 font-bold basis-1\/3 shrink-0 grow-0\">Longitud<\/th>\n<td c \n\n","protected":false},"excerpt":{"rendered":"<p>El transpaleta de remolque el\u00e9ctrico se caracteriza por el levantamiento el\u00e9ctrico e hidr\u00e1ulico de la carga. El procedimiento se realiza tirando del remolque o empujando las dos robustas asas de empuje. Este es, por lo tanto, un producto ideal para la carga y descarga ocasional de veh\u00edculos comerciales y para la entrada y salida en almacenes donde se trata de distancias m\u00e1s cortas. Capacidad de elevaci\u00f3n de 1500 kg, bater\u00eda de 125 Ah con potente cargador externo de 10 A. Alturas de elevaci\u00f3n de hasta 3000 mm. El remolque est\u00e1 conectado a las ruedas giratorias mediante una cadena. Ventaja: f\u00e1cil cambio de direcci\u00f3n. Bloqueo central del pie para una posici\u00f3n firme. La v\u00e1lvula de seguridad evita que el tenedor caiga en caso de un error. Protecci\u00f3n contra sobrecarga y descarga profunda de la bater\u00eda que prolonga la vida \u00fatil.<\/p>","protected":false},"featured_media":7793,"comment_status":"open","ping_status":"closed","template":"","meta":[],"product_brand":[],"product_cat":[15],"product_tag":[],"class_list":{"0":"post-7792","1":"product","2":"type-product","3":"status-publish","4":"has-post-thumbnail","6":"product_cat-niet-geclassificeerd","8":"first","9":"instock","10":"taxable","11":"shipping-taxable","12":"purchasable","13":"product-type-simple"},"_links":{"self":[{"href":"https:\/\/cabashippinginternational.com\/en\/wp-json\/wp\/v2\/product\/7792","targetHints":{"allow":["GET"]}}],"collection":[{"href":"https:\/\/cabashippinginternational.com\/en\/wp-json\/wp\/v2\/product"}],"about":[{"href":"https:\/\/cabashippinginternational.com\/en\/wp-json\/wp\/v2\/types\/product"}],"replies":[{"embeddable":true,"href":"https:\/\/cabashippinginternational.com\/en\/wp-json\/wp\/v2\/comments?post=7792"}],"wp:featuredmedia":[{"embeddable":true,"href":"https:\/\/cabashippinginternational.com\/en\/wp-json\/wp\/v2\/media\/7793"}],"wp:attachment":[{"href":"https:\/\/cabashippinginternational.com\/en\/wp-json\/wp\/v2\/media?parent=7792"}],"wp:term":[{"taxonomy":"product_brand","embeddable":true,"href":"https:\/\/cabashippinginternational.com\/en\/wp-json\/wp\/v2\/product_brand?post=7792"},{"taxonomy":"product_cat","embeddable":true,"href":"https:\/\/cabashippinginternational.com\/en\/wp-json\/wp\/v2\/product_cat?post=7792"},{"taxonomy":"product_tag","embeddable":true,"href":"https:\/\/cabashippinginternational.com\/en\/wp-json\/wp\/v2\/product_tag?post=7792"}],"curies":[{"name":"wp","href":"https:\/\/api.w.org\/{rel}","templated":true}]}}