{"id":7784,"date":"2026-02-09T16:44:53","date_gmt":"2026-02-09T16:44:53","guid":{"rendered":"https:\/\/elektronica-aanhangers-houten.nl\/?post_type=product&#038;p=7784"},"modified":"2026-02-22T03:09:08","modified_gmt":"2026-02-22T03:09:08","slug":"koude-geisoleerde-opslagcontainer-voor-gevaarlijke-stoffen-lacont-2","status":"publish","type":"product","link":"https:\/\/cabashippinginternational.com\/en\/produit\/koude-geisoleerde-opslagcontainer-voor-gevaarlijke-stoffen-lacont-2\/","title":{"rendered":"Contenedor de almacenamiento aislado en fr\u00edo para sustancias peligrosas \u2013 LaCont"},"content":{"rendered":"<div class=\"styled-list-container _2HREgKslueaARI-U21snnr\" data-test-id=\"product-description\">\n<div class=\"_1MkxNefptZewb61IApId0y\" data-test-id=\"html-to-react-id\"><b>Para almacenamiento exterior a prueba de heladas, flexible y m\u00f3vil de sustancias peligrosas sensibles a la temperatura seg\u00fan las regulaciones.<\/b><\/p>\n<p>Elementos de pared y techo de acero perfilado galvanizado, especialmente estables.<br \/>\nPerfiles de marco de techo y suelo reforzados, pantallas contra salpicaduras alrededor (excepto en las puertas).<br \/>\nAberturas de ventilaci\u00f3n protegidas en las puertas y en la pared trasera.<br \/>\nPared exterior adicional pintada en azul cielo RAL 5015 por un costo adicional \u2013 otros colores disponibles bajo pedido.<\/p>\n<p>Carga de nieve conforme a DIN EN 1055.<\/p>\n<p>Puerta de doble ala con cerradura de seguridad.<br \/>\nTama\u00f1o y posici\u00f3n de la puerta ver dibujo t\u00e9cnico. Otra colocaci\u00f3n disponible bajo pedido.<\/p>\n<p><b>Atenci\u00f3n:<\/b><br \/>\nEl lugar de descarga debe ser accesible por cami\u00f3n.<br \/>\nSe necesita una gr\u00faa o un apilador para la descarga. Si no est\u00e1 disponible, pedir la descarga mediante gr\u00faa\/apilador junto con los accesorios.<\/div>\n<\/div>\n<div class=\"_1-Krj4iX1RqBRG8sjUjNpC\" data-test-id=\"product-description-info-texts\">\n<div class=\"_1MkxNefptZewb61IApId0y\" data-test-id=\"html-to-react-id\"><b>Otras versiones como contenedores con control clim\u00e1tico y contenedores ign\u00edfugos disponibles bajo pedido.<\/b><\/div>\n<div class=\"_1MkxNefptZewb61IApId0y\" data-test-id=\"html-to-react-id\"><b>Entrega montada.<\/b><\/div>","protected":false},"excerpt":{"rendered":"<ul>\n<li>Contenedores aislados t\u00e9rmicamente protegen l\u00edquidos valiosos contra heladas y bajas temperaturas<\/li>\n<li>Todas las paredes, el techo y las puertas revestidas por dentro con material aislante de 60 mm de grosor, no inflamable<\/li>\n<li>Calefacci\u00f3n (ver accesorios) dependiendo de la versi\u00f3n con calefacci\u00f3n de circulaci\u00f3n\/electrica no a prueba de explosiones o a prueba de explosiones<\/li>\n<li>Aislamiento opcional de la bandeja de recogida reduce la potencia de calefacci\u00f3n y los costos de calefacci\u00f3n<\/li>\n<li>Para almacenamiento exterior a prueba de heladas, flexible y m\u00f3vil de sustancias peligrosas sensibles a la temperatura seg\u00fan las regulaciones<\/li>\n<li>Permitido para l\u00edquidos contaminantes del agua en las categor\u00edas GHS 1 \u2013 4 y para l\u00edquidos inflamables en las categor\u00edas GHS 1 \u2013 3<\/li>\n<li>Fuerte construcci\u00f3n de acero galvanizado, bandeja de recogida integrada con rejilla<\/li>\n<li>Movible en estado vac\u00edo, con anillas de elevaci\u00f3n y apto para carretillas elevadoras<\/li>\n<li>Versi\u00f3n est\u00e1ndar con puerta de doble ala<\/li>\n<li>Con estanter\u00edas (ver accesorios) se puede utilizar como opci\u00f3n de almacenamiento accesible para peque\u00f1os envases<\/li>\n<li>Bandejas de recogida galvanizadas t\u00e9rmicamente con rejilla, capacidad de carga m\u00e1xima de 1000 kg\/m\u00b2 con carga uniformemente distribuida<\/li>\n<\/ul>","protected":false},"featured_media":7785,"comment_status":"open","ping_status":"closed","template":"","meta":[],"product_brand":[],"product_cat":[15],"product_tag":[],"class_list":{"0":"post-7784","1":"product","2":"type-product","3":"status-publish","4":"has-post-thumbnail","6":"product_cat-niet-geclassificeerd","8":"first","9":"instock","10":"taxable","11":"shipping-taxable","12":"purchasable","13":"product-type-simple"},"_links":{"self":[{"href":"https:\/\/cabashippinginternational.com\/en\/wp-json\/wp\/v2\/product\/7784","targetHints":{"allow":["GET"]}}],"collection":[{"href":"https:\/\/cabashippinginternational.com\/en\/wp-json\/wp\/v2\/product"}],"about":[{"href":"https:\/\/cabashippinginternational.com\/en\/wp-json\/wp\/v2\/types\/product"}],"replies":[{"embeddable":true,"href":"https:\/\/cabashippinginternational.com\/en\/wp-json\/wp\/v2\/comments?post=7784"}],"wp:featuredmedia":[{"embeddable":true,"href":"https:\/\/cabashippinginternational.com\/en\/wp-json\/wp\/v2\/media\/7785"}],"wp:attachment":[{"href":"https:\/\/cabashippinginternational.com\/en\/wp-json\/wp\/v2\/media?parent=7784"}],"wp:term":[{"taxonomy":"product_brand","embeddable":true,"href":"https:\/\/cabashippinginternational.com\/en\/wp-json\/wp\/v2\/product_brand?post=7784"},{"taxonomy":"product_cat","embeddable":true,"href":"https:\/\/cabashippinginternational.com\/en\/wp-json\/wp\/v2\/product_cat?post=7784"},{"taxonomy":"product_tag","embeddable":true,"href":"https:\/\/cabashippinginternational.com\/en\/wp-json\/wp\/v2\/product_tag?post=7784"}],"curies":[{"name":"wp","href":"https:\/\/api.w.org\/{rel}","templated":true}]}}