{"id":7780,"date":"2026-02-09T16:36:19","date_gmt":"2026-02-09T16:36:19","guid":{"rendered":"https:\/\/elektronica-aanhangers-houten.nl\/?post_type=product&#038;p=7780"},"modified":"2026-02-22T03:09:22","modified_gmt":"2026-02-22T03:09:22","slug":"koude-geisoleerde-opslagcontainer-voor-gevaarlijke-stoffen-lacont","status":"publish","type":"product","link":"https:\/\/cabashippinginternational.com\/en\/produit\/koude-geisoleerde-opslagcontainer-voor-gevaarlijke-stoffen-lacont\/","title":{"rendered":"Contenedor de almacenamiento aislado en fr\u00edo para sustancias peligrosas \u2013 LaCont"},"content":{"rendered":"<div class=\"mb-2 lg:mb-3\">\n<div id=\"productDescription\" class=\"font-bold normal-case text-3xl text-black _2_zhpAfjEBu-1rUfnbjuQi\" role=\"heading\" data-test-id=\"product-description-header\" aria-level=\"2\">Descripci\u00f3n del producto<\/div>\n<\/div>\n<div class=\"pt-1\" data-test-id=\"product-description-body\">\n<div class=\"styled-list-container _2HREgKslueaARI-U21snnr\" data-test-id=\"product-description\">\n<div class=\"_1MkxNefptZewb61IApId0y\" data-test-id=\"html-to-react-id\"><b>Para almacenamiento exterior a prueba de heladas, flexible y m\u00f3vil de sustancias peligrosas sensibles a la temperatura seg\u00fan las regulaciones.<\/b><\/p>\n<p>Elementos de pared y techo de acero laminado galvanizado, especialmente estables y perfilados.<br \/>\nPerfiles de marco de techo y suelo reforzados, pantallas contra salpicaduras alrededor (excepto en las puertas).<br \/>\nAberturas de ventilaci\u00f3n protegidas en las puertas y en la pared trasera.<br \/>\nPared exterior adicional pintada en azul cielo RAL 5015 por un costo adicional \u2013 otros colores disponibles bajo pedido.<\/p>\n<p>Carga de nieve conforme a DIN EN 1055.<\/p>\n<p>Puerta de doble ala con cerradura de seguridad.<br \/>\nTama\u00f1o y posici\u00f3n de la puerta ver dibujo t\u00e9cnico. Otra colocaci\u00f3n disponible bajo pedido.<\/p>\n<p><b>Atenci\u00f3n:<\/b><br \/>\nEl lugar de descarga debe ser accesible por un cami\u00f3n.<br \/>\nSe necesita una gr\u00faa o un apilador para la descarga. Si no est\u00e1 disponible, pedir la descarga mediante gr\u00faa\/apilador junto con los accesorios.<\/div>\n<\/div>\n<div","protected":false},"excerpt":{"rendered":"<div class=\"hidden md:block\">\n<section>\n<h1 class=\"font-bold text-2xl m-0 normal-case text-black _2_zhpAfjEBu-1rUfnbjuQi  \" data-test-id=\"product-heading-id\"><span class=\"block mt-2 text-base font-bold\">dimensiones externas h x b x d = 2385 x 2075 x 1075 mm<\/span><\/h1>\n<\/section>\n<section>\n<div class=\"mt-1\" data-hydration-id=\"PDPRating\"><\/div>\n<\/section>\n<section>\n<div class=\"contents\" data-hydration-id=\"VariantName-desktop\">\n<div class=\"hidden sm:block\">\n<h2 class=\"font-bold normal-case mt-2 text-base font-roboto-regular text-black _2_zhpAfjEBu-1rUfnbjuQi  \" data-test-id=\"product-variant-description-id\">volumen de recepci\u00f3n 300 l<\/h2>\n<\/div>\n<\/div>\n<\/section>\n<\/div>\n<div class=\"hidden sm:block\" data-hydration-id=\"PDPFloorTilesCalculator-desktop\"><\/div>\n<div class=\"sm:block hidden\" data-hydration-id=\"PDPClickMap-desktop\">\n<div data-test-id=\"current-children\" data-section-navigation-name=\"clickMap\" data-scroll-to-element-pdp=\"clickMap\"><\/div>\n<\/div>\n<section>\n<div data-hydration-id=\"PDPShortDescription\">\n<div class=\"bg-white min-h-[200px] overflow-hidden styled-list-container hidden md:block eqdmSoIcNkPoVwJbHVv9m\" data-test-id=\"product-shortDescription-id\">\n<ul>\n<li>Contenedores aislados t\u00e9rmicamente protegen l\u00edquidos valiosos contra heladas y bajas temperaturas<\/li>\n<li>Todas las paredes, el techo y las puertas revestidas por dentro con material aislante no inflamable de 60 mm de grosor<\/li>\n<li>Calefacci\u00f3n (ver accesorios) dependiendo de la versi\u00f3n con protecci\u00f3n contra ex<br \/>\n","protected":false},"featured_media":7781,"comment_status":"open","ping_status":"closed","template":"","meta":[],"product_brand":[],"product_cat":[15],"product_tag":[],"class_list":{"0":"post-7780","1":"product","2":"type-product","3":"status-publish","4":"has-post-thumbnail","6":"product_cat-niet-geclassificeerd","8":"first","9":"instock","10":"taxable","11":"shipping-taxable","12":"purchasable","13":"product-type-simple"},"_links":{"self":[{"href":"https:\/\/cabashippinginternational.com\/en\/wp-json\/wp\/v2\/product\/7780","targetHints":{"allow":["GET"]}}],"collection":[{"href":"https:\/\/cabashippinginternational.com\/en\/wp-json\/wp\/v2\/product"}],"about":[{"href":"https:\/\/cabashippinginternational.com\/en\/wp-json\/wp\/v2\/types\/product"}],"replies":[{"embeddable":true,"href":"https:\/\/cabashippinginternational.com\/en\/wp-json\/wp\/v2\/comments?post=7780"}],"wp:featuredmedia":[{"embeddable":true,"href":"https:\/\/cabashippinginternational.com\/en\/wp-json\/wp\/v2\/media\/7781"}],"wp:attachment":[{"href":"https:\/\/cabashippinginternational.com\/en\/wp-json\/wp\/v2\/media?parent=7780"}],"wp:term":[{"taxonomy":"product_brand","embeddable":true,"href":"https:\/\/cabashippinginternational.com\/en\/wp-json\/wp\/v2\/product_brand?post=7780"},{"taxonomy":"product_cat","embeddable":true,"href":"https:\/\/cabashippinginternational.com\/en\/wp-json\/wp\/v2\/product_cat?post=7780"},{"taxonomy":"product_tag","embeddable":true,"href":"https:\/\/cabashippinginternational.com\/en\/wp-json\/wp\/v2\/product_tag?post=7780"}],"curies":[{"name":"wp","href":"https:\/\/api.w.org\/{rel}","templated":true}]}}