{"id":7774,"date":"2026-02-08T22:51:29","date_gmt":"2026-02-08T22:51:29","guid":{"rendered":"https:\/\/elektronica-aanhangers-houten.nl\/?post_type=product&#038;p=7774"},"modified":"2026-02-22T03:09:36","modified_gmt":"2026-02-22T03:09:36","slug":"anker-solix-f3800-3840wh-powerbank","status":"publish","type":"product","link":"https:\/\/cabashippinginternational.com\/en\/produit\/anker-solix-f3800-3840wh-powerbank\/","title":{"rendered":"ANKER SOLIX F3800 3840Wh Powerbank"},"content":{"rendered":"<section aria-label=\"Descripci\u00f3n del producto\" data-test=\"pdp-description-content\">\n<h2 class=\"sc-94eb08bc-0 kpOntF\">Descripci\u00f3n del producto<\/h2>\n<div class=\"sc-7a3d3d50-0 loCddN\" aria-hidden=\"true\"><\/div>\n<div id=\"description-content\" class=\"sc-b7f79d2b-5 dRVYzN\">\n<div class=\"sc-94eb08bc-0 cIXvrS sc-1a48c2c6-0 jOcUQa\" data-test=\"pdp-description-pim-fallback\">\n<p>La central el\u00e9ctrica m\u00f3vil Anker Solix F3800 es un sistema de almacenamiento de energ\u00eda modular que no solo te ayuda en situaciones de emergencia en casa, sino que tambi\u00e9n proporciona energ\u00eda para el trabajo, veh\u00edculos el\u00e9ctricos y autocaravanas. La Solix F3800 tiene una capacidad base de 3,84 kWh, que puedes ampliar hasta 26,9 kWh si a\u00f1ades bater\u00edas adicionales (se venden por separado). Tiene suficiente potencia para alimentar una variedad de electrodom\u00e9sticos. Tiene una potencia de salida de 6.000 W, lo que te permite conectar y usar varios dispositivos el\u00e9ctricos. Tambi\u00e9n puedes transportar f\u00e1cilmente el F3800 gracias a sus ruedas robustas y asas integradas en la parte superior e inferior, lo que facilita su transporte en tus aventuras fuera de la red. Por \u00faltimo, est\u00e1 equipado con un enchufe CEE para suministro de energ\u00eda en la autocaravana y puedes cargar tu veh\u00edculo el\u00e9ctrico conectando el cable de carga EV: \u00bfno es pr\u00e1ctico? El consumo se puede seguir y gestionar f\u00e1cilmente a trav\u00e9s de la aplicaci\u00f3n Anker en tu smartphone o tablet. Este modelo es seguro, f\u00e1cil de usar y ideal como respaldo para toda la fam<\/p>","protected":false},"excerpt":{"rendered":"<p>La central el\u00e9ctrica m\u00f3vil Anker Solix F3800 es un sistema de almacenamiento de energ\u00eda modular que no solo te ayuda en situaciones de emergencia en casa, sino que tambi\u00e9n proporciona energ\u00eda para el trabajo, veh\u00edculos el\u00e9ctricos y autocaravanas. La Solix F3800 tiene una capacidad base de 3,84 kWh, que puedes ampliar hasta 26,9 kWh si a\u00f1ades bater\u00edas adicionales (se venden por separado). Tiene suficiente potencia para alimentar una variedad de electrodom\u00e9sticos. Tiene una potencia de salida de 6,000 W, lo que te permite conectar y utilizar varios dispositivos el\u00e9ctricos. Tambi\u00e9n puedes transportar f\u00e1cilmente el F3800 gracias a sus ruedas robustas y asas integradas en la parte superior e inferior, lo que facilita su transporte en tus aventuras fuera de la red. Por \u00faltimo, est\u00e1 equipado con un enchufe CEE para suministro de energ\u00eda en la autocaravana y puedes cargar tu veh\u00edculo el\u00e9ctrico conectando el cable de carga EV: \u00bfpr\u00e1ctico, verdad? El consumo se puede seguir y gestionar f\u00e1cilmente a trav\u00e9s de la aplicaci\u00f3n Anker en tu smartphone o tablet. Este modelo es seguro, f\u00e1cil de usar y ideal como respaldo para toda la familia.<\/p>","protected":false},"featured_media":7775,"comment_status":"open","ping_status":"closed","template":"","meta":[],"product_brand":[],"product_cat":[15],"product_tag":[],"class_list":{"0":"post-7774","1":"product","2":"type-product","3":"status-publish","4":"has-post-thumbnail","6":"product_cat-niet-geclassificeerd","8":"first","9":"instock","10":"taxable","11":"shipping-taxable","12":"purchasable","13":"product-type-simple"},"_links":{"self":[{"href":"https:\/\/cabashippinginternational.com\/en\/wp-json\/wp\/v2\/product\/7774","targetHints":{"allow":["GET"]}}],"collection":[{"href":"https:\/\/cabashippinginternational.com\/en\/wp-json\/wp\/v2\/product"}],"about":[{"href":"https:\/\/cabashippinginternational.com\/en\/wp-json\/wp\/v2\/types\/product"}],"replies":[{"embeddable":true,"href":"https:\/\/cabashippinginternational.com\/en\/wp-json\/wp\/v2\/comments?post=7774"}],"wp:featuredmedia":[{"embeddable":true,"href":"https:\/\/cabashippinginternational.com\/en\/wp-json\/wp\/v2\/media\/7775"}],"wp:attachment":[{"href":"https:\/\/cabashippinginternational.com\/en\/wp-json\/wp\/v2\/media?parent=7774"}],"wp:term":[{"taxonomy":"product_brand","embeddable":true,"href":"https:\/\/cabashippinginternational.com\/en\/wp-json\/wp\/v2\/product_brand?post=7774"},{"taxonomy":"product_cat","embeddable":true,"href":"https:\/\/cabashippinginternational.com\/en\/wp-json\/wp\/v2\/product_cat?post=7774"},{"taxonomy":"product_tag","embeddable":true,"href":"https:\/\/cabashippinginternational.com\/en\/wp-json\/wp\/v2\/product_tag?post=7774"}],"curies":[{"name":"wp","href":"https:\/\/api.w.org\/{rel}","templated":true}]}}