{"id":7768,"date":"2026-02-08T22:20:49","date_gmt":"2026-02-08T22:20:49","guid":{"rendered":"https:\/\/elektronica-aanhangers-houten.nl\/?post_type=product&#038;p=7768"},"modified":"2026-02-22T03:09:53","modified_gmt":"2026-02-22T03:09:53","slug":"ecoflow-delta-pro-3-smart-eb-accu","status":"publish","type":"product","link":"https:\/\/cabashippinginternational.com\/en\/produit\/ecoflow-delta-pro-3-smart-eb-accu\/","title":{"rendered":"ECOFLOW DELTA Pro 3 Smart EB Bater\u00eda"},"content":{"rendered":"<section aria-label=\"Especificaciones\" data-test=\"pdp-features-content\">\n<div id=\"features-content\" class=\"sc-b7f79d2b-5 dRVYzN\">\n<div class=\"sc-9031d553-0 eiGgOX\">\n<div data-test=\"collapse\">\n<div>\n<table class=\"sc-eb5d0dd3-0 brREjs\">\n<thead class=\"sc-4d4fd441-0 fAxnSG\">\n<tr class=\"sc-dfa23c87-0 dkdsfi\">\n<th class=\"sc-fe2e4cbb-0 dOdMfy\" colspan=\"2\">\n<p class=\"sc-94eb08bc-0 gPnrYm\">Caracter\u00edsticas<\/p>\n<\/th>\n<\/tr>\n<\/thead>\n<tbody class=\"sc-b388eff-0 eqyplR\">\n<tr class=\"sc-dfa23c87-0 dkdsfi\">\n<td class=\"sc-fe2e4cbb-0 btUfxD\">\n<p class=\"sc-94eb08bc-0 dZfHSc\">Tipo de producto<\/p>\n<\/td>\n<td class=\"sc-fe2e4cbb-0 fRBvcN sc-9031d553-1 gnVkve\">\n<p class=\"sc-94eb08bc-0 iWQWra\">Bater\u00eda<\/p>\n<\/td>\n<\/tr>\n<tr class=\"sc-dfa23c87-0 dkdsfi\">\n<td class=\"sc-fe2e4cbb-0 btUfxD\">\n<p class=\"sc-94eb08bc-0 dZfHSc\">Tipo de bater\u00eda<\/p>\n<\/td>\n<td class=\"sc-fe2e4cbb-0 fRBvcN sc-9031d553-1 gnVkve\">\n<p class=\"sc-94eb08bc-0 iWQWra\">LFP<\/p>\n<\/td>\n<\/tr>\n<tr class=\"sc-dfa23c87-0 dkdsfi\">\n<td class=\"sc-fe2e4cbb-0 btUfxD\">\n<p class=\"sc-94eb08bc-0 dZfHSc\">Compatible con<\/p>\n<\/td>\n<td class=\"sc-fe2e4cbb-0 fRBvcN sc-9031d553-1 gnVkve\">\n<p class=\"sc-94eb08bc-0 iWQWra\">Paneles solares port\u00e1tiles y estaciones de energ\u00eda EcoFlow<\/p>\n<\/td>\n<\/tr>\n<tr class=\"sc-dfa23c87-0 dkdsfi\">\n<td class=\"sc-fe2e4cbb-0 btUfxD\">\n<p class=\"sc-94eb08bc-0 dZfHSc\">Funci\u00f3n de carga r\u00e1pida<\/p>\n<\/td>\n<td class=\"sc-fe2e4cbb-0 fRBvcN sc-9031d553-1 gnVkve\">\n<p class=\"sc-94eb08bc-0 iWQWra\">S\u00ed<\/p>\n<\/td>\n<\/tr>\n<tr","protected":false},"excerpt":{"rendered":"<p>Con esta bater\u00eda extra de EcoFlow duplicas la capacidad de tu powerbank Ecoflow Delta 3 Pro. Se conecta f\u00e1cilmente con la Delta 3 Pro mediante el cable incluido. La bater\u00eda es plug-and-play y est\u00e1 lista para usar en cuesti\u00f3n de segundos. Tiene una capacidad de 4.000 Wh, lo que te da un total de nada menos que 8.000 Wh. As\u00ed, estar\u00e1s siempre provisto de electricidad en caso de cortes de energ\u00eda, durante una estancia en el camping o en largos viajes por carretera. La construcci\u00f3n apilable hace que la bater\u00eda sea muy adecuada para su uso en casa o como respaldo de energ\u00eda. Adem\u00e1s, el sistema de gesti\u00f3n de bater\u00eda (BMS) integrado supervisa el rendimiento de la bater\u00eda y garantiza un funcionamiento seguro y eficiente. Por \u00faltimo, disfrutar\u00e1s de una larga vida \u00fatil y de las caracter\u00edsticas seguras de las bater\u00edas LiFePO4.<\/p>","protected":false},"featured_media":7770,"comment_status":"open","ping_status":"closed","template":"","meta":[],"product_brand":[],"product_cat":[15],"product_tag":[],"class_list":{"0":"post-7768","1":"product","2":"type-product","3":"status-publish","4":"has-post-thumbnail","6":"product_cat-niet-geclassificeerd","8":"first","9":"instock","10":"taxable","11":"shipping-taxable","12":"purchasable","13":"product-type-simple"},"_links":{"self":[{"href":"https:\/\/cabashippinginternational.com\/en\/wp-json\/wp\/v2\/product\/7768","targetHints":{"allow":["GET"]}}],"collection":[{"href":"https:\/\/cabashippinginternational.com\/en\/wp-json\/wp\/v2\/product"}],"about":[{"href":"https:\/\/cabashippinginternational.com\/en\/wp-json\/wp\/v2\/types\/product"}],"replies":[{"embeddable":true,"href":"https:\/\/cabashippinginternational.com\/en\/wp-json\/wp\/v2\/comments?post=7768"}],"wp:featuredmedia":[{"embeddable":true,"href":"https:\/\/cabashippinginternational.com\/en\/wp-json\/wp\/v2\/media\/7770"}],"wp:attachment":[{"href":"https:\/\/cabashippinginternational.com\/en\/wp-json\/wp\/v2\/media?parent=7768"}],"wp:term":[{"taxonomy":"product_brand","embeddable":true,"href":"https:\/\/cabashippinginternational.com\/en\/wp-json\/wp\/v2\/product_brand?post=7768"},{"taxonomy":"product_cat","embeddable":true,"href":"https:\/\/cabashippinginternational.com\/en\/wp-json\/wp\/v2\/product_cat?post=7768"},{"taxonomy":"product_tag","embeddable":true,"href":"https:\/\/cabashippinginternational.com\/en\/wp-json\/wp\/v2\/product_tag?post=7768"}],"curies":[{"name":"wp","href":"https:\/\/api.w.org\/{rel}","templated":true}]}}