{"id":7763,"date":"2026-02-08T22:13:07","date_gmt":"2026-02-08T22:13:07","guid":{"rendered":"https:\/\/elektronica-aanhangers-houten.nl\/?post_type=product&#038;p=7763"},"modified":"2026-02-22T03:10:01","modified_gmt":"2026-02-22T03:10:01","slug":"growatt-nexa2000-all-in-one%ef%bc%8c2048wh-solar-batterij","status":"publish","type":"product","link":"https:\/\/cabashippinginternational.com\/en\/produit\/growatt-nexa2000-all-in-one%ef%bc%8c2048wh-solar-batterij\/","title":{"rendered":"GROWATT NEXA2000 Todo en Uno, bater\u00eda solar de 2048Wh"},"content":{"rendered":"<p>5bf-0 byQosw\u00bb role=\u00bblist\u00bb><\/p>\n<li>Monitoreo en tiempo real del consumo de energ\u00eda<\/li>\n<li>Optimizaci\u00f3n autom\u00e1tica del uso de energ\u00eda<\/li>\n<li>Funci\u00f3n de programaci\u00f3n para un uso eficiente<\/li>\n<\/ul>\n<h3 class=\"sc-94eb08bc-0 dCpKIr\">F\u00e1cil instalaci\u00f3n y uso<\/h3>\n<ul class=\"sc-e0800b7a-0 gavcNx sc-849205bf-0 byQosw\" role=\"list\">\n<li>Instalaci\u00f3n r\u00e1pida y sencilla<\/li>\n<li>Interfaz de usuario intuitiva<\/li>\n<li>Compatible con la mayor\u00eda de los sistemas solares existentes<\/li>\n<\/ul>\n<\/div>\n<\/div>\n<\/section>","protected":false},"excerpt":{"rendered":"<p>El sistema de energ\u00eda solar con enchufe debe ser instalado por una empresa de instalaci\u00f3n el\u00e9ctrica que est\u00e9 registrada ante el operador de la red y debe ser notificado por una empresa de instalaci\u00f3n registrada ante el operador de la red. Estas obligaciones se eliminan seg\u00fan la nueva legislaci\u00f3n (desde mayo de 2024) cuando se trata de un sistema solar con enchufe privilegiado con una capacidad total instalada de hasta 2 kilovatios y una capacidad total del inversor de hasta 800 voltamperios. En ese caso, solo se requiere un registro en el Registro de Datos de Mercado de la Bundesnetzagentur. El comprador debe informarse por su cuenta sobre cualquier otra obligaci\u00f3n legal.<\/p>","protected":false},"featured_media":7764,"comment_status":"open","ping_status":"closed","template":"","meta":[],"product_brand":[],"product_cat":[15],"product_tag":[],"class_list":{"0":"post-7763","1":"product","2":"type-product","3":"status-publish","4":"has-post-thumbnail","6":"product_cat-niet-geclassificeerd","8":"first","9":"instock","10":"taxable","11":"shipping-taxable","12":"purchasable","13":"product-type-simple"},"_links":{"self":[{"href":"https:\/\/cabashippinginternational.com\/en\/wp-json\/wp\/v2\/product\/7763","targetHints":{"allow":["GET"]}}],"collection":[{"href":"https:\/\/cabashippinginternational.com\/en\/wp-json\/wp\/v2\/product"}],"about":[{"href":"https:\/\/cabashippinginternational.com\/en\/wp-json\/wp\/v2\/types\/product"}],"replies":[{"embeddable":true,"href":"https:\/\/cabashippinginternational.com\/en\/wp-json\/wp\/v2\/comments?post=7763"}],"wp:featuredmedia":[{"embeddable":true,"href":"https:\/\/cabashippinginternational.com\/en\/wp-json\/wp\/v2\/media\/7764"}],"wp:attachment":[{"href":"https:\/\/cabashippinginternational.com\/en\/wp-json\/wp\/v2\/media?parent=7763"}],"wp:term":[{"taxonomy":"product_brand","embeddable":true,"href":"https:\/\/cabashippinginternational.com\/en\/wp-json\/wp\/v2\/product_brand?post=7763"},{"taxonomy":"product_cat","embeddable":true,"href":"https:\/\/cabashippinginternational.com\/en\/wp-json\/wp\/v2\/product_cat?post=7763"},{"taxonomy":"product_tag","embeddable":true,"href":"https:\/\/cabashippinginternational.com\/en\/wp-json\/wp\/v2\/product_tag?post=7763"}],"curies":[{"name":"wp","href":"https:\/\/api.w.org\/{rel}","templated":true}]}}