{"id":7759,"date":"2026-02-08T21:52:52","date_gmt":"2026-02-08T21:52:52","guid":{"rendered":"https:\/\/elektronica-aanhangers-houten.nl\/?post_type=product&#038;p=7759"},"modified":"2026-02-22T03:10:33","modified_gmt":"2026-02-22T03:10:33","slug":"zinvolt-power-met-p1-dongle-2x-zinvolt-mate-3-kwh","status":"publish","type":"product","link":"https:\/\/cabashippinginternational.com\/en\/produit\/zinvolt-power-met-p1-dongle-2x-zinvolt-mate-3-kwh\/","title":{"rendered":"ZinVolt Power con dongle P1 + 2x ZinVolt Mate 3 kWh"},"content":{"rendered":"<ul class=\"productSpecifications_listOpen__wFmtt\">\n<li class=\"productSpecifications_item__sjSp9\"><span class=\"productSpecifications_label__9Xnun\">N\u00famero de art\u00edculo<\/span>\n<div class=\"wysiwyg_root__n8Gkx\">241876<\/div>\n<\/li>\n<li class=\"productSpecifications_item__sjSp9\"><span class=\"productSpecifications_label__9Xnun\">Marca<\/span>\n<div class=\"wysiwyg_root__n8Gkx\">ZinVolt<\/div>\n<\/li>\n<li class=\"productSpecifications_item__sjSp9\"><span class=\"productSpecifications_label__9Xnun\">Tipo<\/span>\n<div class=\"wysiwyg_root__n8Gkx\">EP1EM2<\/div>\n<\/li>\n<li class=\"productSpecifications_item__sjSp9\"><span class=\"productSpecifications_label__9Xnun\">Documento 1<\/span>\n<div class=\"wysiwyg_root__n8Gkx\"><a class=\"link_normal_root__cTLvz\" href=\"https:\/\/docs.vekto.nl\/media\/vekto\/vekto-zinvoltpowermanuala5dutch.pdf\" target=\"_blank\" rel=\"noopener noreferrer\">ZinVolt_Power_manual_A5_Nederlands (12.22 MB pdf)<\/a><\/div>\n<\/li>\n<li class=\"productSpecifications_item__sjSp9\"><span class=\"productSpecifications_label__9Xnun\">Documento 2<\/span>\n<div class=\"wysiwyg_root__n8Gkx\"><a class=\"link_normal_root__cTLvz\" href=\"https:\/\/docs.vekto.nl\/media\/vekto\/vekto-zinvoltmatemanuala5dutch.pdf\" target=\"_blank\" rel=\"noopener noreferrer\">ZinVolt_Mate_Manual_A5_Nederlands (3.97 MB pdf)<\/a><\/div>\n<\/li>\n<li class=\"productSpecifications_item__sjSp9\"><span class=\"productSpecifications_label__9Xnun\">Modelo<\/span>\n<div class=\"wysiwyg_root__n8Gkx\">Otros<\/div>\n<\/li>\n<li class=\"productSpecifications_item__sjSp9\"><span","protected":false},"excerpt":{"rendered":"<p>ZinVolt es una bater\u00eda port\u00e1til para el hogar que se conecta f\u00e1cilmente a un enchufe. Puedes almacenar energ\u00eda de tus paneles solares o aprovechar la electricidad barata durante las horas valle. ZinVolt te ayuda a reducir tus costos de energ\u00eda y a gestionar la electricidad de manera m\u00e1s inteligente.<\/p>\n<ul>\n<li>Capacidad de la bater\u00eda: 3,072 kWh<\/li>\n<li>Plug &amp; play, por lo que no requiere una instalaci\u00f3n complicada<\/li>\n<li>Ahorra directamente en tu factura de energ\u00eda<\/li>\n<li>Maximiza el uso de tu energ\u00eda solar<\/li>\n<\/ul>\n<div class=\"banner-title\"><strong>Gesti\u00f3n energ\u00e9tica inteligente &#8211; Con el dongle P1<\/strong><\/div>\n<div class=\"banner-content\">Con el dongle P1, conviertes a ZinVolt en un sistema de almacenamiento de energ\u00eda a\u00fan m\u00e1s inteligente. Conecta el dongle P1 f\u00e1cilmente a tu medidor inteligente y deja que ZinVolt haga el trabajo. ZinVolt puede monitorear tu consumo de energ\u00eda y precios. Cuando la electricidad es barata, se carga autom\u00e1ticamente. \u00bfEs la electricidad m\u00e1s cara? Entonces libera esa energ\u00eda, lo que te permite aprovechar siempre los mejores momentos para usar o ahorrar energ\u00eda. Lo mejor es que no tienes que hacer nada por ello. ZinVolt y el dongle P1 son mejores amigos, ellos se encargan de todo. As\u00ed ahorras en tu factura de energ\u00eda y tambi\u00e9n haces tu vida un poco m\u00e1s f\u00e1cil.<\/div>\n<div class=\"banner-content\"><\/div>\n<div class=\"banner-content\">\n<div class=\"banner-title\"><strong>Ahorra en tu factura de energ\u00eda con la bater\u00eda ZinVolt para el hogar.<\/strong><\/div>\n<div class=\"banner-content\">\u00a1Ahorra mucho en tus costos de energ\u00eda! Con d<\/p>","protected":false},"featured_media":7760,"comment_status":"open","ping_status":"closed","template":"","meta":[],"product_brand":[],"product_cat":[15],"product_tag":[],"class_list":{"0":"post-7759","1":"product","2":"type-product","3":"status-publish","4":"has-post-thumbnail","6":"product_cat-niet-geclassificeerd","8":"first","9":"instock","10":"taxable","11":"shipping-taxable","12":"purchasable","13":"product-type-simple"},"_links":{"self":[{"href":"https:\/\/cabashippinginternational.com\/en\/wp-json\/wp\/v2\/product\/7759","targetHints":{"allow":["GET"]}}],"collection":[{"href":"https:\/\/cabashippinginternational.com\/en\/wp-json\/wp\/v2\/product"}],"about":[{"href":"https:\/\/cabashippinginternational.com\/en\/wp-json\/wp\/v2\/types\/product"}],"replies":[{"embeddable":true,"href":"https:\/\/cabashippinginternational.com\/en\/wp-json\/wp\/v2\/comments?post=7759"}],"wp:featuredmedia":[{"embeddable":true,"href":"https:\/\/cabashippinginternational.com\/en\/wp-json\/wp\/v2\/media\/7760"}],"wp:attachment":[{"href":"https:\/\/cabashippinginternational.com\/en\/wp-json\/wp\/v2\/media?parent=7759"}],"wp:term":[{"taxonomy":"product_brand","embeddable":true,"href":"https:\/\/cabashippinginternational.com\/en\/wp-json\/wp\/v2\/product_brand?post=7759"},{"taxonomy":"product_cat","embeddable":true,"href":"https:\/\/cabashippinginternational.com\/en\/wp-json\/wp\/v2\/product_cat?post=7759"},{"taxonomy":"product_tag","embeddable":true,"href":"https:\/\/cabashippinginternational.com\/en\/wp-json\/wp\/v2\/product_tag?post=7759"}],"curies":[{"name":"wp","href":"https:\/\/api.w.org\/{rel}","templated":true}]}}