{"id":7754,"date":"2026-02-08T21:06:43","date_gmt":"2026-02-08T21:06:43","guid":{"rendered":"https:\/\/elektronica-aanhangers-houten.nl\/?post_type=product&#038;p=7754"},"modified":"2026-03-31T04:07:11","modified_gmt":"2026-03-31T04:07:11","slug":"alphaess-batterij-3-8kwh-smile-g3-bat-3-8s","status":"publish","type":"product","link":"https:\/\/cabashippinginternational.com\/en\/produit\/alphaess-batterij-3-8kwh-smile-g3-bat-3-8s\/","title":{"rendered":"Bater\u00eda AlphaESS 3.8kWh SMILE-G3-BAT-3.8S"},"content":{"rendered":"<ul class=\"productSpecifications_listOpen__wFmtt\">\n<li class=\"productSpecifications_item__sjSp9\"><span class=\"productSpecifications_label__9Xnun\">N\u00famero de art\u00edculo<\/span>\n<div class=\"wysiwyg_root__n8Gkx\">242247<\/div>\n<\/li>\n<li class=\"productSpecifications_item__sjSp9\"><span class=\"productSpecifications_label__9Xnun\">Marca<\/span>\n<div class=\"wysiwyg_root__n8Gkx\">ALPHA ESS<\/div>\n<\/li>\n<li class=\"productSpecifications_item__sjSp9\"><span class=\"productSpecifications_label__9Xnun\">Tipo<\/span>\n<div class=\"wysiwyg_root__n8Gkx\">92300404<\/div>\n<\/li>\n<li class=\"productSpecifications_item__sjSp9\"><span class=\"productSpecifications_label__9Xnun\">Gtin<\/span>\n<div class=\"wysiwyg_root__n8Gkx\">6977628181012<\/div>\n<\/li>\n<li class=\"productSpecifications_item__sjSp9\"><span class=\"productSpecifications_label__9Xnun\">Documento 1<\/span>\n<div class=\"wysiwyg_root__n8Gkx\"><a class=\"link_normal_root__cTLvz\" href=\"https:\/\/docs.vekto.nl\/media\/vekto\/vekto-datasheetsmileg3s3.6s5b5nlv2.0alphaess12082025.pdf\" target=\"_blank\" rel=\"noopener noreferrer\">Hoja de datos_SMILE-G3-S3.6&amp;S5&amp;B5_NL_V2.0_AlphaESS_12082025 (1.34 MB pdf)<\/a><\/div>\n<\/li>\n<li class=\"productSpecifications_item__sjSp9\"><span class=\"productSpecifications_label__9Xnun\">Documento 2<\/span>\n<div class=\"wysiwyg_root__n8Gkx\"><a class=\"link_normal_root__cTLvz\" href=\"https:\/\/docs.vekto.nl\/media\/vekto\/vekto-vekto-brochure-alphaess-smile-g3v1bweb.pdf\" target=\"_blank\" rel=\"noopener noreferrer\">Vekto &#8211; Folleto AlphaESS Smile G3-v1b-WEB (1<\/p>","protected":false},"excerpt":{"rendered":"<p data-start=\"139\" data-end=\"442\">El\u00a0<strong data-start=\"142\" data-end=\"186\">m\u00f3dulo de bater\u00eda AlphaESS SMILE-G3 de 3,8 kWh<\/strong>\u00a0es una\u00a0<strong data-start=\"194\" data-end=\"229\">bater\u00eda dom\u00e9stica modular LiFePO\u2084<\/strong>\u00a0para el almacenamiento eficiente de energ\u00eda solar. Esta bater\u00eda ha sido especialmente desarrollada para su uso en combinaci\u00f3n con los sistemas AlphaESS SMILE-G3 y ofrece una soluci\u00f3n flexible tanto para hogares como para empresas.<\/p>\n<h4 class=\"heading_root__DdQLy heading_h4__yn_18\">Caracter\u00edsticas:<\/h4>\n<ul data-start=\"462\" data-end=\"738\">\n<li data-start=\"462\" data-end=\"489\">\n<p data-start=\"464\" data-end=\"489\"><strong data-start=\"464\" data-end=\"479\">Capacidad:<\/strong>\u00a03,8 kWh<\/p>\n<\/li>\n<li data-start=\"490\" data-end=\"543\">\n<p data-start=\"492\" data-end=\"543\"><strong data-start=\"492\" data-end=\"510\">Tipo de bater\u00eda:<\/strong>\u00a0LiFePO\u2084 (fosfato de hierro y litio)<\/p>\n<\/li>\n<li data-start=\"544\" data-end=\"669\">\n<p data-start=\"546\" data-end=\"669\"><strong data-start=\"546\" data-end=\"566\">Compatibilidad:<\/strong>\u00a0AlphaESS S5 (1-fase, ampliable hasta un m\u00e1ximo de 15,2 kWh) y T10 (3-fase, ampliable hasta un m\u00e1ximo de 45,6 kWh)<\/p>\n<\/li>\n<li data-start=\"670\" data-end=\"738\">\n<p data-start=\"672\" data-end=\"738\"><strong data-start=\"672\" data-end=\"689\">Ampliable:<\/strong>\u00a0apilable modularmente hasta 12 m\u00f3dulos por sistema<\/p>\n<\/li>\n<\/ul>\n<p data-start=\"740\" data-end=\"888\">Con el\u00a0<strong data-start=\"747\" data-end=\"771\">AlphaESS BAT-3.8S<\/strong>\u00a0puedes ampliar f\u00e1cilmente tu sistema existente y aprovechar&#8230;<\/p>","protected":false},"featured_media":7755,"comment_status":"open","ping_status":"closed","template":"","meta":[],"product_brand":[],"product_cat":[15],"product_tag":[],"class_list":{"0":"post-7754","1":"product","2":"type-product","3":"status-publish","4":"has-post-thumbnail","6":"product_cat-niet-geclassificeerd","8":"first","9":"instock","10":"taxable","11":"shipping-taxable","12":"purchasable","13":"product-type-simple"},"_links":{"self":[{"href":"https:\/\/cabashippinginternational.com\/en\/wp-json\/wp\/v2\/product\/7754","targetHints":{"allow":["GET"]}}],"collection":[{"href":"https:\/\/cabashippinginternational.com\/en\/wp-json\/wp\/v2\/product"}],"about":[{"href":"https:\/\/cabashippinginternational.com\/en\/wp-json\/wp\/v2\/types\/product"}],"replies":[{"embeddable":true,"href":"https:\/\/cabashippinginternational.com\/en\/wp-json\/wp\/v2\/comments?post=7754"}],"wp:featuredmedia":[{"embeddable":true,"href":"https:\/\/cabashippinginternational.com\/en\/wp-json\/wp\/v2\/media\/7755"}],"wp:attachment":[{"href":"https:\/\/cabashippinginternational.com\/en\/wp-json\/wp\/v2\/media?parent=7754"}],"wp:term":[{"taxonomy":"product_brand","embeddable":true,"href":"https:\/\/cabashippinginternational.com\/en\/wp-json\/wp\/v2\/product_brand?post=7754"},{"taxonomy":"product_cat","embeddable":true,"href":"https:\/\/cabashippinginternational.com\/en\/wp-json\/wp\/v2\/product_cat?post=7754"},{"taxonomy":"product_tag","embeddable":true,"href":"https:\/\/cabashippinginternational.com\/en\/wp-json\/wp\/v2\/product_tag?post=7754"}],"curies":[{"name":"wp","href":"https:\/\/api.w.org\/{rel}","templated":true}]}}