{"id":7746,"date":"2026-02-08T20:29:26","date_gmt":"2026-02-08T20:29:26","guid":{"rendered":"https:\/\/elektronica-aanhangers-houten.nl\/?post_type=product&#038;p=7746"},"modified":"2026-02-22T03:11:12","modified_gmt":"2026-02-22T03:11:12","slug":"exclusief-voor-installateurs-installatiebedrijven-de-alphaess-smile-g3-s5-is-een-compacte-1-fase-hybride-omvormer-van-5-kw-speciaal-ontwikkeld-voor-woningen-met-een-standaard-230-v-netaansluiting","status":"publish","type":"product","link":"https:\/\/cabashippinginternational.com\/en\/produit\/exclusief-voor-installateurs-installatiebedrijven-de-alphaess-smile-g3-s5-is-een-compacte-1-fase-hybride-omvormer-van-5-kw-speciaal-ontwikkeld-voor-woningen-met-een-standaard-230-v-netaansluiting\/","title":{"rendered":"Inversor AlphaESS 5kW 1-fase SMILE-G3-S5-INV"},"content":{"rendered":"<p data-start=\"191\" data-end=\"494\"><strong>EXCLUSIVO PARA INSTALADORES Y EMPRESAS DE INSTALACI\u00d3N.<\/strong><\/p>\n<p data-start=\"191\" data-end=\"494\">El <strong data-start=\"194\" data-end=\"218\">AlphaESS SMILE-G3 S5<\/strong> es un inversor h\u00edbrido compacto de 1 fase de <strong data-start=\"263\" data-end=\"271\">5 kW<\/strong>, especialmente desarrollado para viviendas con una conexi\u00f3n a la red est\u00e1ndar de 230 V. Este inversor es el coraz\u00f3n de un sistema de bater\u00eda dom\u00e9stica flexible y regula el flujo de energ\u00eda entre <strong data-start=\"448\" data-end=\"491\">paneles solares, red, bater\u00eda y consumo<\/strong>.<\/p>\n<p data-start=\"496\" data-end=\"936\">Gracias a su <strong data-start=\"508\" data-end=\"529\">dise\u00f1o modular<\/strong>, el S5 se puede ampliar con un m\u00e1ximo de cuatro m\u00f3dulos de bater\u00eda AlphaESS de <strong data-start=\"599\" data-end=\"622\">3,8 \/ 4,5 \/ 9,3 kWh<\/strong> (no incluidos). La integrada <strong data-start=\"659\" data-end=\"684\">tecnolog\u00eda AlphaLinX<\/strong> y el control inteligente de energ\u00eda aseguran una \u00f3ptima autoconsumo y preparaci\u00f3n para <strong data-start=\"767\" data-end=\"829\">tarifas energ\u00e9ticas din\u00e1micas y almacenamiento de energ\u00eda virtual (VPP)<\/strong>. La monitorizaci\u00f3n se realiza de manera sencilla a trav\u00e9s de la <strong data-start=\"868\" data-end=\"886\">aplicaci\u00f3n AlphaCloud<\/strong> o acceso web, completamente sin costos de suscripci\u00f3n.<\/p>\n<p data-start=\"938\" data-end=\"1027\">Con la <strong data-start=\"955\" data-end=\"969\">caja de respaldo<\/strong> opcional, el S5 tambi\u00e9n es adecuado para suministro de energ\u00eda de emergencia.<\/p>","protected":false},"excerpt":{"rendered":"<div class=\"productDetailSection_headingWrapper__uklbz\">\n<h2 class=\"heading_root__DdQLy productDetailSection_title__byymb heading_h2__8CFKD\">Especificaciones del producto<\/h2>\n<\/div>\n<ul class=\"productSpecifications_listOpen__wFmtt\">\n<li class=\"productSpecifications_item__sjSp9\"><span class=\"productSpecifications_label__9Xnun\">N\u00famero de art\u00edculo<\/span>\n<div class=\"wysiwyg_root__n8Gkx\">242242<\/div>\n<\/li>\n<li class=\"productSpecifications_item__sjSp9\"><span class=\"productSpecifications_label__9Xnun\">Marca<\/span>\n<div class=\"wysiwyg_root__n8Gkx\">ALPHA ESS<\/div>\n<\/li>\n<li class=\"productSpecifications_item__sjSp9\"><span class=\"productSpecifications_label__9Xnun\">Tipo<\/span>\n<div class=\"wysiwyg_root__n8Gkx\">91200171<\/div>\n<\/li>\n<li class=\"productSpecifications_item__sjSp9\"><span class=\"productSpecifications_label__9Xnun\">Gtin<\/span>\n<div class=\"wysiwyg_root__n8Gkx\">6977628180022<\/div>\n<\/li>\n<li class=\"productSpecifications_item__sjSp9\"><span class=\"productSpecifications_label__9Xnun\">Documento 1<\/span>\n<div class=\"wysiwyg_root__n8Gkx\"><a class=\"link_normal_root__cTLvz\" href=\"https:\/\/docs.vekto.nl\/media\/vekto\/vekto-datasheetsmileg3s3.6s5b5nlv2.0alphaess12082025.pdf\" target=\"_blank\" rel=\"noopener noreferrer\">Hoja de datos_SMILE-G3-S3.6&amp;S5&amp;B5_NL_V2.0_AlphaESS_12082025 (1.34 MB pdf)<\/a><\/div>\n<\/li>\n<li class=\"productSpecifications_item__sjSp9\"><span class=\"productSpecifications_label__9Xnun\">Documento 2<\/span>\n<div class=\"wysiwyg_root__n8Gkx\"><a class=\"link_normal_root__cTLvz\"\n<\/p>","protected":false},"featured_media":7747,"comment_status":"open","ping_status":"closed","template":"","meta":[],"product_brand":[],"product_cat":[15],"product_tag":[],"class_list":{"0":"post-7746","1":"product","2":"type-product","3":"status-publish","4":"has-post-thumbnail","6":"product_cat-niet-geclassificeerd","8":"first","9":"instock","10":"taxable","11":"shipping-taxable","12":"purchasable","13":"product-type-simple"},"_links":{"self":[{"href":"https:\/\/cabashippinginternational.com\/en\/wp-json\/wp\/v2\/product\/7746","targetHints":{"allow":["GET"]}}],"collection":[{"href":"https:\/\/cabashippinginternational.com\/en\/wp-json\/wp\/v2\/product"}],"about":[{"href":"https:\/\/cabashippinginternational.com\/en\/wp-json\/wp\/v2\/types\/product"}],"replies":[{"embeddable":true,"href":"https:\/\/cabashippinginternational.com\/en\/wp-json\/wp\/v2\/comments?post=7746"}],"wp:featuredmedia":[{"embeddable":true,"href":"https:\/\/cabashippinginternational.com\/en\/wp-json\/wp\/v2\/media\/7747"}],"wp:attachment":[{"href":"https:\/\/cabashippinginternational.com\/en\/wp-json\/wp\/v2\/media?parent=7746"}],"wp:term":[{"taxonomy":"product_brand","embeddable":true,"href":"https:\/\/cabashippinginternational.com\/en\/wp-json\/wp\/v2\/product_brand?post=7746"},{"taxonomy":"product_cat","embeddable":true,"href":"https:\/\/cabashippinginternational.com\/en\/wp-json\/wp\/v2\/product_cat?post=7746"},{"taxonomy":"product_tag","embeddable":true,"href":"https:\/\/cabashippinginternational.com\/en\/wp-json\/wp\/v2\/product_tag?post=7746"}],"curies":[{"name":"wp","href":"https:\/\/api.w.org\/{rel}","templated":true}]}}