{"id":7728,"date":"2026-02-08T19:07:49","date_gmt":"2026-02-08T19:07:49","guid":{"rendered":"https:\/\/elektronica-aanhangers-houten.nl\/?post_type=product&#038;p=7728"},"modified":"2026-02-22T03:38:18","modified_gmt":"2026-02-22T03:38:18","slug":"tweedehands-scootmobiel-victory-xl140s-2019","status":"publish","type":"product","link":"https:\/\/cabashippinginternational.com\/en\/produit\/tweedehands-scootmobiel-victory-xl140s-2019\/","title":{"rendered":"Scootmobiel de segunda mano Victory XL140s (2019)"},"content":{"rendered":"<h2 class=\"text-secondary text-uppercase h3 mb-30\">Descripci\u00f3n del producto<\/h2>\n<p><strong>Scooter de segunda mano Pride Victory XL140 azul<\/strong><\/p>\n<ul>\n<li>El potente entre los Scooters<\/li>\n<li><em><strong>Atenci\u00f3n: Este es un art\u00edculo de ocasi\u00f3n, entregado con bater\u00edas nuevas<\/strong><\/em><\/li>\n<li>Tambi\u00e9n conocido como Practicomfort Hurricane 25 o Royal 20<\/li>\n<li>\u00a1Velocidad de hasta 20 km por hora!<\/li>\n<li>Peso m\u00e1ximo del usuario de 181 kg<\/li>\n<\/ul>\n<p>El Pride Victory XL140 es el modelo m\u00e1s grande de la nueva generaci\u00f3n de Scooters. Con una autonom\u00eda de hasta 60 km y una velocidad m\u00e1xima de 20 km por hora, el Victory XL140 de Pride Mobility es un Scooter para el usuario exigente.<br \/>\nUn Scooter robusto con suspensi\u00f3n de 4 ruedas, gracias al perfil de los neum\u00e1ticos, este Scooter es adecuado para caminos de bosque, grava y arena.<br \/>\nLa suspensi\u00f3n independiente con fuertes amortiguadores proporciona una comodidad sin igual.<\/p>\n<p>De serie, este Scooter est\u00e1 equipado con una columna de direcci\u00f3n y asiento ajustables, un asiento muy c\u00f3modo y un comportamiento en la carretera seguro y estable.<br \/>\nEste Scooter es, por su versatilidad, muy adecuado para el usuario experimentado de Scooters.<\/p>","protected":false},"excerpt":{"rendered":"<div class=\"row product-specifications\">\n<div class=\"col-md-6\">\n<div class=\"spec-table\">\n<div class=\"spec-table-row\">\n<div>Peso total<\/div>\n<div>\n<div>172 kg<\/div>\n<\/div>\n<\/div>\n<div class=\"spec-table-row\">\n<div>A\u00f1o de construcci\u00f3n<\/div>\n<div>\n<div>2019<\/div>\n<\/div>\n<\/div>\n<div class=\"spec-table-row\">\n<div>Velocidad m\u00e1xima<\/div>\n<div>\n<div>20 km<\/div>\n<\/div>\n<\/div>\n<div class=\"spec-table-row\">\n<div>Autonom\u00eda (alcance)<\/div>\n<div>\n<div>40 km<\/div>\n<\/div>\n<\/div>\n<div class=\"spec-table-row\">\n<div>Bater\u00eda Ampere<\/div>\n<div>\n<div>80 Ah<\/div>\n<\/div>\n<\/div>\n<div class=\"spec-table-row\">\n<div>C\u00edrculo de giro<\/div>\n<div>\n<div>210 cm<\/div>\n<\/div>\n<\/div>\n<div class=\"spec-table-row\">\n<div>Per\u00edodo de garant\u00eda<\/div>\n<div>\n<div>1 a\u00f1o<\/div>\n<\/div>\n<\/div>\n<div class=\"spec-table-row\">\n<div>Marca<\/div>\n<div>\n<div>Pride<\/div>\n<\/div>\n<\/div>\n<div class=\"spec-table-row\">\n<div>Color<\/div>\n<div>\n<div>Azul<\/div>\n<\/div>\n<\/div>\n<div class=\"spec-table-row\">\n<div>Longitud total<\/div>\n<div>\n<div>142 cm<\/div>\n<\/div>\n<\/div>\n<div class=\"spec-table-row\">\n<div>Anchura total<\/div>\n<div>\n<div>69 cm<\/div>\n<\/div>\n<\/div>\n<div class=\"spec-table-row\">\n<div>Altura total<\/div>\n<div>\n<div>133 cm<\/div>\n<\/div>\n<\/div>\n<div class=\"spec-table-row\">\n<div>Unidad<\/div>\n<div>\n<div>por pieza<\/div>\n<\/div>\n<\/div>\n<div class=\"spec-table-row\">\n<div>Dimensiones de las ruedas delanteras<\/div>\n<div>\n<div>12 pulgadas<\/div>\n<\/div>\n<\/div>\n<div class=\"spec-table-row\">\n<div>Dimensiones de las ruedas traseras<\/div>","protected":false},"featured_media":7729,"comment_status":"open","ping_status":"closed","template":"","meta":[],"product_brand":[],"product_cat":[15],"product_tag":[],"class_list":{"0":"post-7728","1":"product","2":"type-product","3":"status-publish","4":"has-post-thumbnail","6":"product_cat-niet-geclassificeerd","8":"first","9":"instock","10":"taxable","11":"shipping-taxable","12":"purchasable","13":"product-type-simple"},"_links":{"self":[{"href":"https:\/\/cabashippinginternational.com\/en\/wp-json\/wp\/v2\/product\/7728","targetHints":{"allow":["GET"]}}],"collection":[{"href":"https:\/\/cabashippinginternational.com\/en\/wp-json\/wp\/v2\/product"}],"about":[{"href":"https:\/\/cabashippinginternational.com\/en\/wp-json\/wp\/v2\/types\/product"}],"replies":[{"embeddable":true,"href":"https:\/\/cabashippinginternational.com\/en\/wp-json\/wp\/v2\/comments?post=7728"}],"wp:featuredmedia":[{"embeddable":true,"href":"https:\/\/cabashippinginternational.com\/en\/wp-json\/wp\/v2\/media\/7729"}],"wp:attachment":[{"href":"https:\/\/cabashippinginternational.com\/en\/wp-json\/wp\/v2\/media?parent=7728"}],"wp:term":[{"taxonomy":"product_brand","embeddable":true,"href":"https:\/\/cabashippinginternational.com\/en\/wp-json\/wp\/v2\/product_brand?post=7728"},{"taxonomy":"product_cat","embeddable":true,"href":"https:\/\/cabashippinginternational.com\/en\/wp-json\/wp\/v2\/product_cat?post=7728"},{"taxonomy":"product_tag","embeddable":true,"href":"https:\/\/cabashippinginternational.com\/en\/wp-json\/wp\/v2\/product_tag?post=7728"}],"curies":[{"name":"wp","href":"https:\/\/api.w.org\/{rel}","templated":true}]}}