{"id":7723,"date":"2026-02-08T18:25:03","date_gmt":"2026-02-08T18:25:03","guid":{"rendered":"https:\/\/elektronica-aanhangers-houten.nl\/?post_type=product&#038;p=7723"},"modified":"2026-02-22T03:38:45","modified_gmt":"2026-02-22T03:38:45","slug":"lithium-pakket-2-stuks-75ah-75km","status":"publish","type":"product","link":"https:\/\/cabashippinginternational.com\/en\/produit\/lithium-pakket-2-stuks-75ah-75km\/","title":{"rendered":"Paquete de litio 2 piezas (75ah) 75km"},"content":{"rendered":"<p><strong><em>*Actualizaci\u00f3n a Bater\u00eda de Litio para Scooters: Disfruta de las Ventajas**<\/em><\/strong><\/p>\n<p>Actualiza tu scooter a un avanzado paquete de bater\u00eda de litio<\/p>\n<ul>\n<li>\u00a1Rendimiento y fiabilidad \u00f3ptimos!<\/li>\n<li>Mayor duraci\u00f3n<\/li>\n<li>Peso ligero<\/li>\n<li>Carga m\u00e1s r\u00e1pida<\/li>\n<li>Mayor autonom\u00eda<\/li>\n<li>Menor mantenimiento<\/li>\n<li>Mejor rendimiento<\/li>\n<li>Amigable con el medio ambiente<\/li>\n<\/ul>\n<p>Al considerar una actualizaci\u00f3n para tu scooter, reemplazar las viejas bater\u00edas de plomo por un paquete de bater\u00eda de litio es una excelente opci\u00f3n.<br \/>\nLa tecnolog\u00eda de bater\u00edas de litio ofrece numerosas ventajas en comparaci\u00f3n con las bater\u00edas de plomo tradicionales.<br \/>\nAqu\u00ed hay algunas razones clave por las que deber\u00edas considerar cambiar a un paquete de bater\u00eda de litio:<\/p>\n<p><strong>**1. Mayor duraci\u00f3n:**<\/strong> Las bater\u00edas de litio generalmente duran m\u00e1s que las de plomo.<br \/>\nTienen una vida \u00fatil significativamente m\u00e1s larga, lo que significa que tendr\u00e1s que reemplazar las bater\u00edas con menos frecuencia. Esto se traduce en menos molestias y costos a largo plazo.<\/p>\n<p><strong>**2. Ligero y compacto:**<\/strong> Las bater\u00edas de litio son significativamente m\u00e1s ligeras y compactas que las de plomo.<br \/>\nTienen una mayor densidad de energ\u00eda, lo que les permite proporcionar m\u00e1s potencia ocupando menos espacio.<br \/>\nGracias a las bater\u00edas m\u00e1s ligeras, se reduce el peso de tu scooter, lo que lo hace m\u00e1s eficiente y f\u00e1cil de maniobrar.<\/p>\n<p><strong>**3. Carga m\u00e1s r\u00e1pida:**<\/strong> Las bater\u00edas de litio tienen<\/p>","protected":false},"excerpt":{"rendered":"<div class=\"spec-table-row\">\n<div>Peso total<\/div>\n<div>\n<div>21.6 kg<\/div>\n<\/div>\n<\/div>\n<div class=\"spec-table-row\">\n<div>Per\u00edodo de garant\u00eda<\/div>\n<div>\n<div>6 meses<\/div>\n<\/div>\n<\/div>\n<div class=\"spec-table-row\">\n<div>Marca<\/div>\n<div>\n<div>Landport<\/div>\n<\/div>\n<\/div>\n<div class=\"spec-table-row\">\n<div>Material<\/div>\n<div>\n<div>Litio<\/div>\n<\/div>\n<\/div>\n<div class=\"spec-table-row\">\n<div>Longitud total<\/div>\n<div>\n<div>260 mm<\/div>\n<\/div>\n<\/div>\n<div class=\"spec-table-row\">\n<div>Anchura total<\/div>\n<div>\n<div>168 mm<\/div>\n<\/div>\n<\/div>\n<div class=\"spec-table-row\">\n<div>Altura total<\/div>\n<div>\n<div>210 mm<\/div>\n<\/div>\n<\/div>\n<div class=\"spec-table-row\">\n<div>Unidad<\/div>\n<div>\n<div>por par<\/div>\n<\/div>\n<\/div>\n<div class=\"spec-table-row\">\n<div>Tipo de bater\u00eda<\/div>\n<div><\/div>\n<\/div>","protected":false},"featured_media":7725,"comment_status":"open","ping_status":"closed","template":"","meta":[],"product_brand":[],"product_cat":[15],"product_tag":[],"class_list":{"0":"post-7723","1":"product","2":"type-product","3":"status-publish","4":"has-post-thumbnail","6":"product_cat-niet-geclassificeerd","8":"first","9":"instock","10":"taxable","11":"shipping-taxable","12":"purchasable","13":"product-type-simple"},"_links":{"self":[{"href":"https:\/\/cabashippinginternational.com\/en\/wp-json\/wp\/v2\/product\/7723","targetHints":{"allow":["GET"]}}],"collection":[{"href":"https:\/\/cabashippinginternational.com\/en\/wp-json\/wp\/v2\/product"}],"about":[{"href":"https:\/\/cabashippinginternational.com\/en\/wp-json\/wp\/v2\/types\/product"}],"replies":[{"embeddable":true,"href":"https:\/\/cabashippinginternational.com\/en\/wp-json\/wp\/v2\/comments?post=7723"}],"wp:featuredmedia":[{"embeddable":true,"href":"https:\/\/cabashippinginternational.com\/en\/wp-json\/wp\/v2\/media\/7725"}],"wp:attachment":[{"href":"https:\/\/cabashippinginternational.com\/en\/wp-json\/wp\/v2\/media?parent=7723"}],"wp:term":[{"taxonomy":"product_brand","embeddable":true,"href":"https:\/\/cabashippinginternational.com\/en\/wp-json\/wp\/v2\/product_brand?post=7723"},{"taxonomy":"product_cat","embeddable":true,"href":"https:\/\/cabashippinginternational.com\/en\/wp-json\/wp\/v2\/product_cat?post=7723"},{"taxonomy":"product_tag","embeddable":true,"href":"https:\/\/cabashippinginternational.com\/en\/wp-json\/wp\/v2\/product_tag?post=7723"}],"curies":[{"name":"wp","href":"https:\/\/api.w.org\/{rel}","templated":true}]}}