{"id":7716,"date":"2026-02-08T18:16:52","date_gmt":"2026-02-08T18:16:52","guid":{"rendered":"https:\/\/elektronica-aanhangers-houten.nl\/?post_type=product&#038;p=7716"},"modified":"2026-02-22T03:39:00","modified_gmt":"2026-02-22T03:39:00","slug":"opvouwbare-elektrische-rolstoel-kaigo-compact-comfort-c2","status":"publish","type":"product","link":"https:\/\/cabashippinginternational.com\/en\/produit\/opvouwbare-elektrische-rolstoel-kaigo-compact-comfort-c2\/","title":{"rendered":"Silla de ruedas el\u00e9ctrica plegable Kaigo Compact Comfort C2"},"content":{"rendered":"<h2 class=\"text-secondary text-uppercase h3 mb-30\">Descripci\u00f3n del producto<\/h2>\n<p><strong>Muy peque\u00f1a silla de ruedas el\u00e9ctrica plegable ligera Comfort C2<\/strong><\/p>\n<p><strong><em>\u00a1NUEVO! \u00a1El Kaigo 2023 compacto Comfort C2!<\/em><\/strong><\/p>\n<ul>\n<li>Respaldo suave y asiento suave c\u00f3modos<\/li>\n<li>Excelentes cualidades anti-dec\u00fabito<\/li>\n<li>Incluye reposapi\u00e9s de confort ajustables en \u00e1ngulo<\/li>\n<li>Con opci\u00f3n de lujoso reposacabezas ajustable<\/li>\n<li>Respaldo y asiento desmontables para plegar<\/li>\n<li>Plataforma para los pies intercambiable con reposapi\u00e9s de confort desmontables<\/li>\n<li>Joystick extensible en profundidad y posicionable<\/li>\n<\/ul>\n<p><strong>Caracter\u00edsticas est\u00e1ndar del Kaigo Compact<\/strong><\/p>\n<ul>\n<li>Muy f\u00e1cil de manejar<\/li>\n<li>Completamente plegable en 1 movimiento<\/li>\n<li>Peso total de solo 26 kg<\/li>\n<li>Utilizable en interiores y exteriores<\/li>\n<li>Alcance ampliable<\/li>\n<li>Incluye 1 bater\u00eda, opci\u00f3n para 1 o 2 bater\u00edas adicionales<\/li>\n<\/ul>\n<p>La silla de ruedas el\u00e9ctrica compacta Kaigo Comfort es muy f\u00e1cil de manejar gracias a su joystick muy ligero y manejable.<\/p>\n<p>La silla de ruedas el\u00e9ctrica compacta de Kaigo tambi\u00e9n es adecuada para uso tanto en interiores como en exteriores. Con un alcance de <strong>15<\/strong><strong> km <\/strong>no se quedar\u00e1 sin energ\u00eda r\u00e1pidamente durante el d\u00eda. Para su seguridad, la silla de ruedas el\u00e9ctrica tambi\u00e9n est\u00e1 equipada de serie con ruedas anti-vuelco, neum\u00e1ticos macizos que nunca se pinchan, un v<\/p>","protected":false},"excerpt":{"rendered":"<div class=\"row product-specifications\">\n<div class=\"col-md-6\">\n<div class=\"spec-table\">\n<div class=\"spec-table-row\">\n<div>Peso total<\/div>\n<div>\n<div>26 kg<\/div>\n<\/div>\n<\/div>\n<div class=\"spec-table-row\">\n<div>Velocidad m\u00e1xima<\/div>\n<div>\n<div>6.5 km<\/div>\n<\/div>\n<\/div>\n<div class=\"spec-table-row\">\n<div>Autonom\u00eda (alcance)<\/div>\n<div>\n<div>15 km<\/div>\n<\/div>\n<\/div>\n<div class=\"spec-table-row\">\n<div>Ampere de la bater\u00eda<\/div>\n<div>\n<div>10<\/div>\n<\/div>\n<\/div>\n<div class=\"spec-table-row\">\n<div>Radio de giro<\/div>\n<div>\n<div>84 cm<\/div>\n<\/div>\n<\/div>\n<div class=\"spec-table-row\">\n<div>Peso m\u00e1ximo del usuario<\/div>\n<div>\n<div>160 kg<\/div>\n<\/div>\n<\/div>\n<div class=\"spec-table-row\">\n<div>Per\u00edodo de garant\u00eda<\/div>\n<div>\n<div>2 a\u00f1os<\/div>\n<\/div>\n<\/div>\n<div class=\"spec-table-row\">\n<div>Marca<\/div>\n<div>\n<div>Kaigo<\/div>\n<\/div>\n<\/div>\n<div class=\"spec-table-row\">\n<div>Color<\/div>\n<div>\n<div>Plateado<\/div>\n<\/div>\n<\/div>\n<div class=\"spec-table-row\">\n<div>Material<\/div>\n<div>\n<div>Aluminio<\/div>\n<\/div>\n<\/div>\n<div class=\"spec-table-row\">\n<div>Longitud total<\/div>\n<div>\n<div>101 cm<\/div>\n<\/div>\n<\/div>\n<div class=\"spec-table-row\">\n<div>Anchura total<\/div>\n<div>\n<div>60 cm<\/div>\n<\/div>\n<\/div>\n<div class=\"spec-table-row\">\n<div>Altura total<\/div>\n<div>\n<div>128 cm<\/div>\n<\/div>\n<\/div>\n<div class=\"spec-table-row\">\n<div>Unidad<\/div>\n<div>\n<div>por pieza<\/div>\n<\/div>\n<\/div>\n<div class=\"spec-table-row\">\n<div>Embalaje<\/div>","protected":false},"featured_media":7720,"comment_status":"open","ping_status":"closed","template":"","meta":[],"product_brand":[],"product_cat":[15],"product_tag":[],"class_list":{"0":"post-7716","1":"product","2":"type-product","3":"status-publish","4":"has-post-thumbnail","6":"product_cat-niet-geclassificeerd","8":"first","9":"instock","10":"taxable","11":"shipping-taxable","12":"purchasable","13":"product-type-simple"},"_links":{"self":[{"href":"https:\/\/cabashippinginternational.com\/en\/wp-json\/wp\/v2\/product\/7716","targetHints":{"allow":["GET"]}}],"collection":[{"href":"https:\/\/cabashippinginternational.com\/en\/wp-json\/wp\/v2\/product"}],"about":[{"href":"https:\/\/cabashippinginternational.com\/en\/wp-json\/wp\/v2\/types\/product"}],"replies":[{"embeddable":true,"href":"https:\/\/cabashippinginternational.com\/en\/wp-json\/wp\/v2\/comments?post=7716"}],"wp:featuredmedia":[{"embeddable":true,"href":"https:\/\/cabashippinginternational.com\/en\/wp-json\/wp\/v2\/media\/7720"}],"wp:attachment":[{"href":"https:\/\/cabashippinginternational.com\/en\/wp-json\/wp\/v2\/media?parent=7716"}],"wp:term":[{"taxonomy":"product_brand","embeddable":true,"href":"https:\/\/cabashippinginternational.com\/en\/wp-json\/wp\/v2\/product_brand?post=7716"},{"taxonomy":"product_cat","embeddable":true,"href":"https:\/\/cabashippinginternational.com\/en\/wp-json\/wp\/v2\/product_cat?post=7716"},{"taxonomy":"product_tag","embeddable":true,"href":"https:\/\/cabashippinginternational.com\/en\/wp-json\/wp\/v2\/product_tag?post=7716"}],"curies":[{"name":"wp","href":"https:\/\/api.w.org\/{rel}","templated":true}]}}