{"id":7712,"date":"2026-02-08T17:47:04","date_gmt":"2026-02-08T17:47:04","guid":{"rendered":"https:\/\/elektronica-aanhangers-houten.nl\/?post_type=product&#038;p=7712"},"modified":"2026-02-22T03:39:16","modified_gmt":"2026-02-22T03:39:16","slug":"duwondersteuning-voor-rolstoel-v-drive-hd-tot-200kg","status":"publish","type":"product","link":"https:\/\/cabashippinginternational.com\/en\/produit\/duwondersteuning-voor-rolstoel-v-drive-hd-tot-200kg\/","title":{"rendered":"Soporte para silla de ruedas V Drive HD hasta 200 kg"},"content":{"rendered":"<h2 class=\"text-secondary text-uppercase h3 mb-30\">Descripci\u00f3n del producto<\/h2>\n<p><b>Asistencia de empuje para silla de ruedas Vermeiren V Drive HD hasta 200kg<\/b><\/p>\n<ul>\n<li>F\u00e1cil de montar<\/li>\n<li>Se adapta a casi cualquier silla de ruedas est\u00e1ndar<\/li>\n<li>Tiempo de carga de aproximadamente 8 horas<\/li>\n<li>Autonom\u00eda de hasta 16km<\/li>\n<li>Carga m\u00e1xima de hasta 200kg<\/li>\n<li>Adecuado para sillas de ruedas con ancho de asiento de hasta 60cm<\/li>\n<\/ul>\n<p>Haga que empujar la silla de ruedas sea m\u00e1s f\u00e1cil con la asistencia de empuje V Drive Heavy Duty, que se puede montar en casi cualquier silla de ruedas est\u00e1ndar.<br \/>\nSi lo desea, puede desmontar la V Drive con pocas acciones para que la silla de ruedas vuelva a ser est\u00e1ndar.<br \/>\nEl manejo es muy sencillo y con el regulador de velocidad ajustable de forma continua puede conducir a un m\u00e1ximo de 6km por hora.<br \/>\nEsta versi\u00f3n Heavy Duty de la V Drive soporta hasta 200 kg, a diferencia de la versi\u00f3n est\u00e1ndar que soporta hasta 135kg.<\/p>","protected":false},"excerpt":{"rendered":"<div class=\"spec-table-row\">\n<div>Peso total<\/div>\n<div>\n<div>20.5 kg<\/div>\n<\/div>\n<\/div>\n<div class=\"spec-table-row\">\n<div>Velocidad m\u00e1xima<\/div>\n<div>\n<div>6 km<\/div>\n<\/div>\n<\/div>\n<div class=\"spec-table-row\">\n<div>Autonom\u00eda (alcance)<\/div>\n<div>\n<div>16 km<\/div>\n<\/div>\n<\/div>\n<div class=\"spec-table-row\">\n<div>Ampere de la bater\u00eda<\/div>\n<div>\n<div>24<\/div>\n<\/div>\n<\/div>\n<div class=\"spec-table-row\">\n<div>Peso m\u00e1ximo del usuario<\/div>\n<div>\n<div>200 kg<\/div>\n<\/div>\n<\/div>\n<div class=\"spec-table-row\">\n<div>Per\u00edodo de garant\u00eda<\/div>\n<div>\n<div>2 a\u00f1os<\/div>\n<\/div>\n<\/div>\n<div class=\"spec-table-row\">\n<div>Marca<\/div>\n<div>\n<div>Drive<\/div>\n<\/div>\n<\/div>\n<div class=\"spec-table-row\">\n<div>Color<\/div>\n<div>\n<div>Negro<\/div>\n<\/div>\n<\/div>\n<div class=\"spec-table-row\">\n<div>Longitud total<\/div>\n<div>\n<div>41 cm<\/div>\n<\/div>\n<\/div>\n<div class=\"spec-table-row\">\n<div>Anchura total<\/div>\n<div>\n<div>46 cm<\/div>\n<\/div>\n<\/div>\n<div class=\"spec-table-row\">\n<div>Altura total<\/div>\n<div>\n<div>40 cm<\/div>\n<\/div>\n<\/div>\n<div class=\"spec-table-row\">\n<div>Unidad<\/div>\n<div>\n<div>por pieza<\/div>\n<\/div>\n<\/div>\n<div class=\"spec-table-row\">\n<div>Dimensiones del embalaje (lxbxh)<\/div>\n<div>\n<div>41 x 40 60 cm<\/div>\n<\/div>\n<\/div>\n<div class=\"spec-table-row\">\n<div>Soportes anti-vuelco<\/div>\n<div>\n<div>no<\/div>\n<\/div>\n<\/div>\n<div class=\"spec-table-row\">\n<div>Dimensiones de las ruedas traseras<\/div>\n<div>\n<div>6 pulgadas<\/div>\n<\/div>\n<\/div>","protected":false},"featured_media":7713,"comment_status":"open","ping_status":"closed","template":"","meta":[],"product_brand":[],"product_cat":[15],"product_tag":[],"class_list":{"0":"post-7712","1":"product","2":"type-product","3":"status-publish","4":"has-post-thumbnail","6":"product_cat-niet-geclassificeerd","8":"first","9":"instock","10":"taxable","11":"shipping-taxable","12":"purchasable","13":"product-type-simple"},"_links":{"self":[{"href":"https:\/\/cabashippinginternational.com\/en\/wp-json\/wp\/v2\/product\/7712","targetHints":{"allow":["GET"]}}],"collection":[{"href":"https:\/\/cabashippinginternational.com\/en\/wp-json\/wp\/v2\/product"}],"about":[{"href":"https:\/\/cabashippinginternational.com\/en\/wp-json\/wp\/v2\/types\/product"}],"replies":[{"embeddable":true,"href":"https:\/\/cabashippinginternational.com\/en\/wp-json\/wp\/v2\/comments?post=7712"}],"wp:featuredmedia":[{"embeddable":true,"href":"https:\/\/cabashippinginternational.com\/en\/wp-json\/wp\/v2\/media\/7713"}],"wp:attachment":[{"href":"https:\/\/cabashippinginternational.com\/en\/wp-json\/wp\/v2\/media?parent=7712"}],"wp:term":[{"taxonomy":"product_brand","embeddable":true,"href":"https:\/\/cabashippinginternational.com\/en\/wp-json\/wp\/v2\/product_brand?post=7712"},{"taxonomy":"product_cat","embeddable":true,"href":"https:\/\/cabashippinginternational.com\/en\/wp-json\/wp\/v2\/product_cat?post=7712"},{"taxonomy":"product_tag","embeddable":true,"href":"https:\/\/cabashippinginternational.com\/en\/wp-json\/wp\/v2\/product_tag?post=7712"}],"curies":[{"name":"wp","href":"https:\/\/api.w.org\/{rel}","templated":true}]}}