{"id":7705,"date":"2026-02-08T17:39:28","date_gmt":"2026-02-08T17:39:28","guid":{"rendered":"https:\/\/elektronica-aanhangers-houten.nl\/?post_type=product&#038;p=7705"},"modified":"2026-02-22T03:39:31","modified_gmt":"2026-02-22T03:39:31","slug":"elektrische-rolstoel-opvouwbaar-smart-chair-xl-zitbreedte-54cm","status":"publish","type":"product","link":"https:\/\/cabashippinginternational.com\/en\/produit\/elektrische-rolstoel-opvouwbaar-smart-chair-xl-zitbreedte-54cm\/","title":{"rendered":"Silla de ruedas el\u00e9ctrica plegable Smart Chair XL (ancho de asiento 54 cm)"},"content":{"rendered":"<h2 class=\"text-secondary text-uppercase h3 mb-30\">Descripci\u00f3n del producto<\/h2>\n<p><strong>Silla de ruedas el\u00e9ctrica plegable Smart Chair XL<\/strong><\/p>\n<ul>\n<li>F\u00e1cil de manejar<\/li>\n<li>Ancho de asiento amplio de 54 cm<\/li>\n<li>Completamente plegable en 1 movimiento<\/li>\n<li>Peso total de solo 25 kg<\/li>\n<li>Utilizable tanto en interiores como en exteriores<\/li>\n<li>Velocidad de 6 km\/h, Autonom\u00eda de 18 km<\/li>\n<li>Muchas opciones adicionales disponibles<\/li>\n<\/ul>\n<p>La silla de ruedas el\u00e9ctrica plegable Smart Chair es muy f\u00e1cil de manejar gracias a la c\u00f3moda palanca de control (joystick).<\/p>\n<p>Mientras que las peque\u00f1as scooters de viaje ofrecen poco apoyo y comodidad, las sillas de ruedas el\u00e9ctricas tradicionales son muy complejas, torpes y pesadas. Transportarlas a menudo es imposible. Por el contrario, la silla de ruedas Smart Chair se pliega de manera compacta en un abrir y cerrar de ojos. El marco de aluminio duradero y ligero se puede transportar f\u00e1cilmente en el maletero de su coche o en el avi\u00f3n. Adem\u00e1s, puede rodar la Smart Chair plegada como un carrito. El modelo cuenta con una plataforma central est\u00e1ndar y la opci\u00f3n de reposapi\u00e9s ajustables para mayor comodidad. Adem\u00e1s de estos reposapi\u00e9s, hay varias opciones disponibles como una maleta de almacenamiento\/viaje, soporte para bast\u00f3n, portavasos y un elevador de maletero, as\u00ed como la posibilidad de colocar su joystick en la parte trasera para el control por parte de un acompa\u00f1ante.<\/p>\n<p>Las ligeras bater\u00edas de litio ofrecen hasta 18 km de diversi\u00f3n al conducir. As\u00ed podr\u00e1 salir de forma espont\u00e1nea sin preocuparse.<\/p>","protected":false},"excerpt":{"rendered":"<div class=\"row product-specifications\">\n<div class=\"col-md-6\">\n<div class=\"spec-table\">\n<div class=\"spec-table-row\">\n<div>Peso total<\/div>\n<div>\n<div>24.8 kg<\/div>\n<\/div>\n<\/div>\n<div class=\"spec-table-row\">\n<div>Velocidad m\u00e1xima<\/div>\n<div>\n<div>6.5 km<\/div>\n<\/div>\n<\/div>\n<div class=\"spec-table-row\">\n<div>Autonom\u00eda (alcance)<\/div>\n<div>\n<div>18 km<\/div>\n<\/div>\n<\/div>\n<div class=\"spec-table-row\">\n<div>Ampere de la bater\u00eda<\/div>\n<div>\n<div>10<\/div>\n<\/div>\n<\/div>\n<div class=\"spec-table-row\">\n<div>Radio de giro<\/div>\n<div>\n<div>95 cm<\/div>\n<\/div>\n<\/div>\n<div class=\"spec-table-row\">\n<div>Peso m\u00e1ximo del usuario<\/div>\n<div>\n<div>150 kg<\/div>\n<\/div>\n<\/div>\n<div class=\"spec-table-row\">\n<div>Per\u00edodo de garant\u00eda<\/div>\n<div>\n<div>2 a\u00f1os<\/div>\n<\/div>\n<\/div>\n<div class=\"spec-table-row\">\n<div>Marca<\/div>\n<div>\n<div>Skyline<\/div>\n<\/div>\n<\/div>\n<div class=\"spec-table-row\">\n<div>Color<\/div>\n<div>\n<div>Plateado<\/div>\n<\/div>\n<\/div>\n<div class=\"spec-table-row\">\n<div>Material<\/div>\n<div>\n<div>Aluminio<\/div>\n<\/div>\n<\/div>\n<div class=\"spec-table-row\">\n<div>Longitud total<\/div>\n<div>\n<div>93 cm<\/div>\n<\/div>\n<\/div>\n<div class=\"spec-table-row\">\n<div>Anchura total<\/div>\n<div>\n<div>66 cm<\/div>\n<\/div>\n<\/div>\n<div class=\"spec-table-row\">\n<div>Altura total<\/div>\n<div>\n<div>91 cm<\/div>\n<\/div>\n<\/div>\n<div class=\"spec-table-row\">\n<div>Unidad<\/div>\n<div>\n<div>por pieza<\/div>\n<\/div>\n<\/div>\n<div class=\"spec-table-row\">\n<div>Embalaje<\/div>","protected":false},"featured_media":7706,"comment_status":"open","ping_status":"closed","template":"","meta":[],"product_brand":[],"product_cat":[15],"product_tag":[],"class_list":{"0":"post-7705","1":"product","2":"type-product","3":"status-publish","4":"has-post-thumbnail","6":"product_cat-niet-geclassificeerd","8":"first","9":"instock","10":"taxable","11":"shipping-taxable","12":"purchasable","13":"product-type-simple"},"_links":{"self":[{"href":"https:\/\/cabashippinginternational.com\/en\/wp-json\/wp\/v2\/product\/7705","targetHints":{"allow":["GET"]}}],"collection":[{"href":"https:\/\/cabashippinginternational.com\/en\/wp-json\/wp\/v2\/product"}],"about":[{"href":"https:\/\/cabashippinginternational.com\/en\/wp-json\/wp\/v2\/types\/product"}],"replies":[{"embeddable":true,"href":"https:\/\/cabashippinginternational.com\/en\/wp-json\/wp\/v2\/comments?post=7705"}],"wp:featuredmedia":[{"embeddable":true,"href":"https:\/\/cabashippinginternational.com\/en\/wp-json\/wp\/v2\/media\/7706"}],"wp:attachment":[{"href":"https:\/\/cabashippinginternational.com\/en\/wp-json\/wp\/v2\/media?parent=7705"}],"wp:term":[{"taxonomy":"product_brand","embeddable":true,"href":"https:\/\/cabashippinginternational.com\/en\/wp-json\/wp\/v2\/product_brand?post=7705"},{"taxonomy":"product_cat","embeddable":true,"href":"https:\/\/cabashippinginternational.com\/en\/wp-json\/wp\/v2\/product_cat?post=7705"},{"taxonomy":"product_tag","embeddable":true,"href":"https:\/\/cabashippinginternational.com\/en\/wp-json\/wp\/v2\/product_tag?post=7705"}],"curies":[{"name":"wp","href":"https:\/\/api.w.org\/{rel}","templated":true}]}}