{"id":7698,"date":"2026-02-08T17:30:55","date_gmt":"2026-02-08T17:30:55","guid":{"rendered":"https:\/\/elektronica-aanhangers-houten.nl\/?post_type=product&#038;p=7698"},"modified":"2026-02-22T03:39:45","modified_gmt":"2026-02-22T03:39:45","slug":"duwondersteuning-voor-rolstoel-click-go-compact-ii","status":"publish","type":"product","link":"https:\/\/cabashippinginternational.com\/en\/produit\/duwondersteuning-voor-rolstoel-click-go-compact-ii\/","title":{"rendered":"Soporte para silla de ruedas Click &#038; Go Compact II"},"content":{"rendered":"<p><b>Excel Click &amp; Go<\/b><b>Compact II<\/b><b> soporte de empuje para sillas de ruedas<\/b><\/p>\n<p>F\u00e1cil de colocar en casi cualquier silla de ruedas y f\u00e1cil de manejar.<\/p>\n<ul>\n<li>\u00a1Adecuado para casi cualquier silla de ruedas!<\/li>\n<li>Periodo de garant\u00eda de 1 a\u00f1o en el Click and Go y 6 meses en la bater\u00eda<\/li>\n<li>Muy compacto y f\u00e1cil de usar<\/li>\n<li>Autonom\u00eda de 15 km con 2x 12 ah bater\u00edas<\/li>\n<li>F\u00e1cil de montar por uno mismo<\/li>\n<li>Por supuesto, tambi\u00e9n podemos montar el Click &amp; Go en nuestras instalaciones sin costo adicional.<\/li>\n<li>Versi\u00f3n con barra de empuje adicional para dirigir en la parte trasera<\/li>\n<\/ul>\n<p>El Click &amp; Go Lite es muy ligero y, por lo tanto, f\u00e1cil de llevar a cualquier lugar.<br \/>\n\u00bfNo necesita el soporte de empuje por un momento? No hay problema, el sistema de propulsi\u00f3n se puede quitar f\u00e1cilmente o colocar por separado del suelo.<br \/>\nEste compacto asistente de empuje est\u00e1 equipado de serie con 2 ruedas que proporcionan la propulsi\u00f3n.<\/p>\n<p>Este asistente de empuje tiene electr\u00f3nica controlada por microprocesador que es programable. Con esto, se pueden ajustar completamente aspectos como la velocidad y la aceleraci\u00f3n seg\u00fan las necesidades. El Click and Go cumple con la Norma Europea EN12184<\/p>\n<p><em>Adecuado para sillas de ruedas con un ancho de asiento de 40 cm a 50 cm<\/em><\/p>","protected":false},"excerpt":{"rendered":"<h2 class=\"text-secondary text-uppercase h3 mb-30\">Especificaciones<\/h2>\n<div class=\"spec-table\">\n<div class=\"spec-table-row\">\n<div>Peso total<\/div>\n<div>\n<div>22.5 kg<\/div>\n<\/div>\n<\/div>\n<div class=\"spec-table-row\">\n<div>Velocidad m\u00e1xima<\/div>\n<div>\n<div>6 km<\/div>\n<\/div>\n<\/div>\n<div class=\"spec-table-row\">\n<div>Autonom\u00eda (alcance)<\/div>\n<div>\n<div>15 km<\/div>\n<\/div>\n<\/div>\n<div class=\"spec-table-row\">\n<div>Bater\u00eda Ampere<\/div>\n<div>\n<div>12 Ah<\/div>\n<\/div>\n<\/div>\n<div class=\"spec-table-row\">\n<div>Peso m\u00e1ximo del usuario<\/div>\n<div>\n<div>135 kg<\/div>\n<\/div>\n<\/div>\n<div class=\"spec-table-row\">\n<div>Per\u00edodo de garant\u00eda<\/div>\n<div>\n<div>1 a\u00f1o<\/div>\n<\/div>\n<\/div>\n<div class=\"spec-table-row\">\n<div>Marca<\/div>\n<div>\n<div>Excel<\/div>\n<\/div>\n<\/div>\n<div class=\"spec-table-row\">\n<div>Color<\/div>\n<div>\n<div>Plateado<\/div>\n<\/div>\n<\/div>\n<div class=\"spec-table-row\">\n<div>Material<\/div>\n<div>\n<div>Acero<\/div>\n<\/div>\n<\/div>\n<div class=\"spec-table-row\">\n<div>Longitud total<\/div>\n<div>\n<div>48 cm<\/div>\n<\/div>\n<\/div>\n<div class=\"spec-table-row\">\n<div>Anchura total<\/div>\n<div>\n<div>36 cm<\/div>\n<\/div>\n<\/div>\n<div class=\"spec-table-row\">\n<div>Altura total<\/div>\n<div>\n<div>37 cm<\/div>\n<\/div>\n<\/div>\n<div class=\"spec-table-row\">\n<div>Unidad<\/div>\n<div>\n<div>por pieza<\/div>\n<\/div>\n<\/div>\n<div class=\"spec-table-row\">\n<div>Plegable<\/div>\n<div>\n<div>no<\/div>\n<\/div>\n<\/div>\n<div class=\"spec-table-row\">\n<div>N\u00famero de art\u00edculo<\/div>","protected":false},"featured_media":7699,"comment_status":"open","ping_status":"closed","template":"","meta":[],"product_brand":[],"product_cat":[15],"product_tag":[],"class_list":{"0":"post-7698","1":"product","2":"type-product","3":"status-publish","4":"has-post-thumbnail","6":"product_cat-niet-geclassificeerd","8":"first","9":"instock","10":"taxable","11":"shipping-taxable","12":"purchasable","13":"product-type-simple"},"_links":{"self":[{"href":"https:\/\/cabashippinginternational.com\/en\/wp-json\/wp\/v2\/product\/7698","targetHints":{"allow":["GET"]}}],"collection":[{"href":"https:\/\/cabashippinginternational.com\/en\/wp-json\/wp\/v2\/product"}],"about":[{"href":"https:\/\/cabashippinginternational.com\/en\/wp-json\/wp\/v2\/types\/product"}],"replies":[{"embeddable":true,"href":"https:\/\/cabashippinginternational.com\/en\/wp-json\/wp\/v2\/comments?post=7698"}],"wp:featuredmedia":[{"embeddable":true,"href":"https:\/\/cabashippinginternational.com\/en\/wp-json\/wp\/v2\/media\/7699"}],"wp:attachment":[{"href":"https:\/\/cabashippinginternational.com\/en\/wp-json\/wp\/v2\/media?parent=7698"}],"wp:term":[{"taxonomy":"product_brand","embeddable":true,"href":"https:\/\/cabashippinginternational.com\/en\/wp-json\/wp\/v2\/product_brand?post=7698"},{"taxonomy":"product_cat","embeddable":true,"href":"https:\/\/cabashippinginternational.com\/en\/wp-json\/wp\/v2\/product_cat?post=7698"},{"taxonomy":"product_tag","embeddable":true,"href":"https:\/\/cabashippinginternational.com\/en\/wp-json\/wp\/v2\/product_tag?post=7698"}],"curies":[{"name":"wp","href":"https:\/\/api.w.org\/{rel}","templated":true}]}}