{"id":7692,"date":"2026-02-08T17:19:45","date_gmt":"2026-02-08T17:19:45","guid":{"rendered":"https:\/\/elektronica-aanhangers-houten.nl\/?post_type=product&#038;p=7692"},"modified":"2026-02-22T03:40:04","modified_gmt":"2026-02-22T03:40:04","slug":"elektrische-rolstoel-excel-e-smart-plus","status":"publish","type":"product","link":"https:\/\/cabashippinginternational.com\/en\/produit\/elektrische-rolstoel-excel-e-smart-plus\/","title":{"rendered":"Silla de ruedas el\u00e9ctrica Excel E smart Plus"},"content":{"rendered":"<p><strong>Silla de ruedas el\u00e9ctrica Excel E Smart Plus<\/strong><\/p>\n<ul>\n<li>F\u00e1cil manejo con joystick<\/li>\n<li>Entrega a domicilio gratuita<\/li>\n<li>Para uso en interiores y exteriores<\/li>\n<li>F\u00e1cil de desmontar y transportar<\/li>\n<\/ul>\n<p>La Silla de ruedas el\u00e9ctrica E-Smart Plus de Excel de Os Medical es una silla de ruedas el\u00e9ctrica adecuada para interiores y exteriores.<\/p>\n<p>La E-Smart Plus es f\u00e1cil de desmontar y, por lo tanto, tambi\u00e9n se puede transportar en su coche.<\/p>\n<p>Lo \u00fanico de la E-Smart Plus es el asiento ajustable en altura.<br \/>\nCon un control el\u00e9ctrico, puede ajustar el asiento a la altura deseada, lo que es conveniente, por ejemplo, para la mesa del comedor o en la cocina.<\/p>\n<p>Toda la bater\u00eda se puede desconectar de la silla de ruedas con un solo movimiento de la mano, el respaldo tambi\u00e9n es plegable para reducir la altura de transporte.<br \/>\nDespu\u00e9s del desmontaje, solo queda el chasis con ruedas para levantar en el coche.<\/p>\n<p>Si busca una silla de ruedas el\u00e9ctrica ajustable en altura que sea maniobrable y que pueda llevar a cualquier lugar, la E-Smart Plus es una excelente opci\u00f3n para usted.<\/p>\n<p>La E-Smart Plus tambi\u00e9n est\u00e1 disponible como modelo E-Smart Basic, que no tiene funci\u00f3n el\u00e9ctrica de subida y bajada, donde puede ajustar el asiento a la altura deseada.<br \/>\nHaga clic aqu\u00ed para el E-Smart Basic.<\/p>","protected":false},"excerpt":{"rendered":"<div class=\"row product-specifications\">\n<div class=\"col-md-6\">\n<div class=\"spec-table\">\n<div class=\"spec-table-row\">\n<div>Peso total<\/div>\n<div>\n<div>69.5 kg<\/div>\n<\/div>\n<\/div>\n<div class=\"spec-table-row\">\n<div>Velocidad m\u00e1xima<\/div>\n<div>\n<div>8 km<\/div>\n<\/div>\n<\/div>\n<div class=\"spec-table-row\">\n<div>Autonom\u00eda (alcance)<\/div>\n<div>\n<div>17.7 km<\/div>\n<\/div>\n<\/div>\n<div class=\"spec-table-row\">\n<div>Bater\u00eda Ampere<\/div>\n<div>\n<div>18 Ah<\/div>\n<\/div>\n<\/div>\n<div class=\"spec-table-row\">\n<div>Radio de giro<\/div>\n<div>\n<div>66 cm<\/div>\n<\/div>\n<\/div>\n<div class=\"spec-table-row\">\n<div>Peso m\u00e1ximo del usuario<\/div>\n<div>\n<div>136 kg<\/div>\n<\/div>\n<\/div>\n<div class=\"spec-table-row\">\n<div>Per\u00edodo de garant\u00eda<\/div>\n<div>\n<div>2 a\u00f1os<\/div>\n<\/div>\n<\/div>\n<div class=\"spec-table-row\">\n<div>Marca<\/div>\n<div>\n<div>Excel<\/div>\n<\/div>\n<\/div>\n<div class=\"spec-table-row\">\n<div>Color<\/div>\n<div>\n<div>Negro<\/div>\n<\/div>\n<\/div>\n<div class=\"spec-table-row\">\n<div>Material<\/div>\n<div>\n<div>Acero<\/div>\n<\/div>\n<\/div>\n<div class=\"spec-table-row\">\n<div>Longitud total<\/div>\n<div>\n<div>94 cm<\/div>\n<\/div>\n<\/div>\n<div class=\"spec-table-row\">\n<div>Anchura total<\/div>\n<div>\n<div>57 cm<\/div>\n<\/div>\n<\/div>\n<div class=\"spec-table-row\">\n<div>Altura total<\/div>\n<div>\n<div>66 cm<\/div>\n<\/div>\n<\/div>\n<div class=\"spec-table-row\">\n<div>Unidad<\/div>\n<div>\n<div>por pieza<\/div>\n<\/div>\n<\/div>\n<div class=\"spec-table-row\">\n<div>Plegable<\/div>","protected":false},"featured_media":7693,"comment_status":"open","ping_status":"closed","template":"","meta":[],"product_brand":[],"product_cat":[15],"product_tag":[],"class_list":{"0":"post-7692","1":"product","2":"type-product","3":"status-publish","4":"has-post-thumbnail","6":"product_cat-niet-geclassificeerd","8":"first","9":"instock","10":"taxable","11":"shipping-taxable","12":"purchasable","13":"product-type-simple"},"_links":{"self":[{"href":"https:\/\/cabashippinginternational.com\/en\/wp-json\/wp\/v2\/product\/7692","targetHints":{"allow":["GET"]}}],"collection":[{"href":"https:\/\/cabashippinginternational.com\/en\/wp-json\/wp\/v2\/product"}],"about":[{"href":"https:\/\/cabashippinginternational.com\/en\/wp-json\/wp\/v2\/types\/product"}],"replies":[{"embeddable":true,"href":"https:\/\/cabashippinginternational.com\/en\/wp-json\/wp\/v2\/comments?post=7692"}],"wp:featuredmedia":[{"embeddable":true,"href":"https:\/\/cabashippinginternational.com\/en\/wp-json\/wp\/v2\/media\/7693"}],"wp:attachment":[{"href":"https:\/\/cabashippinginternational.com\/en\/wp-json\/wp\/v2\/media?parent=7692"}],"wp:term":[{"taxonomy":"product_brand","embeddable":true,"href":"https:\/\/cabashippinginternational.com\/en\/wp-json\/wp\/v2\/product_brand?post=7692"},{"taxonomy":"product_cat","embeddable":true,"href":"https:\/\/cabashippinginternational.com\/en\/wp-json\/wp\/v2\/product_cat?post=7692"},{"taxonomy":"product_tag","embeddable":true,"href":"https:\/\/cabashippinginternational.com\/en\/wp-json\/wp\/v2\/product_tag?post=7692"}],"curies":[{"name":"wp","href":"https:\/\/api.w.org\/{rel}","templated":true}]}}