{"id":7686,"date":"2026-02-08T17:12:42","date_gmt":"2026-02-08T17:12:42","guid":{"rendered":"https:\/\/elektronica-aanhangers-houten.nl\/?post_type=product&#038;p=7686"},"modified":"2026-02-22T03:40:21","modified_gmt":"2026-02-22T03:40:21","slug":"duwondersteuning-inclusief-rolstoel","status":"publish","type":"product","link":"https:\/\/cabashippinginternational.com\/en\/produit\/duwondersteuning-inclusief-rolstoel\/","title":{"rendered":"Apoyo a la movilidad, incluida la silla de ruedas."},"content":{"rendered":"<h2 class=\"text-secondary text-uppercase h3 mb-30\">Descripci\u00f3n del producto<\/h2>\n<p><strong>Entregado montado en un Vermeiren D-100 valorado en 289,00 y el Click and Go Lite II valorado en 1199,00 \u20ac<\/strong><\/p>\n<ul>\n<li>Silla de ruedas plegable de alta calidad<\/li>\n<li>Incluye barras de empuje extendidas y ajustables en altura<\/li>\n<li>Per\u00edodo de garant\u00eda de 2 a\u00f1os en la silla de ruedas<\/li>\n<li>Ruedas traseras desmontables para un transporte f\u00e1cil<\/li>\n<li>Reposapi\u00e9s desmontables y ajustables en altura<\/li>\n<li>Excelente relaci\u00f3n calidad\/precio<\/li>\n<li>Apoyabrazos plegables y ajustables en altura<\/li>\n<li>Esta silla de ruedas cumple con la norma de prueba <strong>EN 12183<\/strong> y la norma de prueba de choque <strong>ISO 7176-19<\/strong> para transporte en taxi (VVR) <strong>Transporte Seguro de<\/strong> <strong>Pasajeros en Sillas de Ruedas.<\/li>\n<\/ul>\n<p>El soporte de empuje entregado es el <strong>Excel Click &amp; Go Lite II soporte de empuje para sillas de ruedas<\/strong><\/p>\n<ul>\n<li>Adecuado para casi cualquier silla de ruedas con tubos redondos de 22 y 25 mm<\/li>\n<li>Per\u00edodo de garant\u00eda de 1 a\u00f1o en el Click and Go y 6 meses en la bater\u00eda<\/li>\n<li>Muy ligero, compacto y f\u00e1cil de usar<\/li>\n<li>F\u00e1cil de montar por uno mismo<\/li>\n<li>Autonom\u00eda de hasta 8 km<\/li>\n<li>Por supuesto, tambi\u00e9n podemos montar el Click and Go en el lugar en una silla de ruedas a su gusto<\/li>\n<\/ul>\n<p>El Click &amp; Go Lite es muy ligero y, por lo tanto, f\u00e1cil de llevar a cualquier parte. \u00bfNecesita el soporte de empuje?<\/p>","protected":false},"excerpt":{"rendered":"<div class=\"row product-specifications\">\n<div class=\"col-md-6\">\n<div class=\"spec-table\">\n<div class=\"spec-table-row\">\n<div>Peso total<\/div>\n<div>\n<div>40 kg<\/div>\n<\/div>\n<\/div>\n<div class=\"spec-table-row\">\n<div>Velocidad m\u00e1xima<\/div>\n<div>\n<div>5.5 km<\/div>\n<\/div>\n<\/div>\n<div class=\"spec-table-row\">\n<div>Autonom\u00eda (alcance)<\/div>\n<div>\n<div>8 km<\/div>\n<\/div>\n<\/div>\n<div class=\"spec-table-row\">\n<div>Peso m\u00e1ximo del usuario<\/div>\n<div>\n<div>125 kg<\/div>\n<\/div>\n<\/div>\n<div class=\"spec-table-row\">\n<div>Per\u00edodo de garant\u00eda<\/div>\n<div>\n<div>1 a\u00f1o<\/div>\n<\/div>\n<\/div>\n<div class=\"spec-table-row\">\n<div>Marca<\/div>\n<div>\n<div>Excel<\/div>\n<\/div>\n<\/div>\n<div class=\"spec-table-row\">\n<div>Color<\/div>\n<div>\n<div>gris<\/div>\n<\/div>\n<\/div>\n<div class=\"spec-table-row\">\n<div>Material<\/div>\n<div>\n<div>Acero<\/div>\n<\/div>\n<\/div>\n<div class=\"spec-table-row\">\n<div>Longitud total<\/div>\n<div>\n<div>100cm<\/div>\n<\/div>\n<\/div>\n<div class=\"spec-table-row\">\n<div>Anchura total<\/div>\n<div>\n<div>65 cm<\/div>\n<\/div>\n<\/div>\n<div class=\"spec-table-row\">\n<div>Altura total<\/div>\n<div>\n<div>105 cm<\/div>\n<\/div>\n<\/div>\n<div class=\"spec-table-row\">\n<div>Unidad<\/div>\n<div>\n<div>por pieza<\/div>\n<\/div>\n<\/div>\n<div class=\"spec-table-row\">\n<div>Dimensiones de las ruedas delanteras<\/div>\n<div>\n<div>190&#215;50<\/div>\n<\/div>\n<\/div>\n<div class=\"spec-table-row\">\n<div>Soportes anti-vuelco<\/div>\n<div>\n<div>opci\u00f3n<\/div>\n<\/div>\n<\/div>\n<div class=\"spec-table-row\">\n<d\n<\/p>","protected":false},"featured_media":7687,"comment_status":"open","ping_status":"closed","template":"","meta":[],"product_brand":[],"product_cat":[15],"product_tag":[],"class_list":{"0":"post-7686","1":"product","2":"type-product","3":"status-publish","4":"has-post-thumbnail","6":"product_cat-niet-geclassificeerd","8":"first","9":"instock","10":"taxable","11":"shipping-taxable","12":"purchasable","13":"product-type-simple"},"_links":{"self":[{"href":"https:\/\/cabashippinginternational.com\/en\/wp-json\/wp\/v2\/product\/7686","targetHints":{"allow":["GET"]}}],"collection":[{"href":"https:\/\/cabashippinginternational.com\/en\/wp-json\/wp\/v2\/product"}],"about":[{"href":"https:\/\/cabashippinginternational.com\/en\/wp-json\/wp\/v2\/types\/product"}],"replies":[{"embeddable":true,"href":"https:\/\/cabashippinginternational.com\/en\/wp-json\/wp\/v2\/comments?post=7686"}],"wp:featuredmedia":[{"embeddable":true,"href":"https:\/\/cabashippinginternational.com\/en\/wp-json\/wp\/v2\/media\/7687"}],"wp:attachment":[{"href":"https:\/\/cabashippinginternational.com\/en\/wp-json\/wp\/v2\/media?parent=7686"}],"wp:term":[{"taxonomy":"product_brand","embeddable":true,"href":"https:\/\/cabashippinginternational.com\/en\/wp-json\/wp\/v2\/product_brand?post=7686"},{"taxonomy":"product_cat","embeddable":true,"href":"https:\/\/cabashippinginternational.com\/en\/wp-json\/wp\/v2\/product_cat?post=7686"},{"taxonomy":"product_tag","embeddable":true,"href":"https:\/\/cabashippinginternational.com\/en\/wp-json\/wp\/v2\/product_tag?post=7686"}],"curies":[{"name":"wp","href":"https:\/\/api.w.org\/{rel}","templated":true}]}}