{"id":7678,"date":"2026-02-08T17:06:06","date_gmt":"2026-02-08T17:06:06","guid":{"rendered":"https:\/\/elektronica-aanhangers-houten.nl\/?post_type=product&#038;p=7678"},"modified":"2026-02-22T03:40:39","modified_gmt":"2026-02-22T03:40:39","slug":"opvouwbare-elektrische-rolstoel-kaigo-compact-premium","status":"publish","type":"product","link":"https:\/\/cabashippinginternational.com\/en\/produit\/opvouwbare-elektrische-rolstoel-kaigo-compact-premium\/","title":{"rendered":"Silla de ruedas el\u00e9ctrica plegable Kaigo Compact Premium"},"content":{"rendered":"<p><strong>Muy peque\u00f1a silla de ruedas el\u00e9ctrica ligera y plegable<\/strong><\/p>\n<p><strong><em>La Kaigo Compact Premium<\/em><\/strong><\/p>\n<ul>\n<li>F\u00e1cil de manejar<\/li>\n<li>Completamente plegable en 1 movimiento<\/li>\n<li>Peso total de solo 24 kg<\/li>\n<li>Utilizable tanto en interiores como en exteriores<\/li>\n<li>Alcance ampliable<\/li>\n<li>Versi\u00f3n con asiento m\u00e1s alto<\/li>\n<li>Ruedas traseras de 10 pulgadas de PU macizo<\/li>\n<li>Incluye 2 bater\u00edas, opci\u00f3n para 1 bater\u00eda adicional<\/li>\n<\/ul>\n<p>&nbsp;<\/p>\n<p>La silla de ruedas el\u00e9ctrica Premium Kaigo es muy f\u00e1cil de manejar gracias a la c\u00f3moda palanca de control (joystick). La silla de ruedas el\u00e9ctrica compacta de Kaigo es adecuada tanto para uso interior como exterior, con un uso seguro hasta un peso de usuario de <strong>160 kg<\/strong>.<\/p>\n<p>La Kaigo Compact Premium se entrega de serie con un cable de conexi\u00f3n para su bater\u00eda, lo que significa que no necesita mover toda la silla de ruedas hasta el enchufe cuando vaya a cargarla, puede llevar solo la bater\u00eda de 1,6 kg al enchufe. Adem\u00e1s, la versi\u00f3n Premium tiene el doble de alcance en comparaci\u00f3n con la versi\u00f3n est\u00e1ndar. Con un alcance de <strong>30 km<\/strong> por bater\u00eda<strong> <\/strong>no se quedar\u00e1 sin energ\u00eda r\u00e1pidamente durante el d\u00eda.<\/p>\n<p>El alcance tambi\u00e9n se puede ampliar hasta <strong>45 km<\/strong> con bater\u00edas adicionales. Para su seguridad, la silla de ruedas el\u00e9ctrica tambi\u00e9n est\u00e1 equipada de serie con ruedas anti-vuelco, neum\u00e1ticos macizos que nunca<\/p>","protected":false},"excerpt":{"rendered":"<div class=\"spec-table-row\">\n<div>Peso total<\/div>\n<div>\n<div>24.8 kg<\/div>\n<\/div>\n<\/div>\n<div class=\"spec-table-row\">\n<div>Velocidad m\u00e1xima<\/div>\n<div>\n<div>6.5 km<\/div>\n<\/div>\n<\/div>\n<div class=\"spec-table-row\">\n<div>Radio de acci\u00f3n (alcance)<\/div>\n<div>\n<div>30 km<\/div>\n<\/div>\n<\/div>\n<div class=\"spec-table-row\">\n<div>Amperios de la bater\u00eda<\/div>\n<div>\n<div>20<\/div>\n<\/div>\n<\/div>\n<div class=\"spec-table-row\">\n<div>C\u00edrculo de giro<\/div>\n<div>\n<div>84 cm<\/div>\n<\/div>\n<\/div>\n<div class=\"spec-table-row\">\n<div>Peso m\u00e1ximo del usuario<\/div>\n<div>\n<div>160 kg<\/div>\n<\/div>\n<\/div>\n<div class=\"spec-table-row\">\n<div>Per\u00edodo de garant\u00eda<\/div>\n<div>\n<div>2 a\u00f1os<\/div>\n<\/div>\n<\/div>\n<div class=\"spec-table-row\">\n<div>Marca<\/div>\n<div>\n<div>Kaigo<\/div>\n<\/div>\n<\/div>\n<div class=\"spec-table-row\">\n<div>Color<\/div>\n<div>\n<div>Plata<\/div>\n<\/div>\n<\/div>\n<div class=\"spec-table-row\">\n<div>Material<\/div>\n<div>\n<div>Aluminio<\/div>\n<\/div>\n<\/div>\n<div class=\"spec-table-row\">\n<div>Longitud total<\/div>\n<div>\n<div>101 cm<\/div>\n<\/div>\n<\/div>\n<div class=\"spec-table-row\">\n<div>Anchura total<\/div>\n<div>\n<div>60 cm<\/div>\n<\/div>\n<\/div>\n<div class=\"spec-table-row\">\n<div>Altura total<\/div>\n<div>\n<div>98.5 cm<\/div>\n<\/div>\n<\/div>\n<div class=\"spec-table-row\">\n<div>Unidad<\/div>\n<div>\n<div>por pieza<\/div>\n<\/div>\n<\/div>\n<div class=\"spec-table-row\">\n<div>Dimensiones del embalaje (lxbxh)<\/div>\n<div>\n<div>70 x 50 x 90 cm<\/div>\n<\/div>\n<\/div>","protected":false},"featured_media":7680,"comment_status":"open","ping_status":"closed","template":"","meta":[],"product_brand":[],"product_cat":[15],"product_tag":[],"class_list":{"0":"post-7678","1":"product","2":"type-product","3":"status-publish","4":"has-post-thumbnail","6":"product_cat-niet-geclassificeerd","8":"first","9":"instock","10":"taxable","11":"shipping-taxable","12":"purchasable","13":"product-type-simple"},"_links":{"self":[{"href":"https:\/\/cabashippinginternational.com\/en\/wp-json\/wp\/v2\/product\/7678","targetHints":{"allow":["GET"]}}],"collection":[{"href":"https:\/\/cabashippinginternational.com\/en\/wp-json\/wp\/v2\/product"}],"about":[{"href":"https:\/\/cabashippinginternational.com\/en\/wp-json\/wp\/v2\/types\/product"}],"replies":[{"embeddable":true,"href":"https:\/\/cabashippinginternational.com\/en\/wp-json\/wp\/v2\/comments?post=7678"}],"wp:featuredmedia":[{"embeddable":true,"href":"https:\/\/cabashippinginternational.com\/en\/wp-json\/wp\/v2\/media\/7680"}],"wp:attachment":[{"href":"https:\/\/cabashippinginternational.com\/en\/wp-json\/wp\/v2\/media?parent=7678"}],"wp:term":[{"taxonomy":"product_brand","embeddable":true,"href":"https:\/\/cabashippinginternational.com\/en\/wp-json\/wp\/v2\/product_brand?post=7678"},{"taxonomy":"product_cat","embeddable":true,"href":"https:\/\/cabashippinginternational.com\/en\/wp-json\/wp\/v2\/product_cat?post=7678"},{"taxonomy":"product_tag","embeddable":true,"href":"https:\/\/cabashippinginternational.com\/en\/wp-json\/wp\/v2\/product_tag?post=7678"}],"curies":[{"name":"wp","href":"https:\/\/api.w.org\/{rel}","templated":true}]}}