{"id":7670,"date":"2026-02-08T16:58:38","date_gmt":"2026-02-08T16:58:38","guid":{"rendered":"https:\/\/elektronica-aanhangers-houten.nl\/?post_type=product&#038;p=7670"},"modified":"2026-02-22T03:40:54","modified_gmt":"2026-02-22T03:40:54","slug":"opvouwbare-elektrische-rolstoel-kaigo-compact","status":"publish","type":"product","link":"https:\/\/cabashippinginternational.com\/en\/produit\/opvouwbare-elektrische-rolstoel-kaigo-compact\/","title":{"rendered":"Silla de ruedas el\u00e9ctrica plegable Kaigo Compact"},"content":{"rendered":"<p><strong>Muy peque\u00f1a silla de ruedas el\u00e9ctrica plegable y ligera<\/strong><\/p>\n<p><strong><em>\u00a1La Kaigo compacta!<\/em><\/strong><\/p>\n<ul>\n<li>F\u00e1cil de manejar<\/li>\n<li>Completamente plegable en 1 movimiento<\/li>\n<li>Peso total de solo 24 kg<\/li>\n<li>Utilizable tanto en interiores como en exteriores<\/li>\n<li>Alcance ampliable<\/li>\n<li>Incluye 1 bater\u00eda, opci\u00f3n para 1 o 2 bater\u00edas adicionales<\/li>\n<li>\u00a1Este modelo est\u00e1 aprobado para llevar en el avi\u00f3n!<\/li>\n<\/ul>\n<p>&nbsp;<\/p>\n<p>La silla de ruedas el\u00e9ctrica Kaigo es muy f\u00e1cil de manejar gracias a la c\u00f3moda palanca de control (joystick).<\/p>\n<p>La silla de ruedas el\u00e9ctrica compacta de Kaigo es adecuada tanto para uso en interiores como en exteriores. Con un alcance de <strong>15<\/strong><strong> km <\/strong>no se quedar\u00e1 sin energ\u00eda r\u00e1pidamente durante el d\u00eda. Para su seguridad, la silla de ruedas el\u00e9ctrica tambi\u00e9n est\u00e1 equipada de serie con ruedas anti-vuelco, neum\u00e1ticos macizos que nunca se pinchan, un cintur\u00f3n de seguridad y un uso seguro hasta un peso de usuario de <strong>160 kg<\/strong>.<\/p>\n<p>Esta silla de ruedas el\u00e9ctrica cuenta con un modo de libre circulaci\u00f3n que permite moverla f\u00e1cilmente y con poco esfuerzo a mano. Para una comodidad de conducci\u00f3n m\u00e1xima, la silla tiene un asiento muy c\u00f3modo y acolchado con reposabrazos suaves ajustables que tambi\u00e9n se pliegan f\u00e1cilmente para que pueda entrar por el lado de la silla de ruedas. El reposapi\u00e9s tambi\u00e9n es plegable, lo que facilita mucho la entrada y salida. Para un transporte sencillo es<\/p>","protected":false},"excerpt":{"rendered":"<div class=\"row product-specifications\">\n<div class=\"col-md-6\">\n<h2 class=\"text-secondary text-uppercase h3 mb-30\">Especificaciones<\/h2>\n<div class=\"spec-table\">\n<div class=\"spec-table-row\">\n<div>Peso total<\/div>\n<div>\n<div>24.8 kg<\/div>\n<\/div>\n<\/div>\n<div class=\"spec-table-row\">\n<div>Velocidad m\u00e1xima<\/div>\n<div>\n<div>6.5 km<\/div>\n<\/div>\n<\/div>\n<div class=\"spec-table-row\">\n<div>Autonom\u00eda (alcance)<\/div>\n<div>\n<div>15 km<\/div>\n<\/div>\n<\/div>\n<div class=\"spec-table-row\">\n<div>Ampere de la bater\u00eda<\/div>\n<div>\n<div>10<\/div>\n<\/div>\n<\/div>\n<div class=\"spec-table-row\">\n<div>Radio de giro<\/div>\n<div>\n<div>84 cm<\/div>\n<\/div>\n<\/div>\n<div class=\"spec-table-row\">\n<div>Peso m\u00e1ximo del usuario<\/div>\n<div>\n<div>160 kg<\/div>\n<\/div>\n<\/div>\n<div class=\"spec-table-row\">\n<div>Per\u00edodo de garant\u00eda<\/div>\n<div>\n<div>2 a\u00f1os<\/div>\n<\/div>\n<\/div>\n<div class=\"spec-table-row\">\n<div>Marca<\/div>\n<div>\n<div>Kaigo<\/div>\n<\/div>\n<\/div>\n<div class=\"spec-table-row\">\n<div>Color<\/div>\n<div>\n<div>Plata<\/div>\n<\/div>\n<\/div>\n<div class=\"spec-table-row\">\n<div>Material<\/div>\n<div>\n<div>Aluminio<\/div>\n<\/div>\n<\/div>\n<div class=\"spec-table-row\">\n<div>Longitud total<\/div>\n<div>\n<div>101 cm<\/div>\n<\/div>\n<\/div>\n<div class=\"spec-table-row\">\n<div>Anchura total<\/div>\n<div>\n<div>60 cm<\/div>\n<\/div>\n<\/div>\n<div class=\"spec-table-row\">\n<div>Altura total<\/div>\n<div>\n<div>98.5 cm<\/div>\n<\/div>\n<\/div>\n<div class=\"spec-table-row\">\n<div>Unidad<\/div>\n<div>\n<div>pe<\/p>","protected":false},"featured_media":7671,"comment_status":"open","ping_status":"closed","template":"","meta":[],"product_brand":[],"product_cat":[15],"product_tag":[],"class_list":{"0":"post-7670","1":"product","2":"type-product","3":"status-publish","4":"has-post-thumbnail","6":"product_cat-niet-geclassificeerd","8":"first","9":"instock","10":"taxable","11":"shipping-taxable","12":"purchasable","13":"product-type-simple"},"_links":{"self":[{"href":"https:\/\/cabashippinginternational.com\/en\/wp-json\/wp\/v2\/product\/7670","targetHints":{"allow":["GET"]}}],"collection":[{"href":"https:\/\/cabashippinginternational.com\/en\/wp-json\/wp\/v2\/product"}],"about":[{"href":"https:\/\/cabashippinginternational.com\/en\/wp-json\/wp\/v2\/types\/product"}],"replies":[{"embeddable":true,"href":"https:\/\/cabashippinginternational.com\/en\/wp-json\/wp\/v2\/comments?post=7670"}],"wp:featuredmedia":[{"embeddable":true,"href":"https:\/\/cabashippinginternational.com\/en\/wp-json\/wp\/v2\/media\/7671"}],"wp:attachment":[{"href":"https:\/\/cabashippinginternational.com\/en\/wp-json\/wp\/v2\/media?parent=7670"}],"wp:term":[{"taxonomy":"product_brand","embeddable":true,"href":"https:\/\/cabashippinginternational.com\/en\/wp-json\/wp\/v2\/product_brand?post=7670"},{"taxonomy":"product_cat","embeddable":true,"href":"https:\/\/cabashippinginternational.com\/en\/wp-json\/wp\/v2\/product_cat?post=7670"},{"taxonomy":"product_tag","embeddable":true,"href":"https:\/\/cabashippinginternational.com\/en\/wp-json\/wp\/v2\/product_tag?post=7670"}],"curies":[{"name":"wp","href":"https:\/\/api.w.org\/{rel}","templated":true}]}}