{"id":7667,"date":"2026-02-08T15:49:36","date_gmt":"2026-02-08T15:49:36","guid":{"rendered":"https:\/\/elektronica-aanhangers-houten.nl\/?post_type=product&#038;p=7667"},"modified":"2026-02-22T03:41:03","modified_gmt":"2026-02-22T03:41:03","slug":"victron-peak-power-pack-40ah-lithium-accu-86kg","status":"publish","type":"product","link":"https:\/\/cabashippinginternational.com\/en\/produit\/victron-peak-power-pack-40ah-lithium-accu-86kg\/","title":{"rendered":"Victron Peak Power Pack 40Ah bater\u00eda de litio ( 8,6kg )"},"content":{"rendered":"<p><strong>Victron Peak Power Pack 40Ah bater\u00eda de litio (8,6 kg)<\/strong><\/p>\n<p>Esta bater\u00eda de Victron, muy compacta y ligera, est\u00e1 destinada a ser utilizada como bater\u00eda para mover caravanas y\/o como bater\u00eda dom\u00e9stica para unos pocos d\u00edas. Con esta bater\u00eda, puedes ahorrar hasta 18 kg en comparaci\u00f3n con una bater\u00eda de plomo-\u00e1cido tradicional. Esta bater\u00eda ha sido dise\u00f1ada para tener una alta capacidad de potencia, lo que la hace extremadamente adecuada para un mover. Adem\u00e1s, tambi\u00e9n puede ser utilizada como bater\u00eda dom\u00e9stica por un corto per\u00edodo.<\/p>\n<p>&nbsp;<\/p>\n<p><strong>Carga de la bater\u00eda<\/strong><\/p>\n<p>&nbsp;<\/p>\n<div>\n<p>&nbsp;<\/p>\n<div>Cargar esta bater\u00eda es f\u00e1cil mediante el adaptador de 230V incluido; el cargador de bater\u00eda ya est\u00e1 integrado en la propia bater\u00eda, por lo que solo es cuesti\u00f3n de conectar el adaptador a la bater\u00eda y a la toma de corriente. Sin embargo, esta bater\u00eda tambi\u00e9n tiene la posibilidad de ser recargada a trav\u00e9s de un panel solar o un generador. Cuando conectas un panel solar, no necesita un regulador de carga adicional; el cableado se puede conectar directamente siempre que la tensi\u00f3n del panel solar est\u00e9 entre 11 y un m\u00e1ximo de 25 voltios. Si, por ejemplo, hay un voltaje m\u00e1s alto disponible desde el panel solar, no debes conectarlo al Peak Power Pack.<\/div>\n<div><\/div>\n<div><\/div>\n<div><\/div>\n<div><strong>Bluetooth<\/strong><\/div>\n<p>&nbsp;<\/p>\n<div>Esta bater\u00eda no tiene un m\u00f3dulo Bluetooth integrado est\u00e1ndar para leer la bater\u00eda a trav\u00e9s de una aplicaci\u00f3n. Sin embargo, es posible adquirir un dongle Bluetooth y conectarlo a la bater\u00eda. W<\/p>","protected":false},"excerpt":{"rendered":"<div>\u00bfDesea que instalemos la bater\u00eda? Por supuesto, entonces cont\u00e1ctenos por tel\u00e9fono para hacer una cita. La instalaci\u00f3n de la bater\u00eda se realiza en nuestro taller en Zwijndrecht (NL). En el momento en que nos llame para hacer una cita, tambi\u00e9n podemos darle una estimaci\u00f3n de los costos de mano de obra y cu\u00e1nto tiempo tomar\u00e1 aproximadamente la instalaci\u00f3n.<\/div>","protected":false},"featured_media":7668,"comment_status":"open","ping_status":"closed","template":"","meta":[],"product_brand":[],"product_cat":[15],"product_tag":[],"class_list":{"0":"post-7667","1":"product","2":"type-product","3":"status-publish","4":"has-post-thumbnail","6":"product_cat-niet-geclassificeerd","8":"first","9":"instock","10":"taxable","11":"shipping-taxable","12":"purchasable","13":"product-type-simple"},"_links":{"self":[{"href":"https:\/\/cabashippinginternational.com\/en\/wp-json\/wp\/v2\/product\/7667","targetHints":{"allow":["GET"]}}],"collection":[{"href":"https:\/\/cabashippinginternational.com\/en\/wp-json\/wp\/v2\/product"}],"about":[{"href":"https:\/\/cabashippinginternational.com\/en\/wp-json\/wp\/v2\/types\/product"}],"replies":[{"embeddable":true,"href":"https:\/\/cabashippinginternational.com\/en\/wp-json\/wp\/v2\/comments?post=7667"}],"wp:featuredmedia":[{"embeddable":true,"href":"https:\/\/cabashippinginternational.com\/en\/wp-json\/wp\/v2\/media\/7668"}],"wp:attachment":[{"href":"https:\/\/cabashippinginternational.com\/en\/wp-json\/wp\/v2\/media?parent=7667"}],"wp:term":[{"taxonomy":"product_brand","embeddable":true,"href":"https:\/\/cabashippinginternational.com\/en\/wp-json\/wp\/v2\/product_brand?post=7667"},{"taxonomy":"product_cat","embeddable":true,"href":"https:\/\/cabashippinginternational.com\/en\/wp-json\/wp\/v2\/product_cat?post=7667"},{"taxonomy":"product_tag","embeddable":true,"href":"https:\/\/cabashippinginternational.com\/en\/wp-json\/wp\/v2\/product_tag?post=7667"}],"curies":[{"name":"wp","href":"https:\/\/api.w.org\/{rel}","templated":true}]}}