{"id":7664,"date":"2026-02-08T15:43:26","date_gmt":"2026-02-08T15:43:26","guid":{"rendered":"https:\/\/elektronica-aanhangers-houten.nl\/?post_type=product&#038;p=7664"},"modified":"2026-02-22T03:41:17","modified_gmt":"2026-02-22T03:41:17","slug":"7664","status":"publish","type":"product","link":"https:\/\/cabashippinginternational.com\/en\/produit\/7664\/","title":{"rendered":""},"content":{"rendered":"<p>Pro User Lithium-Ion accu LI12125<br \/>\nLa versi\u00f3n de 125Ah de Pro User es una adici\u00f3n a los sistemas de energ\u00eda ya existentes de Pro User. Con la bater\u00eda de 100Ah y 125Ah, ahora tambi\u00e9n puede optar por una bater\u00eda de litio de Pro User para su autocaravana. Por supuesto, las bater\u00edas tambi\u00e9n son adecuadas para caravanas o barcos. Pero estas bater\u00edas ser\u00e1n principalmente aplicables para la autocaravana. Cuando tiene poco espacio pero necesita una gran capacidad, las de 100Ah y 125Ah de Pro User son una excelente opci\u00f3n, ya que esta bater\u00eda tiene una altura de instalaci\u00f3n limitada y puede montarse debajo del asiento delantero de, por ejemplo, un Ducato.<\/p>\n<p>Comparar<br \/>\nSi ahora tiene una bater\u00eda de plomo-\u00e1cido de 100Ah, podr\u00eda pensar que no tiene mucho sentido reemplazarla por una de 125Ah de litio de Pro User, solo mirando el n\u00famero. Sin embargo, con una bater\u00eda de plomo-\u00e1cido, solo puede utilizar el 50% de la capacidad, mientras que con una de litio puede utilizarla completamente. Una bater\u00eda de litio de 125Ah es comparable a m\u00e1s de dos bater\u00edas de plomo de 100Ah, por lo que si tiene una de plomo, puede m\u00e1s que duplicar la capacidad al reemplazarla por la de 125Ah de Pro User.<\/p>\n<p>Reemplazo uno a uno<br \/>\nLa pregunta siempre es si puede reemplazar la bater\u00eda uno a uno. Cuando su autocaravana tiene un tipo diferente de bater\u00eda, a menudo es necesario revisar las diferentes configuraciones del equipo de carga y si coinciden con lo que se necesita. Tambi\u00e9n es importante saber si cuenta con un alternador inteligente en un sistema inteligente.<\/p>","protected":false},"excerpt":{"rendered":"<div><strong>Garant\u00eda<\/strong><\/div>\n<div>Esta bater\u00eda tiene 5 a\u00f1os de garant\u00eda<\/div>\n<div><\/div>\n<div><strong>Especificaciones<\/strong><\/div>\n<div>\n<table class=\"thistable\">\n<tbody>\n<tr>\n<td>Garant\u00eda<\/td>\n<td>5 a\u00f1os<\/td>\n<\/tr>\n<tr>\n<td>Tipo de bater\u00eda<\/td>\n<td>LiFePO4<\/td>\n<\/tr>\n<tr>\n<td>Tensi\u00f3n de salida<\/td>\n<td>12 Voltios DC<\/td>\n<\/tr>\n<tr>\n<td>Capacidad de la bater\u00eda<\/td>\n<td>125 Ah\/ 1600 Wh<\/td>\n<\/tr>\n<tr>\n<td>Corriente nominal<\/td>\n<td>200A<\/td>\n<\/tr>\n<tr>\n<td>Corriente m\u00e1xima (&lt;10)<\/td>\n<td>350A<\/td>\n<\/tr>\n<tr>\n<td>Ciclo de carga<\/td>\n<td>2000<\/td>\n<\/tr>\n<tr>\n<td>Dimensiones (LxAnxAl)<\/td>\n<td>335x175x190mm<\/td>\n<\/tr>\n<\/tbody>\n<\/table>\n<\/div>\n<div><\/div>\n<div><strong>Montaje por Ikwilum.nl<\/strong><\/div>\n<div>\u00bfDesea que instalemos la bater\u00eda? Por supuesto, p\u00f3ngase en contacto con nosotros por tel\u00e9fono para hacer una cita. La instalaci\u00f3n de la bater\u00eda se realiza en nuestro taller en Zwijndrecht (NL). En el momento en que nos llame para hacer una cita, tambi\u00e9n podremos darle una estimaci\u00f3n de los costos de mano de obra y cu\u00e1nto tiempo tomar\u00e1 aproximadamente la instalaci\u00f3n.<\/div>\n<div>8717809916020<\/div>","protected":false},"featured_media":7665,"comment_status":"open","ping_status":"closed","template":"","meta":[],"product_brand":[],"product_cat":[15],"product_tag":[],"class_list":{"0":"post-7664","1":"product","2":"type-product","3":"status-publish","4":"has-post-thumbnail","6":"product_cat-niet-geclassificeerd","8":"first","9":"instock","10":"taxable","11":"shipping-taxable","12":"purchasable","13":"product-type-simple"},"_links":{"self":[{"href":"https:\/\/cabashippinginternational.com\/en\/wp-json\/wp\/v2\/product\/7664","targetHints":{"allow":["GET"]}}],"collection":[{"href":"https:\/\/cabashippinginternational.com\/en\/wp-json\/wp\/v2\/product"}],"about":[{"href":"https:\/\/cabashippinginternational.com\/en\/wp-json\/wp\/v2\/types\/product"}],"replies":[{"embeddable":true,"href":"https:\/\/cabashippinginternational.com\/en\/wp-json\/wp\/v2\/comments?post=7664"}],"wp:featuredmedia":[{"embeddable":true,"href":"https:\/\/cabashippinginternational.com\/en\/wp-json\/wp\/v2\/media\/7665"}],"wp:attachment":[{"href":"https:\/\/cabashippinginternational.com\/en\/wp-json\/wp\/v2\/media?parent=7664"}],"wp:term":[{"taxonomy":"product_brand","embeddable":true,"href":"https:\/\/cabashippinginternational.com\/en\/wp-json\/wp\/v2\/product_brand?post=7664"},{"taxonomy":"product_cat","embeddable":true,"href":"https:\/\/cabashippinginternational.com\/en\/wp-json\/wp\/v2\/product_cat?post=7664"},{"taxonomy":"product_tag","embeddable":true,"href":"https:\/\/cabashippinginternational.com\/en\/wp-json\/wp\/v2\/product_tag?post=7664"}],"curies":[{"name":"wp","href":"https:\/\/api.w.org\/{rel}","templated":true}]}}