{"id":7661,"date":"2026-02-08T14:28:01","date_gmt":"2026-02-08T14:28:01","guid":{"rendered":"https:\/\/elektronica-aanhangers-houten.nl\/?post_type=product&#038;p=7661"},"modified":"2026-02-22T03:41:26","modified_gmt":"2026-02-22T03:41:26","slug":"super-b-epsilon-150ah-lithium-accu","status":"publish","type":"product","link":"https:\/\/cabashippinginternational.com\/en\/produit\/super-b-epsilon-150ah-lithium-accu\/","title":{"rendered":"Super-B Epsilon 150Ah Bater\u00eda de Litio"},"content":{"rendered":"<p><strong>Super-B Epsilon 150Ah Bater\u00eda de Litio<\/strong><\/p>\n<p>Esta renovada serie de Epsilon es exactamente lo que esperas de Super-B: calidad, larga vida \u00fatil y muy f\u00e1cil de usar. La inteligente funci\u00f3n de calefacci\u00f3n, la mejorada conectividad bluetooth y los terminales de aluminio recubiertos y m\u00faltiples conexiones hacen de esta bater\u00eda una verdadera estrella.<\/p>\n<p>Las bater\u00edas Super B est\u00e1n basadas en tecnolog\u00eda de fosfato de hierro y litio (LiFePO4), la tecnolog\u00eda de litio m\u00e1s segura disponible hoy en d\u00eda. Adem\u00e1s, las carcasas y la electr\u00f3nica personalizadas contribuyen a mejorar a\u00fan m\u00e1s la seguridad y la vida \u00fatil de la bater\u00eda.<\/p>\n<p><strong>Funci\u00f3n de calefacci\u00f3n<\/strong><\/p>\n<p>Es bien sabido que una bater\u00eda rinde menos a bajas temperaturas. Gracias a la inteligente funci\u00f3n de calefacci\u00f3n en la Super-B Epsilon, esta bater\u00eda puede seguir rindiendo de manera \u00f3ptima incluso en condiciones m\u00e1s extremas que otras bater\u00edas. Mientras que en muchas bater\u00edas de litio se indica que cargar por debajo de 0 grados no es deseable, en esta bater\u00eda se puede hacer hasta -30. Consulta la imagen a continuaci\u00f3n para tener una idea del sistema de la funci\u00f3n de calefacci\u00f3n.<\/p>\n<p><strong>Conexi\u00f3n en paralelo<\/strong><\/p>\n<p>A veces no es suficiente con una bater\u00eda y deseas conectar m\u00faltiples Epsilons. Es importante que esto se realice correctamente mediante una conexi\u00f3n en paralelo. Al hacer una conexi\u00f3n en paralelo, el voltaje de tu bater\u00eda se mantiene en 12V y duplicas la capacidad de consumo. Tambi\u00e9n es bueno saber que al conectar en paralelo no solo duplicas la capacidad de consumo.<\/p>","protected":false},"excerpt":{"rendered":"<p><strong>Aplicaci\u00f3n Bluetooth<\/strong><\/p>\n<p>A trav\u00e9s del m\u00f3dulo bluetooth integrado, puede obtener f\u00e1cilmente una visi\u00f3n clara del estado de su bater\u00eda en ese momento. En la aplicaci\u00f3n se puede leer, entre otras cosas, el porcentaje de SOC y se indica claramente si en ese momento hay descarga, carga o un estado de espera. A continuaci\u00f3n, vea un ejemplo de la aplicaci\u00f3n que est\u00e1 disponible tanto para el 100 como para el 150 epsilon.<\/p>","protected":false},"featured_media":7662,"comment_status":"open","ping_status":"closed","template":"","meta":[],"product_brand":[],"product_cat":[15],"product_tag":[],"class_list":{"0":"post-7661","1":"product","2":"type-product","3":"status-publish","4":"has-post-thumbnail","6":"product_cat-niet-geclassificeerd","8":"first","9":"instock","10":"taxable","11":"shipping-taxable","12":"purchasable","13":"product-type-simple"},"_links":{"self":[{"href":"https:\/\/cabashippinginternational.com\/en\/wp-json\/wp\/v2\/product\/7661","targetHints":{"allow":["GET"]}}],"collection":[{"href":"https:\/\/cabashippinginternational.com\/en\/wp-json\/wp\/v2\/product"}],"about":[{"href":"https:\/\/cabashippinginternational.com\/en\/wp-json\/wp\/v2\/types\/product"}],"replies":[{"embeddable":true,"href":"https:\/\/cabashippinginternational.com\/en\/wp-json\/wp\/v2\/comments?post=7661"}],"wp:featuredmedia":[{"embeddable":true,"href":"https:\/\/cabashippinginternational.com\/en\/wp-json\/wp\/v2\/media\/7662"}],"wp:attachment":[{"href":"https:\/\/cabashippinginternational.com\/en\/wp-json\/wp\/v2\/media?parent=7661"}],"wp:term":[{"taxonomy":"product_brand","embeddable":true,"href":"https:\/\/cabashippinginternational.com\/en\/wp-json\/wp\/v2\/product_brand?post=7661"},{"taxonomy":"product_cat","embeddable":true,"href":"https:\/\/cabashippinginternational.com\/en\/wp-json\/wp\/v2\/product_cat?post=7661"},{"taxonomy":"product_tag","embeddable":true,"href":"https:\/\/cabashippinginternational.com\/en\/wp-json\/wp\/v2\/product_tag?post=7661"}],"curies":[{"name":"wp","href":"https:\/\/api.w.org\/{rel}","templated":true}]}}