{"id":7658,"date":"2026-02-08T14:09:00","date_gmt":"2026-02-08T14:09:00","guid":{"rendered":"https:\/\/elektronica-aanhangers-houten.nl\/?post_type=product&#038;p=7658"},"modified":"2026-02-22T03:41:38","modified_gmt":"2026-02-22T03:41:38","slug":"powerxtreme-x60-lithium-accu-nieuw-model-ergens-anders-goedkoper-mail-ons-voor-ons-aanbod","status":"publish","type":"product","link":"https:\/\/cabashippinginternational.com\/en\/produit\/powerxtreme-x60-lithium-accu-nieuw-model-ergens-anders-goedkoper-mail-ons-voor-ons-aanbod\/","title":{"rendered":"Powerxtreme X60 bater\u00eda de litio. \u00a1Nuevo modelo! \u00bfEN OTRO LUGAR M\u00c1S BARATO? M\u00c1NDANOS UN CORREO PARA NUESTRO OFERTA."},"content":{"rendered":"<div><strong>Bater\u00eda de litio Powerxtreme X60<\/strong><\/div>\n<div>Este modelo m\u00e1s reciente de PowerXtreme es el tama\u00f1o intermedio perfecto para cuando necesita capacidad adicional para iluminaci\u00f3n, bomba de agua, etc., pero no quiere pasar directamente a una bater\u00eda de litio grande. Con sus 60Ah, es extremadamente adecuado para servir como bater\u00eda de mover y bater\u00eda de a bordo en la caravana, as\u00ed como para el campista que, por ejemplo, tiene una autocaravana de autoconstrucci\u00f3n y no quiere tener un sistema muy extenso de inmediato. La X60 tambi\u00e9n cuenta con un cargador interno propio que solo necesita ser conectado a una toma de corriente mediante el cable de carga incluido para poder recargarse.<\/div>\n<div><\/div>\n<div><strong>Potencia<\/strong><\/div>\n<div>La bater\u00eda tiene suficiente potencia para un mover con 150A de forma continua, siendo adecuada para cualquier mover y tambi\u00e9n para pesos m\u00e1s pesados de hasta 2500kg de caravana. Dado que puede entregar 150A de forma continua, tambi\u00e9n es extremadamente adecuada para un inversor 12-230V de hasta 1900W.<\/div>\n<div><\/div>\n<div><strong>Aplicaci\u00f3n PowerXtreme Pro<\/strong><\/div>\n<div>Por supuesto, la X60, al igual que las otras bater\u00edas PowerXtreme, cuenta con un m\u00f3dulo bluetooth que permite leerla con una aplicaci\u00f3n en el tel\u00e9fono. La aplicaci\u00f3n est\u00e1 disponible para IOS y Android. A continuaci\u00f3n, se encuentra un ejemplo de la aplicaci\u00f3n.<\/div>","protected":false},"excerpt":{"rendered":"<div><strong>Comunicaci\u00f3n<\/strong><\/div>\n<div>Como comunicaci\u00f3n adicional, el PowerXtreme X60 est\u00e1 equipado con un conector Can-Bus (LIN-Bus). Con el conector LIN-Bus es posible conectarse al sistema a bordo de la caravana o autocaravana.<\/div>\n<div><\/div>\n<p>&nbsp;<\/p>\n<div><\/div>\n<div><strong>Especificaciones<\/strong><\/div>\n<div><strong>Modelo:\u00a0<\/strong>X60<\/div>\n<div><strong>Voltaje:\u00a0<\/strong>12V<\/div>\n<div><strong>Capacidad:\u00a0<\/strong>60Ah<\/div>\n<div><strong>Cargador interno:\u00a0<\/strong>6A<\/div>\n<div><strong>Continuo:\u00a0<\/strong>150A<\/div>\n<div><strong>Pico 30seg:\u00a0<\/strong>200A<\/div>\n<div><strong>Pico 3seg:\u00a0<\/strong>300A<\/div>\n<div><strong><span lang=\"EN-GB\">certificado:\u00a0<\/span><\/strong><span lang=\"EN-GB\">CE ECE R10.6<\/span><\/div>\n<div><strong><span lang=\"EN-GB\">Garant\u00eda:\u00a0<\/span><\/strong><span lang=\"EN-GB\">5 a\u00f1os (tras registro)<\/span><\/div>\n<div>8719327076309<\/div>","protected":false},"featured_media":7659,"comment_status":"open","ping_status":"closed","template":"","meta":[],"product_brand":[],"product_cat":[15],"product_tag":[],"class_list":{"0":"post-7658","1":"product","2":"type-product","3":"status-publish","4":"has-post-thumbnail","6":"product_cat-niet-geclassificeerd","8":"first","9":"instock","10":"taxable","11":"shipping-taxable","12":"purchasable","13":"product-type-simple"},"_links":{"self":[{"href":"https:\/\/cabashippinginternational.com\/en\/wp-json\/wp\/v2\/product\/7658","targetHints":{"allow":["GET"]}}],"collection":[{"href":"https:\/\/cabashippinginternational.com\/en\/wp-json\/wp\/v2\/product"}],"about":[{"href":"https:\/\/cabashippinginternational.com\/en\/wp-json\/wp\/v2\/types\/product"}],"replies":[{"embeddable":true,"href":"https:\/\/cabashippinginternational.com\/en\/wp-json\/wp\/v2\/comments?post=7658"}],"wp:featuredmedia":[{"embeddable":true,"href":"https:\/\/cabashippinginternational.com\/en\/wp-json\/wp\/v2\/media\/7659"}],"wp:attachment":[{"href":"https:\/\/cabashippinginternational.com\/en\/wp-json\/wp\/v2\/media?parent=7658"}],"wp:term":[{"taxonomy":"product_brand","embeddable":true,"href":"https:\/\/cabashippinginternational.com\/en\/wp-json\/wp\/v2\/product_brand?post=7658"},{"taxonomy":"product_cat","embeddable":true,"href":"https:\/\/cabashippinginternational.com\/en\/wp-json\/wp\/v2\/product_cat?post=7658"},{"taxonomy":"product_tag","embeddable":true,"href":"https:\/\/cabashippinginternational.com\/en\/wp-json\/wp\/v2\/product_tag?post=7658"}],"curies":[{"name":"wp","href":"https:\/\/api.w.org\/{rel}","templated":true}]}}