{"id":7655,"date":"2026-02-08T13:56:46","date_gmt":"2026-02-08T13:56:46","guid":{"rendered":"https:\/\/elektronica-aanhangers-houten.nl\/?post_type=product&#038;p=7655"},"modified":"2026-02-22T03:41:45","modified_gmt":"2026-02-22T03:41:45","slug":"nds-tempra-120ah-lithium-accu-tlb120","status":"publish","type":"product","link":"https:\/\/cabashippinginternational.com\/en\/produit\/nds-tempra-120ah-lithium-accu-tlb120\/","title":{"rendered":"NDS Tempra 120Ah bater\u00eda de litio TLB120"},"content":{"rendered":"<p><strong>Bater\u00eda de litio NDS Tempra 120Ah TLB120<\/strong><\/p>\n<p>Las bater\u00edas NDS Tempra son la \u00faltima adici\u00f3n a la ya muy amplia gama de sistemas de energ\u00eda de NDS. La Tempra es, por tanto, un desarrollo de las anteriores bater\u00edas de litio de NDS. La bater\u00eda de litio Tempra est\u00e1 disponible en versiones de 100, 120 y 150Ah. Tanto la versi\u00f3n de 100, 120 como la de 150Ah tienen las mismas dimensiones, lo que las hace adecuadas para ser montadas debajo de un asiento delantero, por ejemplo, en un Ducato (caja L5). Los sistemas de seguridad del nuevo BMS tambi\u00e9n incluyen una gesti\u00f3n de carga \u00f3ptima, lo que le permite conectar su bater\u00eda TEMPRA a cualquier cargador.<\/p>\n<p>De cada modelo tambi\u00e9n hay una versi\u00f3n llamada Freeze, que cuenta con un elemento calefactor que permite el uso de la bater\u00eda a temperaturas extremadamente bajas. Por supuesto, en la mayor\u00eda de los casos, la versi\u00f3n normal ser\u00e1 suficiente.<\/p>\n<p><strong>N-bus<\/strong><\/p>\n<p>Las bater\u00edas Tempra cuentan con una conexi\u00f3n N-bus que permite conectar diferentes productos de NDS entre s\u00ed. Por ejemplo, los reguladores de carga SCE320 y SCE360 pueden conectarse a la bater\u00eda Tempra mediante el cable N-bus, lo que le permite leer tambi\u00e9n los datos de su regulador de carga de panel solar a trav\u00e9s de la aplicaci\u00f3n asociada a la bater\u00eda.<\/p>\n<p>&nbsp;<\/p>\n<p><strong>Bluetooth<\/strong><\/p>\n<p>Como se mencion\u00f3 anteriormente, las bater\u00edas Tempra cuentan con un m\u00f3dulo Bluetooth que le permite descargar una aplicaci\u00f3n en su tel\u00e9fono y leer su bater\u00eda. A continuaci\u00f3n, se muestra un ejemplo de la aplicaci\u00f3n.<\/p>","protected":false},"excerpt":{"rendered":"<p><strong>TLB 120<\/strong><\/p>\n<p>Voltaje 12,8V<br \/>\nCapacidad 120Ah<br \/>\nCorriente de descarga continua m\u00e1xima 120A<br \/>\nCorriente de descarga m\u00e1xima 15min 155A<br \/>\nTemperatura de carga 0\u00b0C \/ +45\u00b0C<br \/>\nTemperatura de descarga -20\u00b0C \/ +60\u00b0C<br \/>\nPeso 13.4 Kg<br \/>\nDimensiones (mm) 341x176x190h  <\/p>\n<p>8058093760853  <\/p>\n<p>Con TEMPRA puede conectar hasta 4 bater\u00edas en paralelo  <\/p>\n<p><strong>Garant\u00eda<\/strong>  <\/p>\n<p>NDS ofrece 5 a\u00f1os de garant\u00eda en la bater\u00eda Tempra.<\/p>","protected":false},"featured_media":7656,"comment_status":"open","ping_status":"closed","template":"","meta":[],"product_brand":[],"product_cat":[15],"product_tag":[],"class_list":{"0":"post-7655","1":"product","2":"type-product","3":"status-publish","4":"has-post-thumbnail","6":"product_cat-niet-geclassificeerd","8":"first","9":"instock","10":"taxable","11":"shipping-taxable","12":"purchasable","13":"product-type-simple"},"_links":{"self":[{"href":"https:\/\/cabashippinginternational.com\/en\/wp-json\/wp\/v2\/product\/7655","targetHints":{"allow":["GET"]}}],"collection":[{"href":"https:\/\/cabashippinginternational.com\/en\/wp-json\/wp\/v2\/product"}],"about":[{"href":"https:\/\/cabashippinginternational.com\/en\/wp-json\/wp\/v2\/types\/product"}],"replies":[{"embeddable":true,"href":"https:\/\/cabashippinginternational.com\/en\/wp-json\/wp\/v2\/comments?post=7655"}],"wp:featuredmedia":[{"embeddable":true,"href":"https:\/\/cabashippinginternational.com\/en\/wp-json\/wp\/v2\/media\/7656"}],"wp:attachment":[{"href":"https:\/\/cabashippinginternational.com\/en\/wp-json\/wp\/v2\/media?parent=7655"}],"wp:term":[{"taxonomy":"product_brand","embeddable":true,"href":"https:\/\/cabashippinginternational.com\/en\/wp-json\/wp\/v2\/product_brand?post=7655"},{"taxonomy":"product_cat","embeddable":true,"href":"https:\/\/cabashippinginternational.com\/en\/wp-json\/wp\/v2\/product_cat?post=7655"},{"taxonomy":"product_tag","embeddable":true,"href":"https:\/\/cabashippinginternational.com\/en\/wp-json\/wp\/v2\/product_tag?post=7655"}],"curies":[{"name":"wp","href":"https:\/\/api.w.org\/{rel}","templated":true}]}}