{"id":7653,"date":"2026-02-08T13:47:55","date_gmt":"2026-02-08T13:47:55","guid":{"rendered":"https:\/\/elektronica-aanhangers-houten.nl\/?post_type=product&#038;p=7653"},"modified":"2026-02-22T03:41:57","modified_gmt":"2026-02-22T03:41:57","slug":"nds-spb2000i-12-omvormer-12vdc230vac-2000w-pure-sinus-ivt-n-bus","status":"publish","type":"product","link":"https:\/\/cabashippinginternational.com\/en\/produit\/nds-spb2000i-12-omvormer-12vdc230vac-2000w-pure-sinus-ivt-n-bus\/","title":{"rendered":"NDS SPB2000I-12 Inversor 12VDC>230VAC, 2000W Seno Puro, IVT-N-BUS"},"content":{"rendered":"<div><strong>NDS SPB2000I-12 Inversor 12VDC&gt;230VAC, 2000W Seno Puro, IVT-N-BUS<\/strong><\/div>\n<div>El inversor de seno puro NDS SPB2000I-12 (12V) tiene una funci\u00f3n IVT, que cambia autom\u00e1ticamente a la red el\u00e9ctrica una vez que la autocaravana o caravana est\u00e1 conectada. Por supuesto, la funci\u00f3n IVT debe estar correctamente conectada al circuito principal de 230V de la caravana o autocaravana. Proporciona 2000W de potencia y 6000W de potencia de pico (por unos segundos). Gracias a la onda sinusoidal pura, los dispositivos de 230V funcionan sin interferencias y sin zumbidos en el SPB2000I-12.<\/div>\n<div><\/div>\n<div><strong>Funci\u00f3n IVT<\/strong><\/div>\n<div>En el inversor NDS hay un rel\u00e9 de conmutaci\u00f3n IVT, que gestiona la tensi\u00f3n cuando el SPB2000I-12 est\u00e1 conectado simult\u00e1neamente a la red el\u00e9ctrica y a la bater\u00eda. El rel\u00e9 da prioridad a la corriente de la red para ahorrar la bater\u00eda. Una vez que el veh\u00edculo est\u00e1 desconectado de la red el\u00e9ctrica, el inversor utiliza energ\u00eda de la bater\u00eda.<\/div>\n<div><\/div>\n<div><strong>Entrada y salida est\u00e1n aisladas<\/strong><\/div>\n<div>NDS ha aislado la entrada y la salida para que las variaciones de los equipos conectados no puedan causar da\u00f1os. Adem\u00e1s, el inversor NDS SPB2000I-12 tambi\u00e9n est\u00e1 protegido contra sobrecalentamiento, sobrecarga y cortocircuito.<\/div>\n<div><\/div>\n<div><strong>Bajo consumo propio<\/strong><\/div>\n<div>Con el inversor NDS SPB2000I-12, el consumo propio de la bater\u00eda es mucho m\u00e1s bajo que con otros inversores. NDS ha integrado directamente los conectores en la placa. <\/div>","protected":false},"excerpt":{"rendered":"<p>9620008347<\/p>\n<p><strong>Datos t\u00e9cnicos del inversor NDS SPB2000I-12 IVT<\/strong><\/p>\n<ul>\n<li>Potencia de salida (continua): 2000 W<\/li>\n<li>Potencia de salida (pico): 6.000 W (durante unos segundos)<\/li>\n<li>Tensi\u00f3n de salida (RMS): 230 V<\/li>\n<li>Frecuencia de salida: 50 Hz \u00b1 3 Hz<\/li>\n<li>Salida USB: 5 V\/2,1 A<\/li>\n<li>Tensi\u00f3n de entrada: 12 V<\/li>\n<li>Dimensiones (l x a x h): 390 x 270 x 108 mm<\/li>\n<li>Cable incluido: cable de red con conector schuko y C13, 2x cable de 12V 35 mm\u00b2 (longitud 80 cm)<\/li>\n<li>Funci\u00f3n IVT: S\u00ed<\/li>\n<li>Bus N<\/li>\n<\/ul>","protected":false},"featured_media":7654,"comment_status":"open","ping_status":"closed","template":"","meta":[],"product_brand":[],"product_cat":[15],"product_tag":[],"class_list":{"0":"post-7653","1":"product","2":"type-product","3":"status-publish","4":"has-post-thumbnail","6":"product_cat-niet-geclassificeerd","8":"first","9":"instock","10":"taxable","11":"shipping-taxable","12":"purchasable","13":"product-type-simple"},"_links":{"self":[{"href":"https:\/\/cabashippinginternational.com\/en\/wp-json\/wp\/v2\/product\/7653","targetHints":{"allow":["GET"]}}],"collection":[{"href":"https:\/\/cabashippinginternational.com\/en\/wp-json\/wp\/v2\/product"}],"about":[{"href":"https:\/\/cabashippinginternational.com\/en\/wp-json\/wp\/v2\/types\/product"}],"replies":[{"embeddable":true,"href":"https:\/\/cabashippinginternational.com\/en\/wp-json\/wp\/v2\/comments?post=7653"}],"wp:featuredmedia":[{"embeddable":true,"href":"https:\/\/cabashippinginternational.com\/en\/wp-json\/wp\/v2\/media\/7654"}],"wp:attachment":[{"href":"https:\/\/cabashippinginternational.com\/en\/wp-json\/wp\/v2\/media?parent=7653"}],"wp:term":[{"taxonomy":"product_brand","embeddable":true,"href":"https:\/\/cabashippinginternational.com\/en\/wp-json\/wp\/v2\/product_brand?post=7653"},{"taxonomy":"product_cat","embeddable":true,"href":"https:\/\/cabashippinginternational.com\/en\/wp-json\/wp\/v2\/product_cat?post=7653"},{"taxonomy":"product_tag","embeddable":true,"href":"https:\/\/cabashippinginternational.com\/en\/wp-json\/wp\/v2\/product_tag?post=7653"}],"curies":[{"name":"wp","href":"https:\/\/api.w.org\/{rel}","templated":true}]}}