{"id":7650,"date":"2026-02-08T13:43:38","date_gmt":"2026-02-08T13:43:38","guid":{"rendered":"https:\/\/elektronica-aanhangers-houten.nl\/?post_type=product&#038;p=7650"},"modified":"2026-02-22T03:42:07","modified_gmt":"2026-02-22T03:42:07","slug":"nds-sp3000-12-omvormer-12vdc230vac-3000w-pure-sinus","status":"publish","type":"product","link":"https:\/\/cabashippinginternational.com\/en\/produit\/nds-sp3000-12-omvormer-12vdc230vac-3000w-pure-sinus\/","title":{"rendered":"NDS SP3000-12 Inversor 12VDC>230VAC, 3000W Seno Puro"},"content":{"rendered":"<h3>Inversor de 3.000 vatios (onda sinusoidal pura) para autocaravana, caravana o barco<\/h3>\n<p>El NDS SP3000-12 Smart-In Pure Sine Wave es un inversor m\u00e1s potente que proporciona 3.000 vatios de potencia en su autocaravana, caravana u otro veh\u00edculo. El inversor permite que los dispositivos de 230 V funcionen sin zumbidos ni interferencias. Adem\u00e1s de 3.000 vatios de potencia continua, el inversor SP1500-12 tambi\u00e9n ofrece 8.000 vatios de potencia de pico (durante unos segundos).<\/p>\n<h4>Entrada y salida aisladas<\/h4>\n<p>En situaciones desfavorables, la entrada y salida de un inversor pueden da\u00f1arse debido a los dispositivos. NDS ha equipado el SP3000-12 con una entrada y salida aisladas para evitar esto. Adem\u00e1s, est\u00e1 protegido contra cortocircuitos, sobrecalentamiento y sobrecarga.<\/p>\n<h4>Bajo consumo de bater\u00eda<\/h4>\n<p>La bater\u00eda de su veh\u00edculo consume menos energ\u00eda que con otros inversores. Esto se debe a que la ca\u00edda de tensi\u00f3n entre el SP3000-12 y los dispositivos conectados es menor. NDS ha logrado esto integrando los conectores directamente en la placa. Esta t\u00e9cnica poco utilizada hace que los inversores NDS sean conocidos por su bajo consumo de bater\u00eda.<\/p>","protected":false},"excerpt":{"rendered":"<h4>Datos t\u00e9cnicos NDS SP3000-12 Smart-In<\/h4>\n<ul>\n<li>Potencia de salida (continua): 3.000 W<\/li>\n<li>Potencia de salida (pico): 8.000 W (durante unos segundos)<\/li>\n<li>Tensi\u00f3n de salida (RMS): 230 V<\/li>\n<li>Frecuencia de salida: 50\/60 Hz \u00b1 3 Hz<\/li>\n<li>Salida USB: 5 V\/2,1 A<\/li>\n<li>Tensi\u00f3n de entrada: 12 V<\/li>\n<li>Dimensiones (l x a x h): 412 x 270 x 107,5 mm<\/li>\n<li>Cable incluido: 35 mm\u00b2 (longitud 80 cm)<\/li>\n<li>Funci\u00f3n IVT: No<\/li>\n<\/ul>","protected":false},"featured_media":7651,"comment_status":"open","ping_status":"closed","template":"","meta":[],"product_brand":[],"product_cat":[15],"product_tag":[],"class_list":{"0":"post-7650","1":"product","2":"type-product","3":"status-publish","4":"has-post-thumbnail","6":"product_cat-niet-geclassificeerd","8":"first","9":"instock","10":"taxable","11":"shipping-taxable","12":"purchasable","13":"product-type-simple"},"_links":{"self":[{"href":"https:\/\/cabashippinginternational.com\/en\/wp-json\/wp\/v2\/product\/7650","targetHints":{"allow":["GET"]}}],"collection":[{"href":"https:\/\/cabashippinginternational.com\/en\/wp-json\/wp\/v2\/product"}],"about":[{"href":"https:\/\/cabashippinginternational.com\/en\/wp-json\/wp\/v2\/types\/product"}],"replies":[{"embeddable":true,"href":"https:\/\/cabashippinginternational.com\/en\/wp-json\/wp\/v2\/comments?post=7650"}],"wp:featuredmedia":[{"embeddable":true,"href":"https:\/\/cabashippinginternational.com\/en\/wp-json\/wp\/v2\/media\/7651"}],"wp:attachment":[{"href":"https:\/\/cabashippinginternational.com\/en\/wp-json\/wp\/v2\/media?parent=7650"}],"wp:term":[{"taxonomy":"product_brand","embeddable":true,"href":"https:\/\/cabashippinginternational.com\/en\/wp-json\/wp\/v2\/product_brand?post=7650"},{"taxonomy":"product_cat","embeddable":true,"href":"https:\/\/cabashippinginternational.com\/en\/wp-json\/wp\/v2\/product_cat?post=7650"},{"taxonomy":"product_tag","embeddable":true,"href":"https:\/\/cabashippinginternational.com\/en\/wp-json\/wp\/v2\/product_tag?post=7650"}],"curies":[{"name":"wp","href":"https:\/\/api.w.org\/{rel}","templated":true}]}}