{"id":7639,"date":"2026-02-07T23:53:12","date_gmt":"2026-02-07T23:53:12","guid":{"rendered":"https:\/\/elektronica-aanhangers-houten.nl\/?post_type=product&#038;p=7639"},"modified":"2026-02-22T03:42:49","modified_gmt":"2026-02-22T03:42:49","slug":"de-longhi-la-specialista-arte-evo-ec9255-m","status":"publish","type":"product","link":"https:\/\/cabashippinginternational.com\/en\/produit\/de-longhi-la-specialista-arte-evo-ec9255-m\/","title":{"rendered":"DE LONGHI La Specialista Arte Evo EC9255.M"},"content":{"rendered":"<table class=\"sc-eb5d0dd3-0 buCbR sc-e739dd23-2 eFzSBz\">\n<tbody class=\"sc-b388eff-0 eqyplR\" data-test=\"mms-content-comparison-table-body\">\n<tr class=\"sc-dfa23c87-0 dkdsfi sc-e739dd23-1 gSdjVF\">\n<th class=\"sc-fe2e4cbb-0 dOdMfy sc-290ada83-0 ipLyJl\" scope=\"row\"><span class=\"sc-94eb08bc-0 gZiaJK\">Sistema autom\u00e1tico de cappuccino<\/span><\/th>\n<td class=\"sc-fe2e4cbb-0 dOdMfy sc-290ada83-1 dilqxC\" data-test=\"mms-content-comparison-table-text\">\n<p class=\"sc-94eb08bc-0 ddxOln\">No<\/p>\n<\/td>\n<td class=\"sc-fe2e4cbb-0 dOdMfy sc-290ada83-1 dEXxMb\" data-test=\"mms-content-comparison-table-text\">\n<p class=\"sc-94eb08bc-0 ddxOln\">No<\/p>\n<\/td>\n<td class=\"sc-fe2e4cbb-0 dOdMfy sc-290ada83-1 bYJAyf\" data-test=\"mms-content-comparison-table-text\">\n<p class=\"sc-94eb08bc-0 ddxOln\">S\u00ed<\/p>\n<\/td>\n<td class=\"sc-fe2e4cbb-0 dOdMfy sc-290ada83-1 jczBRF\" data-test=\"mms-content-comparison-table-text\">\n<p class=\"sc-94eb08bc-0 ddxOln\">No<\/p>\n<\/td>\n<td class=\"sc-fe2e4cbb-0 dOdMfy sc-290ada83-1 fdOSDi\" data-test=\"mms-content-comparison-table-text\">\n<p class=\"sc-94eb08bc-0 ddxOln\">S\u00ed<\/p>\n<\/td>\n<td class=\"sc-fe2e4cbb-0 dOdMfy sc-290ada83-1 gxAQeD\" data-test=\"mms-content-comparison-table-text\">\n<p class=\"sc-94eb08bc-0 ddxOln\">No<\/p>\n<\/td>\n<\/tr>\n<tr class=\"sc-dfa23c87-0 dkdsfi sc-e739dd23-1 gSdjVF\">\n<th class=\"sc-fe2e4cbb-0 dOdMfy sc-290ada83-0 ipLyJl\" scope=\"row\"><span class=\"sc-94eb08bc-0 gZiaJK\">Calentador de tazas<\/span><\/th>\n<td","protected":false},"excerpt":{"rendered":"<p>Descubre un tesoro de posibilidades de caf\u00e9 con la De\u2019Longhi La Specialista Arte Evo EC9255.M. Esta m\u00e1quina de espresso semiautom\u00e1tica compacta de acero inoxidable es una hermosa adici\u00f3n a cualquier encimera gracias a su dise\u00f1o minimalista. El aparato est\u00e1 inspirado en baristas y viene con todas las herramientas para preparar tu taza de caf\u00e9 perfecta. As\u00ed, recibir\u00e1s un tamper profesional, una alfombrilla para tampar, un manual para dosificar y tampar, una jarra de leche y filtros de pared simple en 2 tama\u00f1os para el portafiltro. Con este aparato f\u00e1cil de usar, puedes elegir entre 3 bebidas preestablecidas: americano, espresso y cold brew. El cold brew perfecto se prepara en 3 minutos gracias a la Tecnolog\u00eda de Extracci\u00f3n en Fr\u00edo, lo que preserva el aroma de tus granos de caf\u00e9. \u00bfPrefieres un latte? Crea tu propio arte latte con la varita de vapor manual. El aparato tambi\u00e9n ofrece una funci\u00f3n de agua caliente y control activo de temperatura. Por \u00faltimo, tienes la opci\u00f3n de elegir entre 3 perfiles de temperatura y 8 configuraciones de molido. As\u00ed, siempre preparar\u00e1s tu taza de caf\u00e9 perfecta.<\/p>\n<p>&nbsp;<\/p>\n<section aria-label=\"Especificaciones\" data-test=\"pdp-features-content\">\n<div id=\"features-content\" class=\"sc-b7f79d2b-5 dRVYzN\">\n<div class=\"sc-9031d553-0 eiGgOX\">\n<div data-test=\"collapse\">\n<div>\n<table class=\"sc-eb5d0dd3-0 brREjs\">\n<tbody class=\"sc-b388eff-0 eqyplR\">\n<tr class=\"sc-dfa23c87-0 dkdsfi\">\n<td class=\"sc-fe2e4cbb-0 btUfxD\">\n<p class=\"sc-94eb08bc-0 dZfHSc\">Tipo de producto<\/p>\n<\/td>\n<td","protected":false},"featured_media":7640,"comment_status":"open","ping_status":"closed","template":"","meta":[],"product_brand":[],"product_cat":[15],"product_tag":[],"class_list":{"0":"post-7639","1":"product","2":"type-product","3":"status-publish","4":"has-post-thumbnail","6":"product_cat-niet-geclassificeerd","8":"first","9":"instock","10":"taxable","11":"shipping-taxable","12":"purchasable","13":"product-type-simple"},"_links":{"self":[{"href":"https:\/\/cabashippinginternational.com\/en\/wp-json\/wp\/v2\/product\/7639","targetHints":{"allow":["GET"]}}],"collection":[{"href":"https:\/\/cabashippinginternational.com\/en\/wp-json\/wp\/v2\/product"}],"about":[{"href":"https:\/\/cabashippinginternational.com\/en\/wp-json\/wp\/v2\/types\/product"}],"replies":[{"embeddable":true,"href":"https:\/\/cabashippinginternational.com\/en\/wp-json\/wp\/v2\/comments?post=7639"}],"wp:featuredmedia":[{"embeddable":true,"href":"https:\/\/cabashippinginternational.com\/en\/wp-json\/wp\/v2\/media\/7640"}],"wp:attachment":[{"href":"https:\/\/cabashippinginternational.com\/en\/wp-json\/wp\/v2\/media?parent=7639"}],"wp:term":[{"taxonomy":"product_brand","embeddable":true,"href":"https:\/\/cabashippinginternational.com\/en\/wp-json\/wp\/v2\/product_brand?post=7639"},{"taxonomy":"product_cat","embeddable":true,"href":"https:\/\/cabashippinginternational.com\/en\/wp-json\/wp\/v2\/product_cat?post=7639"},{"taxonomy":"product_tag","embeddable":true,"href":"https:\/\/cabashippinginternational.com\/en\/wp-json\/wp\/v2\/product_tag?post=7639"}],"curies":[{"name":"wp","href":"https:\/\/api.w.org\/{rel}","templated":true}]}}