{"id":7629,"date":"2026-02-07T23:36:32","date_gmt":"2026-02-07T23:36:32","guid":{"rendered":"https:\/\/elektronica-aanhangers-houten.nl\/?post_type=product&#038;p=7629"},"modified":"2026-02-22T03:43:30","modified_gmt":"2026-02-22T03:43:30","slug":"focus-kantoor-f10-4-met-melkbereiding-volautomatische-espressomachine-zwart","status":"publish","type":"product","link":"https:\/\/cabashippinginternational.com\/en\/produit\/focus-kantoor-f10-4-met-melkbereiding-volautomatische-espressomachine-zwart\/","title":{"rendered":"FOCUS Oficina F10-4 con preparaci\u00f3n de leche M\u00e1quina de caf\u00e9 espresso totalmente autom\u00e1tica Negra"},"content":{"rendered":"<table class=\"sc-eb5d0dd3-0 buCbR sc-e739dd23-2 eFzSBz\">\n<tbody class=\"sc-b388eff-0 eqyplR\" data-test=\"mms-content-comparison-table-body\">\n<tr class=\"sc-dfa23c87-0 dkdsfi sc-e739dd23-1 gSdjVF\">\n<td class=\"sc-fe2e4cbb-0 dOdMfy sc-290ada83-1 dilqxC\" data-test=\"mms-content-comparison-table-text\">\n<p class=\"sc-94eb08bc-0 ddxOln\">M\u00e1quina de espresso totalmente autom\u00e1tica<\/p>\n<\/td>\n<td class=\"sc-fe2e4cbb-0 dOdMfy sc-290ada83-1 dEXxMb\" data-test=\"mms-content-comparison-table-text\">\n<p class=\"sc-94eb08bc-0 ddxOln\">M\u00e1quina de espresso totalmente autom\u00e1tica<\/p>\n<\/td>\n<td class=\"sc-fe2e4cbb-0 dOdMfy sc-290ada83-1 bYJAyf\" data-test=\"mms-content-comparison-table-text\">\n<p class=\"sc-94eb08bc-0 ddxOln\">M\u00e1quina de espresso totalmente autom\u00e1tica<\/p>\n<\/td>\n<td class=\"sc-fe2e4cbb-0 dOdMfy sc-290ada83-1 jczBRF\" data-test=\"mms-content-comparison-table-text\">\n<p class=\"sc-94eb08bc-0 ddxOln\">M\u00e1quina de espresso totalmente autom\u00e1tica<\/p>\n<\/td>\n<td class=\"sc-fe2e4cbb-0 dOdMfy sc-290ada83-1 fdOSDi\" data-test=\"mms-content-comparison-table-text\">\n<p class=\"sc-94eb08bc-0 ddxOln\">M\u00e1quina de espresso totalmente autom\u00e1tica<\/p>\n<\/td>\n<\/tr>\n<tr class=\"sc-dfa23c87-0 dkdsfi sc-e739dd23-1 gSdjVF\">\n<th class=\"sc-fe2e4cbb-0 dOdMfy sc-290ada83-0 ipLyJl\" scope=\"row\"><span class=\"sc-94eb08bc-0 gZiaJK\">Contenido del dep\u00f3sito de granos<\/span><\/th>\n<td class=\"sc-fe2e4cbb-0 dOdMfy sc-290ada83-1 dilqxC\" data-test=\"mms-content-comparison-table-text\">\n<p class=\"sc-94eb08bc-0 ddxOln\">500 g<\/p>\n<\/td>\n<td data-tes","protected":false},"excerpt":{"rendered":"<section class=\"sc-b7f79d2b-4 gFkGzC\" aria-label=\"Combinaciones recomendadas\" data-test=\"pdp-bundles-content\"><\/section>\n<div class=\"sc-7a3d3d50-0 loCddN\" aria-hidden=\"true\"><\/div>\n<section aria-label=\"Descripci\u00f3n del producto\" data-test=\"pdp-description-content\">\n<div id=\"description-content\" class=\"sc-b7f79d2b-5 dRVYzN\">\n<div class=\"sc-94eb08bc-0 cIXvrS sc-1a48c2c6-0 jOcUQa\" data-test=\"pdp-description-pim-fallback\">\n<h1 class=\"sc-94eb08bc-0 dCpKIr\">FOCUS F10-4 \u2013 M\u00e1quina de caf\u00e9 espresso autom\u00e1tica para oficina, horeca y catering<\/h1>\n<h2 class=\"sc-94eb08bc-0 dCpKIr\">Autom\u00e1tica compacta con grupo de preparaci\u00f3n fijo<\/h2>\n<p>La FOCUS F10-4 es una moderna m\u00e1quina de caf\u00e9 espresso autom\u00e1tica con una capacidad diaria recomendada de aproximadamente 50 tazas. Gracias al grupo de preparaci\u00f3n fijo e integrado y al programa de limpieza integrado, el mantenimiento es sencillo y fiable. Adecuada para bebidas de caf\u00e9 y de leche.<\/p>\n<p>La pantalla t\u00e1ctil horizontal de 7,1 pulgadas hace que el manejo sea intuitivo y le permite programar hasta 24 bebidas diferentes de forma individual, incluidas las bebidas con leche y espuma de leche. Ideal para oficinas, peque\u00f1as empresas de horeca, catering y entornos de autoservicio.<\/p>\n<h3 class=\"sc-94eb08bc-0 dCpKIr\">Su compa\u00f1ero diario de caf\u00e9 en la oficina<\/h3>\n<ul class=\"sc-e0800b7a-0 gavcNx sc-849205bf-0 byQosw\" role=\"list\">\n<li>Grupo de preparaci\u00f3n fijo e integrado \u2013 limpieza sencilla a trav\u00e9s del programa de limpieza autom\u00e1tico<\/li>\n<li>Adecuada para caf\u00e9, cappuccino, latte macchiato y otras bebidas de leche<\/li>\n<li>Hasta 24 recetas de bebidas programables<br \/>","protected":false},"featured_media":7630,"comment_status":"open","ping_status":"closed","template":"","meta":[],"product_brand":[],"product_cat":[15],"product_tag":[],"class_list":{"0":"post-7629","1":"product","2":"type-product","3":"status-publish","4":"has-post-thumbnail","6":"product_cat-niet-geclassificeerd","8":"first","9":"instock","10":"taxable","11":"shipping-taxable","12":"purchasable","13":"product-type-simple"},"_links":{"self":[{"href":"https:\/\/cabashippinginternational.com\/en\/wp-json\/wp\/v2\/product\/7629","targetHints":{"allow":["GET"]}}],"collection":[{"href":"https:\/\/cabashippinginternational.com\/en\/wp-json\/wp\/v2\/product"}],"about":[{"href":"https:\/\/cabashippinginternational.com\/en\/wp-json\/wp\/v2\/types\/product"}],"replies":[{"embeddable":true,"href":"https:\/\/cabashippinginternational.com\/en\/wp-json\/wp\/v2\/comments?post=7629"}],"wp:featuredmedia":[{"embeddable":true,"href":"https:\/\/cabashippinginternational.com\/en\/wp-json\/wp\/v2\/media\/7630"}],"wp:attachment":[{"href":"https:\/\/cabashippinginternational.com\/en\/wp-json\/wp\/v2\/media?parent=7629"}],"wp:term":[{"taxonomy":"product_brand","embeddable":true,"href":"https:\/\/cabashippinginternational.com\/en\/wp-json\/wp\/v2\/product_brand?post=7629"},{"taxonomy":"product_cat","embeddable":true,"href":"https:\/\/cabashippinginternational.com\/en\/wp-json\/wp\/v2\/product_cat?post=7629"},{"taxonomy":"product_tag","embeddable":true,"href":"https:\/\/cabashippinginternational.com\/en\/wp-json\/wp\/v2\/product_tag?post=7629"}],"curies":[{"name":"wp","href":"https:\/\/api.w.org\/{rel}","templated":true}]}}