{"id":7625,"date":"2026-02-07T23:28:21","date_gmt":"2026-02-07T23:28:21","guid":{"rendered":"https:\/\/elektronica-aanhangers-houten.nl\/?post_type=product&#038;p=7625"},"modified":"2026-02-22T03:43:44","modified_gmt":"2026-02-22T03:43:44","slug":"cuisinart-em550e-volautomatische-espressomachine-zwart","status":"publish","type":"product","link":"https:\/\/cabashippinginternational.com\/en\/produit\/cuisinart-em550e-volautomatische-espressomachine-zwart\/","title":{"rendered":"CUISINART EM550E M\u00e1quina de espresso autom\u00e1tica negra"},"content":{"rendered":"<section aria-label=\"Alternativas en comparaci\u00f3n\" data-test=\"pdp-special-content\">\n<div id=\"specials-content\" class=\"sc-b7f79d2b-5 dRVYzN\">\n<div class=\"mms-products-table-wrapper\">\n<div class=\"mms-products-table\"><span class=\"sc-94eb08bc-0 hmVqRh sc-cc81aa05-0 kzizDg\">No hay alternativas disponibles<\/span><\/div>\n<\/div>\n<\/div>\n<\/section>\n<section aria-label=\"Especificaciones\" data-test=\"pdp-features-content\">\n<h2 class=\"sc-94eb08bc-0 kpOntF\">Especificaciones<\/h2>\n<div class=\"sc-7a3d3d50-0 loCddN\" aria-hidden=\"true\"><\/div>\n<div id=\"features-content\" class=\"sc-b7f79d2b-5 dRVYzN\">\n<div class=\"sc-9031d553-0 eiGgOX\">\n<div data-test=\"collapse\">\n<div>\n<table class=\"sc-eb5d0dd3-0 brREjs\">\n<thead class=\"sc-4d4fd441-0 fAxnSG\">\n<tr class=\"sc-dfa23c87-0 dkdsfi\">\n<th class=\"sc-fe2e4cbb-0 dOdMfy\" colspan=\"2\">\n<p class=\"sc-94eb08bc-0 gPnrYm\">Caracter\u00edsticas t\u00e9cnicas<\/p>\n<\/th>\n<\/tr>\n<\/thead>\n<tbody class=\"sc-b388eff-0 eqyplR\">\n<tr class=\"sc-dfa23c87-0 dkdsfi\">\n<td class=\"sc-fe2e4cbb-0 btUfxD\">\n<p class=\"sc-94eb08bc-0 dZfHSc\">Tipo de producto<\/p>\n<\/td>\n<td class=\"sc-fe2e4cbb-0 fRBvcN sc-9031d553-1 gnVkve\">\n<p class=\"sc-94eb08bc-0 iWQWra\">M\u00e1quina de espresso totalmente autom\u00e1tica<\/p>\n<\/td>\n<\/tr>\n<tr class=\"sc-dfa23c87-0 dkdsfi\">\n<td class=\"sc-fe2e4cbb-0 btUfxD\">\n<p class=\"sc-94eb08bc-0 dZfHSc\">Modelo<\/p>\n<\/td>\n<td class=\"sc-fe2e4cbb-0 fRBvcN sc-9031d553-1 gnVkve\">\n<p class=\"sc-94eb08bc-0 iWQWra\">EM550E<\/p>\n<\/td>\n<\/tr>\n<tr class=\"sc-dfa23c87-0 dkdsfi\">\n<td","protected":false},"excerpt":{"rendered":"<p>La m\u00e1quina de espresso autom\u00e1tica Cuisinart EM550E en negro ofrece deliciosas especialidades de caf\u00e9 con facilidad y precisi\u00f3n. Con una presi\u00f3n de bomba de 15 bar y una potencia de 1690 vatios, puedes preparar un espresso, un espresso doble, un americano o incluso cold brew con aromas intensos. El molinillo integrado con 6 grados de molienda asegura que siempre elijas la molienda adecuada para tu sabor favorito. Gracias al vaporizador manual, puedes espumar la leche a tu gusto para cappuccino o latte. La m\u00e1quina cuenta con un dep\u00f3sito de agua extra\u00edble de 1,5 litros y un dep\u00f3sito de granos de 150 g, ideal para varias tazas seguidas. Con unas dimensiones de 31,5 x 39,5 x 18,3 cm (An\/Al\/Pr) y un peso de 8,8 kilos, la Cuisinart EM550E se adapta de manera firme y compacta en tu cocina.<\/p>","protected":false},"featured_media":7626,"comment_status":"open","ping_status":"closed","template":"","meta":[],"product_brand":[],"product_cat":[15],"product_tag":[],"class_list":{"0":"post-7625","1":"product","2":"type-product","3":"status-publish","4":"has-post-thumbnail","6":"product_cat-niet-geclassificeerd","8":"first","9":"instock","10":"taxable","11":"shipping-taxable","12":"purchasable","13":"product-type-simple"},"_links":{"self":[{"href":"https:\/\/cabashippinginternational.com\/en\/wp-json\/wp\/v2\/product\/7625","targetHints":{"allow":["GET"]}}],"collection":[{"href":"https:\/\/cabashippinginternational.com\/en\/wp-json\/wp\/v2\/product"}],"about":[{"href":"https:\/\/cabashippinginternational.com\/en\/wp-json\/wp\/v2\/types\/product"}],"replies":[{"embeddable":true,"href":"https:\/\/cabashippinginternational.com\/en\/wp-json\/wp\/v2\/comments?post=7625"}],"wp:featuredmedia":[{"embeddable":true,"href":"https:\/\/cabashippinginternational.com\/en\/wp-json\/wp\/v2\/media\/7626"}],"wp:attachment":[{"href":"https:\/\/cabashippinginternational.com\/en\/wp-json\/wp\/v2\/media?parent=7625"}],"wp:term":[{"taxonomy":"product_brand","embeddable":true,"href":"https:\/\/cabashippinginternational.com\/en\/wp-json\/wp\/v2\/product_brand?post=7625"},{"taxonomy":"product_cat","embeddable":true,"href":"https:\/\/cabashippinginternational.com\/en\/wp-json\/wp\/v2\/product_cat?post=7625"},{"taxonomy":"product_tag","embeddable":true,"href":"https:\/\/cabashippinginternational.com\/en\/wp-json\/wp\/v2\/product_tag?post=7625"}],"curies":[{"name":"wp","href":"https:\/\/api.w.org\/{rel}","templated":true}]}}