{"id":7621,"date":"2026-02-07T22:42:00","date_gmt":"2026-02-07T22:42:00","guid":{"rendered":"https:\/\/elektronica-aanhangers-houten.nl\/?post_type=product&#038;p=7621"},"modified":"2026-02-22T03:43:53","modified_gmt":"2026-02-22T03:43:53","slug":"gigabyte-grafische-kaart-geforce-rtx-5070-gaming-oc-12g","status":"publish","type":"product","link":"https:\/\/cabashippinginternational.com\/en\/produit\/gigabyte-grafische-kaart-geforce-rtx-5070-gaming-oc-12g\/","title":{"rendered":"GIGABYTE tarjeta gr\u00e1fica &#8211; GeForce RTX 5070 GAMING OC 12G"},"content":{"rendered":"<section aria-label=\"Descripci\u00f3n del producto\" data-test=\"pdp-description-content\">\n<h2 class=\"sc-94eb08bc-0 kpOntF\">Descripci\u00f3n del producto<\/h2>\n<div class=\"sc-7a3d3d50-0 loCddN\" aria-hidden=\"true\"><\/div>\n<div id=\"description-content\" class=\"sc-b7f79d2b-5 dRVYzN\">\n<div class=\"sc-94eb08bc-0 cIXvrS sc-1a48c2c6-0 jOcUQa\" data-test=\"pdp-description-pim-fallback\">AAAPJ15275<\/div>\n<\/div>\n<\/section>\n<section aria-label=\"Alternativas en comparaci\u00f3n\" data-test=\"pdp-special-content\">\n<h2 class=\"sc-94eb08bc-0 kpOntF\">Alternativas en comparaci\u00f3n<\/h2>\n<div class=\"sc-7a3d3d50-0 loCddN\" aria-hidden=\"true\"><\/div>\n<div id=\"specials-content\" class=\"sc-b7f79d2b-5 dRVYzN\">\n<div class=\"mms-products-table-wrapper\">\n<div class=\"mms-products-table\"><span class=\"sc-94eb08bc-0 hmVqRh sc-cc81aa05-0 kzizDg\">No hay alternativas disponibles<\/span><\/div>\n<\/div>\n<\/div>\n<\/section>\n<section aria-label=\"Especificaciones\" data-test=\"pdp-features-content\">\n<h2 class=\"sc-94eb08bc-0 kpOntF\">Especificaciones<\/h2>\n<div class=\"sc-7a3d3d50-0 loCddN\" aria-hidden=\"true\"><\/div>\n<div id=\"features-content\" class=\"sc-b7f79d2b-5 dRVYzN\">\n<div class=\"sc-9031d553-0 eiGgOX\">\n<div data-test=\"collapse\">\n<div>\n<table class=\"sc-eb5d0dd3-0 brREjs\">\n<thead class=\"sc-4d4fd441-0 fAxnSG\">\n<tr class=\"sc-dfa23c87-0 dkdsfi\">\n<th class=\"sc-fe2e4cbb-0 dOdMfy\" colspan=\"2\">\n<p class=\"sc-94eb08bc-0 gPnrYm\">Chip gr\u00e1fico<\/p>\n<\/th>\n<\/tr>\n<\/thead>\n<tbody class=\"sc-b388eff-0 eqyplR\">\n<tr class=\"sc-dfa23c87-0 dkdsfi\">\n<td","protected":false},"excerpt":{"rendered":"<p>Descripci\u00f3n del producto AAAPJ15275 Alternativas en comparaci\u00f3n No hay alternativas disponibles Especificaciones Chip gr\u00e1fico<\/p>","protected":false},"featured_media":7622,"comment_status":"open","ping_status":"closed","template":"","meta":[],"product_brand":[],"product_cat":[15],"product_tag":[],"class_list":{"0":"post-7621","1":"product","2":"type-product","3":"status-publish","4":"has-post-thumbnail","6":"product_cat-niet-geclassificeerd","8":"first","9":"instock","10":"taxable","11":"shipping-taxable","12":"purchasable","13":"product-type-simple"},"_links":{"self":[{"href":"https:\/\/cabashippinginternational.com\/en\/wp-json\/wp\/v2\/product\/7621","targetHints":{"allow":["GET"]}}],"collection":[{"href":"https:\/\/cabashippinginternational.com\/en\/wp-json\/wp\/v2\/product"}],"about":[{"href":"https:\/\/cabashippinginternational.com\/en\/wp-json\/wp\/v2\/types\/product"}],"replies":[{"embeddable":true,"href":"https:\/\/cabashippinginternational.com\/en\/wp-json\/wp\/v2\/comments?post=7621"}],"wp:featuredmedia":[{"embeddable":true,"href":"https:\/\/cabashippinginternational.com\/en\/wp-json\/wp\/v2\/media\/7622"}],"wp:attachment":[{"href":"https:\/\/cabashippinginternational.com\/en\/wp-json\/wp\/v2\/media?parent=7621"}],"wp:term":[{"taxonomy":"product_brand","embeddable":true,"href":"https:\/\/cabashippinginternational.com\/en\/wp-json\/wp\/v2\/product_brand?post=7621"},{"taxonomy":"product_cat","embeddable":true,"href":"https:\/\/cabashippinginternational.com\/en\/wp-json\/wp\/v2\/product_cat?post=7621"},{"taxonomy":"product_tag","embeddable":true,"href":"https:\/\/cabashippinginternational.com\/en\/wp-json\/wp\/v2\/product_tag?post=7621"}],"curies":[{"name":"wp","href":"https:\/\/api.w.org\/{rel}","templated":true}]}}