{"id":7565,"date":"2026-02-06T21:30:12","date_gmt":"2026-02-06T21:30:12","guid":{"rendered":"https:\/\/elektronica-aanhangers-houten.nl\/?post_type=product&#038;p=7565"},"modified":"2026-02-22T03:46:34","modified_gmt":"2026-02-22T03:46:34","slug":"gigabyte-rx-9070-videokaart-radeon-rx-9070-16-gb-gddr6-ram-hdmi-displayport-2","status":"publish","type":"product","link":"https:\/\/cabashippinginternational.com\/en\/produit\/gigabyte-rx-9070-videokaart-radeon-rx-9070-16-gb-gddr6-ram-hdmi-displayport-2\/","title":{"rendered":"Gigabyte RX 9070 Tarjeta gr\u00e1fica Radeon RX 9070 16 GB GDDR6-RAM HDMI, DisplayPort"},"content":{"rendered":"<h2 class=\"productDetailsSection__headline --headingLarge\" data-v-6466426b=\"\">Tarjeta gr\u00e1fica Gigabyte Radeon RX 9070 16 GB GDDR6-RAM<\/h2>\n<div id=\"productHighlights\" class=\"productHighlights\" data-v-ee9426f0=\"\" data-v-8e14bb8c=\"\" data-v-6466426b=\"\" data-prerenderer=\"productHighlights\">\n<section id=\"descriptionTitle__productHighlights\" class=\"descriptionBlock\" data-v-ee9426f0=\"\">\n<h2 class=\"descriptionBlock__title --headingLarge\" data-v-ee9426f0=\"\">Destacados y detalles<\/h2>\n<div class=\"productHighlights__block\" data-v-8e14bb8c=\"\">\n<ul class=\"--descriptionList\" data-v-8e14bb8c=\"\">\n<li class=\"--descriptionList__item --body\" data-v-8e14bb8c=\"\">Frecuencia base de GPU \/ Frecuencia de impulso de GPU 2520 MHz<\/li>\n<li class=\"--descriptionList__item --body\" data-v-8e14bb8c=\"\">\u00a0RX 9070<\/li>\n<li class=\"--descriptionList__item --body\" data-v-8e14bb8c=\"\">Interfaces HDMI, DisplayPort<\/li>\n<li class=\"--descriptionList__item --body\" data-v-8e14bb8c=\"\">16 GB GDDR6-RAM a 20000 MHz<\/li>\n<\/ul>\n<ul class=\"productTechData__specification\" data-v-545a743e=\"\">\n<li data-v-545a743e=\"\"><span class=\"--body\" data-v-545a743e=\"\">Tipo de tarjeta gr\u00e1fica: GDDR6<\/span><\/li>\n<li data-v-545a743e=\"\"><span class=\"--body\" data-v-545a743e=\"\">Velocidad de transferencia de datos: 20 Gbit\/s<\/span><\/li>\n<li data-v-545a743e=\"\"><span class=\"--body\" data-v-545a743e=\"\">Versi\u00f3n HDMI: 2.1b<\/span><\/li>\n<li data-v-545a743e=\"\"><span class=\"--body\" data-v-545a743e=\"\">N\u00famero de ventiladores: 3 ventiladores<\/span><\/li>\n<p> \t<\n<\/p>","protected":false},"excerpt":{"rendered":"<section id=\"productDescriptionWrapper\" class=\"flex flex-col gap-48 section\" data-v-6466426b=\"\">\n<div id=\"productDescription\" data-v-ee9426f0=\"\" data-v-08c84bd4=\"\">\n<section id=\"descriptionTitle__productDescription\" class=\"descriptionBlock\" data-v-ee9426f0=\"\">\n<div class=\"productDescription\" data-v-08c84bd4=\"\">\n<div class=\"--body\" data-v-08c84bd4=\"\">Vive el siguiente nivel de rendimiento en juegos con las tarjetas gr\u00e1ficas AMD de Gigabyte. Nuestras GPU ofrecen un rendimiento sin compromisos, gr\u00e1ficos impresionantes y redefinen el rendimiento en juegos. Equipadas con soluciones de refrigeraci\u00f3n avanzadas y tecnolog\u00edas innovadoras, las tarjetas gr\u00e1ficas AMD de Gigabyte permiten a los jugadores aprovechar los l\u00edmites de lo posible y garantizan una experiencia de juego \u00fanica.<\/p>\n<p>Los textos de este art\u00edculo han sido traducidos autom\u00e1ticamente.<\/p><\/div>\n<\/div>\n<\/section>\n<\/div>\n<div id=\"attributesNotes_facts\" data-v-ee9426f0=\"\">\n<section id=\"descriptionTitle__attributesNotes_facts\" class=\"descriptionBlock descriptionBlock--small\" data-v-ee9426f0=\"\">\n<h3 class=\"--headingMedium\" data-v-ee9426f0=\"\">Especificaciones<\/h3>\n<ul class=\"--descriptionList\">\n<li class=\"--descriptionList__item --body\">Impulsada por Radeon RX 9070<\/li>\n<li class=\"--descriptionList__item --body\">Equipado con 16 GB GDDR6, interfaz de 256 bits<\/li>\n<li class=\"--descriptionList__item --body\">Sistema de refrigeraci\u00f3n WINDFORCE<\/li>\n<li class=\"--descriptionList__item --body\">Iluminaci\u00f3n RGB<\/li>\n<li class=\"--descriptionList__item --body\">dual<br \/>","protected":false},"featured_media":7566,"comment_status":"open","ping_status":"closed","template":"","meta":[],"product_brand":[],"product_cat":[15],"product_tag":[],"class_list":{"0":"post-7565","1":"product","2":"type-product","3":"status-publish","4":"has-post-thumbnail","6":"product_cat-niet-geclassificeerd","8":"first","9":"instock","10":"taxable","11":"shipping-taxable","12":"purchasable","13":"product-type-simple"},"_links":{"self":[{"href":"https:\/\/cabashippinginternational.com\/en\/wp-json\/wp\/v2\/product\/7565","targetHints":{"allow":["GET"]}}],"collection":[{"href":"https:\/\/cabashippinginternational.com\/en\/wp-json\/wp\/v2\/product"}],"about":[{"href":"https:\/\/cabashippinginternational.com\/en\/wp-json\/wp\/v2\/types\/product"}],"replies":[{"embeddable":true,"href":"https:\/\/cabashippinginternational.com\/en\/wp-json\/wp\/v2\/comments?post=7565"}],"wp:featuredmedia":[{"embeddable":true,"href":"https:\/\/cabashippinginternational.com\/en\/wp-json\/wp\/v2\/media\/7566"}],"wp:attachment":[{"href":"https:\/\/cabashippinginternational.com\/en\/wp-json\/wp\/v2\/media?parent=7565"}],"wp:term":[{"taxonomy":"product_brand","embeddable":true,"href":"https:\/\/cabashippinginternational.com\/en\/wp-json\/wp\/v2\/product_brand?post=7565"},{"taxonomy":"product_cat","embeddable":true,"href":"https:\/\/cabashippinginternational.com\/en\/wp-json\/wp\/v2\/product_cat?post=7565"},{"taxonomy":"product_tag","embeddable":true,"href":"https:\/\/cabashippinginternational.com\/en\/wp-json\/wp\/v2\/product_tag?post=7565"}],"curies":[{"name":"wp","href":"https:\/\/api.w.org\/{rel}","templated":true}]}}