{"id":7561,"date":"2026-02-06T21:16:57","date_gmt":"2026-02-06T21:16:57","guid":{"rendered":"https:\/\/elektronica-aanhangers-houten.nl\/?post_type=product&#038;p=7561"},"modified":"2026-02-22T03:46:51","modified_gmt":"2026-02-22T03:46:51","slug":"7561","status":"publish","type":"product","link":"https:\/\/cabashippinginternational.com\/en\/produit\/7561\/","title":{"rendered":"Tarjeta gr\u00e1fica Gigabyte RX 9060 XT Radeon RX 9060 XT 16 GB GDDR6-RAM HDMI, DisplayPort"},"content":{"rendered":"<h2 class=\"descriptionBlock__title --headingLarge\" data-v-ee9426f0=\"\">Especificaciones t\u00e9cnicas<\/h2>\n<h2 class=\"productDetailsSection__headline --headingLarge\" data-v-6466426b=\"\">Tarjeta gr\u00e1fica Gigabyte Radeon RX 9060 XT GAMING 16 GB GDDR6-RAM<\/h2>\n<div id=\"productHighlights\" class=\"productHighlights\" data-v-ee9426f0=\"\" data-v-8e14bb8c=\"\" data-v-6466426b=\"\" data-prerenderer=\"productHighlights\">\n<section id=\"descriptionTitle__productHighlights\" class=\"descriptionBlock\" data-v-ee9426f0=\"\">\n<h2 class=\"descriptionBlock__title --headingLarge\" data-v-ee9426f0=\"\">Destacados y detalles<\/h2>\n<div class=\"productHighlights__block\" data-v-8e14bb8c=\"\">\n<ul class=\"--descriptionList\" data-v-8e14bb8c=\"\">\n<li class=\"--descriptionList__item --body\" data-v-8e14bb8c=\"\">Frecuencia base de GPU \/ Frecuencia de impulso de GPU 3230 MHz<\/li>\n<li class=\"--descriptionList__item --body\" data-v-8e14bb8c=\"\">RX 9060 XT<\/li>\n<li class=\"--descriptionList__item --body\" data-v-8e14bb8c=\"\">Interfaces HDMI, DisplayPort<\/li>\n<li class=\"--descriptionList__item --body\" data-v-8e14bb8c=\"\">16 GB GDDR6-RAM a 20000 MHz<\/li>\n<\/ul>\n<\/div>\n<\/section>\n<\/div>\n<div class=\"productTechData__hasSimilarButton\" data-v-545a743e=\"\">\n<div class=\"productTechData__showSimilar\" data-v-545a743e=\"\">\n<div class=\"v-popper v-popper--theme-menu v-popper--theme-dropdown productTechData__info\" data-v-545a743e=\"\"><\/div>\n<p><button class=\"ce-button ce-button-secondary\" data-v-545a743e=\"\"><span data-v-545a743e=\"\">Mostrar art\u00edculos similares<\/span><\/button><\/p>","protected":false},"excerpt":{"rendered":"<div id=\"productDescription\" data-v-ee9426f0=\"\" data-v-08c84bd4=\"\">\n<section id=\"descriptionTitle__productDescription\" class=\"descriptionBlock\" data-v-ee9426f0=\"\">\n<div class=\"productDescription\" data-v-08c84bd4=\"\">\n<div class=\"--body\" data-v-08c84bd4=\"\">\n<p>Experimenta el siguiente nivel de rendimiento en juegos con las tarjetas gr\u00e1ficas AMD de Gigabyte. Nuestras GPU ofrecen un rendimiento sin compromisos, gr\u00e1ficos impresionantes y redefinen el rendimiento en juegos. Equipadas con soluciones de refrigeraci\u00f3n avanzadas y tecnolog\u00edas innovadoras, las tarjetas gr\u00e1ficas AMD de Gigabyte permiten a los jugadores aprovechar los l\u00edmites de lo posible y garantizan una experiencia de juego \u00fanica.<\/p>\n<p>Los textos de este art\u00edculo han sido traducidos autom\u00e1ticamente.<\/p>\n<\/div>\n<\/div>\n<\/section>\n<\/div>\n<div id=\"attributesNotes_facts\" data-v-ee9426f0=\"\">\n<section id=\"descriptionTitle__attributesNotes_facts\" class=\"descriptionBlock descriptionBlock--small\" data-v-ee9426f0=\"\">\n<h3 class=\"--headingMedium\" data-v-ee9426f0=\"\">Especificaciones<\/h3>\n<ul class=\"--descriptionList\">\n<li class=\"--descriptionList__item --body\">Impulsada por Radeon RX 9060 XT<\/li>\n<li class=\"--descriptionList__item --body\">equipada con 16 GB GDDR6, interfaz de 128 bits<\/li>\n<li class=\"--descriptionList__item --body\">sistema de refrigeraci\u00f3n WINDFORCE<\/li>\n<li class=\"--descriptionList__item --body\">iluminaci\u00f3n RGB<\/li>\n<li class=\"--descriptionList__item --body\">estructura reforzada<\/li>\n<\/ul>\n<\/section>\n<\/div>\n<div data-v-ee9426f0=","protected":false},"featured_media":7562,"comment_status":"open","ping_status":"closed","template":"","meta":[],"product_brand":[],"product_cat":[15],"product_tag":[],"class_list":{"0":"post-7561","1":"product","2":"type-product","3":"status-publish","4":"has-post-thumbnail","6":"product_cat-niet-geclassificeerd","8":"first","9":"instock","10":"taxable","11":"shipping-taxable","12":"purchasable","13":"product-type-simple"},"_links":{"self":[{"href":"https:\/\/cabashippinginternational.com\/en\/wp-json\/wp\/v2\/product\/7561","targetHints":{"allow":["GET"]}}],"collection":[{"href":"https:\/\/cabashippinginternational.com\/en\/wp-json\/wp\/v2\/product"}],"about":[{"href":"https:\/\/cabashippinginternational.com\/en\/wp-json\/wp\/v2\/types\/product"}],"replies":[{"embeddable":true,"href":"https:\/\/cabashippinginternational.com\/en\/wp-json\/wp\/v2\/comments?post=7561"}],"wp:featuredmedia":[{"embeddable":true,"href":"https:\/\/cabashippinginternational.com\/en\/wp-json\/wp\/v2\/media\/7562"}],"wp:attachment":[{"href":"https:\/\/cabashippinginternational.com\/en\/wp-json\/wp\/v2\/media?parent=7561"}],"wp:term":[{"taxonomy":"product_brand","embeddable":true,"href":"https:\/\/cabashippinginternational.com\/en\/wp-json\/wp\/v2\/product_brand?post=7561"},{"taxonomy":"product_cat","embeddable":true,"href":"https:\/\/cabashippinginternational.com\/en\/wp-json\/wp\/v2\/product_cat?post=7561"},{"taxonomy":"product_tag","embeddable":true,"href":"https:\/\/cabashippinginternational.com\/en\/wp-json\/wp\/v2\/product_tag?post=7561"}],"curies":[{"name":"wp","href":"https:\/\/api.w.org\/{rel}","templated":true}]}}