{"id":7526,"date":"2026-02-06T17:57:41","date_gmt":"2026-02-06T17:57:41","guid":{"rendered":"https:\/\/elektronica-aanhangers-houten.nl\/?post_type=product&#038;p=7526"},"modified":"2026-02-22T03:48:58","modified_gmt":"2026-02-22T03:48:58","slug":"gigabyte-aorus-geforce-rtx-5080-master-16g","status":"publish","type":"product","link":"https:\/\/cabashippinginternational.com\/en\/produit\/gigabyte-aorus-geforce-rtx-5080-master-16g\/","title":{"rendered":"Gigabyte AORUS GeForce RTX 5080 MASTER 16G"},"content":{"rendered":"<p>GIGABYTE AORUS GeForce RTX 5080 MASTER 16G. Familia de procesadores gr\u00e1ficos: NVIDIA, Procesador gr\u00e1fico: GeForce RTX 5080, Frecuencia del procesador: 2805 MHz. Memoria gr\u00e1fica: 16 GB, Adaptador gr\u00e1fico, tipo de memoria: GDDR7, Bus de memoria: 256 Bit, Velocidad de reloj de la memoria: 28000 MHz. Resoluci\u00f3n m\u00e1xima: 7680 x 4320 p\u00edxeles. Versi\u00f3n de DirectX: 12.0, Versi\u00f3n de OpenGL: 4.6. Tipo de conexi\u00f3n: PCI Express 5.0. Tipo de refrigeraci\u00f3n: Activo, N\u00famero de ventiladores: 3 ventilador(es), Color de la iluminaci\u00f3n: Multi.<\/p>","protected":false},"excerpt":{"rendered":"<p>GIGABYTE AORUS GeForce RTX 5080 MASTER 16G. Familia de procesadores gr\u00e1ficos: NVIDIA, Procesador gr\u00e1fico: GeForce [&hellip;]<\/p>\n","protected":false},"featured_media":7527,"comment_status":"open","ping_status":"closed","template":"","meta":[],"product_brand":[],"product_cat":[15],"product_tag":[],"class_list":{"0":"post-7526","1":"product","2":"type-product","3":"status-publish","4":"has-post-thumbnail","6":"product_cat-niet-geclassificeerd","8":"first","9":"instock","10":"taxable","11":"shipping-taxable","12":"purchasable","13":"product-type-simple"},"_links":{"self":[{"href":"https:\/\/cabashippinginternational.com\/en\/wp-json\/wp\/v2\/product\/7526","targetHints":{"allow":["GET"]}}],"collection":[{"href":"https:\/\/cabashippinginternational.com\/en\/wp-json\/wp\/v2\/product"}],"about":[{"href":"https:\/\/cabashippinginternational.com\/en\/wp-json\/wp\/v2\/types\/product"}],"replies":[{"embeddable":true,"href":"https:\/\/cabashippinginternational.com\/en\/wp-json\/wp\/v2\/comments?post=7526"}],"wp:featuredmedia":[{"embeddable":true,"href":"https:\/\/cabashippinginternational.com\/en\/wp-json\/wp\/v2\/media\/7527"}],"wp:attachment":[{"href":"https:\/\/cabashippinginternational.com\/en\/wp-json\/wp\/v2\/media?parent=7526"}],"wp:term":[{"taxonomy":"product_brand","embeddable":true,"href":"https:\/\/cabashippinginternational.com\/en\/wp-json\/wp\/v2\/product_brand?post=7526"},{"taxonomy":"product_cat","embeddable":true,"href":"https:\/\/cabashippinginternational.com\/en\/wp-json\/wp\/v2\/product_cat?post=7526"},{"taxonomy":"product_tag","embeddable":true,"href":"https:\/\/cabashippinginternational.com\/en\/wp-json\/wp\/v2\/product_tag?post=7526"}],"curies":[{"name":"wp","href":"https:\/\/api.w.org\/{rel}","templated":true}]}}