{"id":7519,"date":"2026-02-06T17:01:56","date_gmt":"2026-02-06T17:01:56","guid":{"rendered":"https:\/\/elektronica-aanhangers-houten.nl\/?post_type=product&#038;p=7519"},"modified":"2026-02-22T03:49:10","modified_gmt":"2026-02-22T03:49:10","slug":"gigabyte-geforce-rtx-5070-windforce-oc-sff-12g","status":"publish","type":"product","link":"https:\/\/cabashippinginternational.com\/en\/produit\/gigabyte-geforce-rtx-5070-windforce-oc-sff-12g\/","title":{"rendered":"Gigabyte GeForce RTX 5070 WINDFORCE OC SFF 12G"},"content":{"rendered":"<p><main id=\"maincontent\" class=\"page-main\"><\/p>\n<div class=\"columns\">\n<div class=\"column main\">\n<div class=\"product-info-main\">\n<div class=\"py-3 px-6 bg-gray-100\">\n<nav class=\"hidden lg:flex pb-6 snap overflow-x-auto overscroll-x-contain\" aria-label=\"Navegar a la secci\u00f3n del producto\"><button class=\"relative flex-auto pt-1 pb-3 px-3 border-b whitespace-nowrap font-bold                    aria-expanded:text-main-red aria-expanded:border-current aria-expanded:after:border-inherit                    after:absolute after:inset-x-0 after:bottom-0 after:border-b-2 after:border-transparent\" type=\"button\" aria-expanded=\"true\" aria-controls=\"product-attributes\">Especificaci\u00f3n<\/button><\/nav>\n<div>\n<details id=\"description\" class=\"group scroll-mt-8 lg:scroll-mt-24\" data-name=\"Descripci\u00f3n\"><\/details>\n<details id=\"product-attributes\" class=\"group scroll-mt-8 lg:scroll-mt-24\" open=\"open\" data-name=\"Especificaci\u00f3n\">\n<div>\n<div class=\"pb-3\">\n<div id=\"product-attributes\" class=\"table-wrapper overflow-x-auto\">\n<table class=\"additional-attributes table-fixed w-full\">\n<tbody>\n<tr class=\"border-b border-slate-200 last:border-b-0 bg-slate-50 odd:bg-slate-100 block lg:table-row\">\n<th class=\"col label product-attribute-label text-start text-slate-500 font-semibold break-words hyphens-auto block lg:table-cell pt-3 lg:py-2 px-3\" scope=\"row\">N\u00famero de art\u00edculo<\/th>\n<td","protected":false},"excerpt":{"rendered":"<p class=\"flex items-center\">Caracter\u00edsticas<\/p>\n<ul>\n<li>NVIDIA GeForce RTX 5070 12 GB GDDR7<\/li>\n<li>7680 x 4320 P\u00edxeles 192 Bit 28000 MHz PCI Express x16 5.0<\/li>\n<li>N\u00famero de puertos HDMI: 1 N\u00famero de DisplayPorts: 3<\/li>\n<li>Versi\u00f3n de DirectX: 12.0 Versi\u00f3n de OpenGL: 4.6<\/li>\n<li>1x 16-pin<\/li>\n<li>GIGABYTE GeForce RTX 5070 WINDFORCE OC SFF 12G. Familia de procesadores gr\u00e1ficos: NVIDIA, Procesador gr\u00e1fico: GeForce RTX 5070, Frecuencia del procesador: 2542 MHz. Memoria gr\u00e1fica: 12 GB, Adaptador gr\u00e1fico, tipo de memoria: GDDR7, Bus de memoria: 192 Bit, Velocidad de reloj de la memoria: 28000 MHz. Resoluci\u00f3n m\u00e1xima: 7680 x 4320 P\u00edxeles. Versi\u00f3n de DirectX: 12.0, Versi\u00f3n de OpenGL: 4.6. Tipo de conexi\u00f3n: PCI Express x16 5.0. Tipo de refrigeraci\u00f3n: Activo, N\u00famero de ventiladores: 3 ventilador(es)<\/li>\n<\/ul>","protected":false},"featured_media":7521,"comment_status":"open","ping_status":"closed","template":"","meta":[],"product_brand":[],"product_cat":[15],"product_tag":[],"class_list":{"0":"post-7519","1":"product","2":"type-product","3":"status-publish","4":"has-post-thumbnail","6":"product_cat-niet-geclassificeerd","8":"first","9":"instock","10":"taxable","11":"shipping-taxable","12":"purchasable","13":"product-type-simple"},"_links":{"self":[{"href":"https:\/\/cabashippinginternational.com\/en\/wp-json\/wp\/v2\/product\/7519","targetHints":{"allow":["GET"]}}],"collection":[{"href":"https:\/\/cabashippinginternational.com\/en\/wp-json\/wp\/v2\/product"}],"about":[{"href":"https:\/\/cabashippinginternational.com\/en\/wp-json\/wp\/v2\/types\/product"}],"replies":[{"embeddable":true,"href":"https:\/\/cabashippinginternational.com\/en\/wp-json\/wp\/v2\/comments?post=7519"}],"wp:featuredmedia":[{"embeddable":true,"href":"https:\/\/cabashippinginternational.com\/en\/wp-json\/wp\/v2\/media\/7521"}],"wp:attachment":[{"href":"https:\/\/cabashippinginternational.com\/en\/wp-json\/wp\/v2\/media?parent=7519"}],"wp:term":[{"taxonomy":"product_brand","embeddable":true,"href":"https:\/\/cabashippinginternational.com\/en\/wp-json\/wp\/v2\/product_brand?post=7519"},{"taxonomy":"product_cat","embeddable":true,"href":"https:\/\/cabashippinginternational.com\/en\/wp-json\/wp\/v2\/product_cat?post=7519"},{"taxonomy":"product_tag","embeddable":true,"href":"https:\/\/cabashippinginternational.com\/en\/wp-json\/wp\/v2\/product_tag?post=7519"}],"curies":[{"name":"wp","href":"https:\/\/api.w.org\/{rel}","templated":true}]}}