{"id":7514,"date":"2026-02-06T16:41:18","date_gmt":"2026-02-06T16:41:18","guid":{"rendered":"https:\/\/elektronica-aanhangers-houten.nl\/?post_type=product&#038;p=7514"},"modified":"2026-02-22T03:49:17","modified_gmt":"2026-02-22T03:49:17","slug":"mosaic-m1s-com-basis-module-veiligheid-plc","status":"publish","type":"product","link":"https:\/\/cabashippinginternational.com\/en\/produit\/mosaic-m1s-com-basis-module-veiligheid-plc\/","title":{"rendered":"Mosaic M1S COM | M\u00f3dulo base de seguridad PLC"},"content":{"rendered":"<h3>Descripci\u00f3n del art\u00edculo<\/h3>\n<div id=\"pdetailInfoText\" class=\"cms-styling\">La serie Mosaic de ReeR es un sistema de PLC de seguridad modular y flexible dise\u00f1ado para aplicaciones de automatizaci\u00f3n industrial. El sistema ofrece una amplia gama de funciones de seguridad, una configuraci\u00f3n sencilla con el software gratuito Mosaic y soporte para diversos protocolos de comunicaci\u00f3n. La serie Mosaic cumple con normas internacionales de seguridad como <strong>ISO 13849-1 e IEC 62061<\/strong>, lo que garantiza fiabilidad y seguridad en situaciones cr\u00edticas de seguridad.<\/p>\n<h3>M\u00f3dulos de expansi\u00f3n<\/h3>\n<p>La serie Mosaic de ReeR ofrece varios m\u00f3dulos de expansi\u00f3n modulares para adaptar y ampliar la funcionalidad del sistema. Estos m\u00f3dulos est\u00e1n dise\u00f1ados para ser a\u00f1adidos f\u00e1cilmente al controlador base, permitiendo a los usuarios crear un sistema de seguridad a medida para aplicaciones y requisitos espec\u00edficos.<\/p>\n<p><strong>A trav\u00e9s del n\u00famero de tipo, los m\u00f3dulos son m\u00e1s f\u00e1ciles de distinguir entre s\u00ed:<\/strong><\/p>\n<ul>\n<li><strong>M\u00f3dulos de entrada = MI**:<br \/>\n<\/strong>Estos m\u00f3dulos aumentan el n\u00famero de entradas de seguridad para conectar componentes de seguridad adicionales como botones de parada de emergencia, cortinas de luz y alfombrillas de seguridad.<\/li>\n<li><strong>M\u00f3dulos de salida = MO**:<br \/>\n<\/strong>Estos m\u00f3dulos ofrecen salidas de seguridad adicionales que pueden ser utilizadas para controlar actuadores, contactos magn\u00e9ticos y otros componentes relevantes para la seguridad.<\/li>\n<li><strong>M\u00f3dulos de entrada\/salida<br \/>","protected":false},"excerpt":{"rendered":"<p>Descripci\u00f3n del art\u00edculo La serie Mosaic de ReeR es un sistema de PLC de seguridad [&hellip;]<\/p>\n","protected":false},"featured_media":7515,"comment_status":"open","ping_status":"closed","template":"","meta":[],"product_brand":[],"product_cat":[15],"product_tag":[],"class_list":{"0":"post-7514","1":"product","2":"type-product","3":"status-publish","4":"has-post-thumbnail","6":"product_cat-niet-geclassificeerd","8":"first","9":"instock","10":"taxable","11":"shipping-taxable","12":"purchasable","13":"product-type-simple"},"_links":{"self":[{"href":"https:\/\/cabashippinginternational.com\/en\/wp-json\/wp\/v2\/product\/7514","targetHints":{"allow":["GET"]}}],"collection":[{"href":"https:\/\/cabashippinginternational.com\/en\/wp-json\/wp\/v2\/product"}],"about":[{"href":"https:\/\/cabashippinginternational.com\/en\/wp-json\/wp\/v2\/types\/product"}],"replies":[{"embeddable":true,"href":"https:\/\/cabashippinginternational.com\/en\/wp-json\/wp\/v2\/comments?post=7514"}],"wp:featuredmedia":[{"embeddable":true,"href":"https:\/\/cabashippinginternational.com\/en\/wp-json\/wp\/v2\/media\/7515"}],"wp:attachment":[{"href":"https:\/\/cabashippinginternational.com\/en\/wp-json\/wp\/v2\/media?parent=7514"}],"wp:term":[{"taxonomy":"product_brand","embeddable":true,"href":"https:\/\/cabashippinginternational.com\/en\/wp-json\/wp\/v2\/product_brand?post=7514"},{"taxonomy":"product_cat","embeddable":true,"href":"https:\/\/cabashippinginternational.com\/en\/wp-json\/wp\/v2\/product_cat?post=7514"},{"taxonomy":"product_tag","embeddable":true,"href":"https:\/\/cabashippinginternational.com\/en\/wp-json\/wp\/v2\/product_tag?post=7514"}],"curies":[{"name":"wp","href":"https:\/\/api.w.org\/{rel}","templated":true}]}}