{"id":7512,"date":"2026-02-06T16:32:20","date_gmt":"2026-02-06T16:32:20","guid":{"rendered":"https:\/\/elektronica-aanhangers-houten.nl\/?post_type=product&#038;p=7512"},"modified":"2026-02-22T03:49:27","modified_gmt":"2026-02-22T03:49:27","slug":"dold-rn5897-12-011-61-ac-dc100-230v-modbus-isolatiewachter-0070015","status":"publish","type":"product","link":"https:\/\/cabashippinginternational.com\/en\/produit\/dold-rn5897-12-011-61-ac-dc100-230v-modbus-isolatiewachter-0070015\/","title":{"rendered":"Dold RN5897.12\/011\/61 AC\/DC100-230V Modbus | Vigilante de aislamiento &#8211; 0070015"},"content":{"rendered":"<h3>Descripci\u00f3n del art\u00edculo<\/h3>\n<div id=\"pdetailInfoText\" class=\"cms-styling\">El rel\u00e9 de monitoreo de aislamiento RN 5897\/011 de la serie VARIMETER IMD ofrece una soluci\u00f3n confiable para la supervisi\u00f3n de sistemas IT modernos. El dispositivo es adecuado para redes de CA, CC y CA\/CC, incluso cuando tienen una alta capacidad de fuga a tierra (PE). Gracias a dos perillas en la parte frontal, los valores de configuraci\u00f3n se pueden ajustar de manera sencilla e intuitiva. Los valores de medici\u00f3n actuales, los par\u00e1metros del dispositivo y el estado se muestran de manera clara a trav\u00e9s de la pantalla y los indicadores LED. Una cubierta transparente sellable protege el dispositivo contra modificaciones no autorizadas.<\/p>\n<p><strong>Interfaz Modbus RTU<br \/>\n<\/strong><br \/>\nUna ventaja importante del RN 5897\/011 es la interfaz Modbus RTU, que permite leer y configurar de forma remota todos los datos de medici\u00f3n, estados del dispositivo y configuraciones. Esto permite una integraci\u00f3n completa en sistemas de automatizaci\u00f3n industrial. Adem\u00e1s, el dispositivo soporta la detecci\u00f3n de errores de aislamiento tanto sim\u00e9tricos como asim\u00e9tricos y ofrece protecci\u00f3n preventiva contra fallos y riesgo de incendio. Gracias a la posibilidad de conectar un dispositivo de acoplamiento externo, la tensi\u00f3n nominal del sistema IT a monitorear se puede ampliar hasta CA 1000 V\/CC 1500 V.<\/div>","protected":false},"excerpt":{"rendered":"<p><strong>Caracter\u00edsticas principales RN5897.12\/011:<\/strong><\/p>\n<ul>\n<li>Adecuado para redes IT con tensi\u00f3n AC, DC y AC\/DC<\/li>\n<li>Soporta capacidades de fuga de hasta 1000 \u00b5F sin p\u00e9rdida de tiempo de reacci\u00f3n<\/li>\n<li>Dos umbrales ajustables para prealarma y alarma (1 k\u03a9 \u2013 2 M\u03a9)<\/li>\n<li>Indicador de estado claro a trav\u00e9s de pantalla y LED\u2019s<\/li>\n<li>Interfaz Modbus RTU para lectura y configuraci\u00f3n a distancia<\/li>\n<li>Detecci\u00f3n de fallos a tierra y cableado interrumpido en el circuito de medida y PE<\/li>\n<li>Adecuado para redes de hasta AC 1000 V\/DC 1500 V (con dispositivo de acoplamiento externo)<\/li>\n<li>Bot\u00f3n de prueba\/reset opcional a trav\u00e9s de entrada de control externa<\/li>\n<li>Funci\u00f3n de autoprueba autom\u00e1tica y manual<\/li>\n<li>Protecci\u00f3n contra manipulaciones mediante cubierta sellable<\/li>\n<\/ul>","protected":false},"featured_media":7513,"comment_status":"open","ping_status":"closed","template":"","meta":[],"product_brand":[],"product_cat":[15],"product_tag":[],"class_list":{"0":"post-7512","1":"product","2":"type-product","3":"status-publish","4":"has-post-thumbnail","6":"product_cat-niet-geclassificeerd","8":"first","9":"instock","10":"taxable","11":"shipping-taxable","12":"purchasable","13":"product-type-simple"},"_links":{"self":[{"href":"https:\/\/cabashippinginternational.com\/en\/wp-json\/wp\/v2\/product\/7512","targetHints":{"allow":["GET"]}}],"collection":[{"href":"https:\/\/cabashippinginternational.com\/en\/wp-json\/wp\/v2\/product"}],"about":[{"href":"https:\/\/cabashippinginternational.com\/en\/wp-json\/wp\/v2\/types\/product"}],"replies":[{"embeddable":true,"href":"https:\/\/cabashippinginternational.com\/en\/wp-json\/wp\/v2\/comments?post=7512"}],"wp:featuredmedia":[{"embeddable":true,"href":"https:\/\/cabashippinginternational.com\/en\/wp-json\/wp\/v2\/media\/7513"}],"wp:attachment":[{"href":"https:\/\/cabashippinginternational.com\/en\/wp-json\/wp\/v2\/media?parent=7512"}],"wp:term":[{"taxonomy":"product_brand","embeddable":true,"href":"https:\/\/cabashippinginternational.com\/en\/wp-json\/wp\/v2\/product_brand?post=7512"},{"taxonomy":"product_cat","embeddable":true,"href":"https:\/\/cabashippinginternational.com\/en\/wp-json\/wp\/v2\/product_cat?post=7512"},{"taxonomy":"product_tag","embeddable":true,"href":"https:\/\/cabashippinginternational.com\/en\/wp-json\/wp\/v2\/product_tag?post=7512"}],"curies":[{"name":"wp","href":"https:\/\/api.w.org\/{rel}","templated":true}]}}