{"id":7509,"date":"2026-02-06T16:26:52","date_gmt":"2026-02-06T16:26:52","guid":{"rendered":"https:\/\/elektronica-aanhangers-houten.nl\/?post_type=product&#038;p=7509"},"modified":"2026-02-22T03:49:41","modified_gmt":"2026-02-22T03:49:41","slug":"ba9054-331-dc012-12v-uhdc110-220v-spanningbewakingsrelais","status":"publish","type":"product","link":"https:\/\/cabashippinginternational.com\/en\/produit\/ba9054-331-dc012-12v-uhdc110-220v-spanningbewakingsrelais\/","title":{"rendered":"BA9054\/331 DC0,12-1,2V UHDC110-220V | Rel\u00e9 de supervisi\u00f3n de tensi\u00f3n"},"content":{"rendered":"<h3>Especificaciones<\/h3>\n<div id=\"ContentPlaceHolder1_upPanelTemplateValues\">\n<div id=\"pdetailTableSpecs\">\n<div id=\"ContentPlaceHolder1_pnlDynamicTemplateValuesBefore\"><\/div>\n<table>\n<tbody>\n<tr>\n<td>Alimentaci\u00f3n<\/td>\n<td>220 VDC<\/td>\n<\/tr>\n<tr>\n<td>Salida<\/td>\n<td>2 NO\/NC<\/td>\n<\/tr>\n<tr>\n<td>Serie<\/td>\n<td>BA 9054<\/td>\n<\/tr>\n<tr>\n<td>Anchura<\/td>\n<td>45 mm<\/td>\n<\/tr>\n<tr>\n<td>Funci\u00f3n<\/td>\n<td>Monitoreo de tensi\u00f3n 1-fase<\/td>\n<\/tr>\n<tr>\n<td>Montaje<\/td>\n<td>Riel DIN<\/td>\n<\/tr>\n<tr>\n<td>Marca<\/td>\n<td><a title=\"DOLD\" href=\"https:\/\/shop.fortop.nl\/merk\/32\/dold.html\">DOLD<\/a><\/td>\n<\/tr>\n<tr>\n<td>Categor\u00eda<\/td>\n<td><a title=\"Monitoreo de tensi\u00f3n\" href=\"https:\/\/shop.fortop.nl\/nl\/nl\/energy-control\/meettechniek\/spanningsbewaking.html\">Monitoreo de tensi\u00f3n<\/a><\/td>\n<\/tr>\n<tr>\n<td>C\u00f3digo EAN<\/td>\n<td id=\"TableSpecs_Barcode\">4030641562045<\/td>\n<\/tr>\n<tr>\n<td>N\u00famero de art\u00edculo<\/td>\n<td id=\"TableSpecs_ProductCode\">DD303645<\/td>\n<\/tr>\n<tr>\n<td>C\u00f3digo del proveedor<\/td>\n<td>0056204<\/td>\n<\/tr>\n<tr>\n<td>Embalaje<\/td>\n<td>st<\/td>\n<\/tr>\n<\/tbody>\n<\/table>\n<\/div>\n<\/div>","protected":false},"excerpt":{"rendered":"<h3>Especificaciones<\/h3>\n<div id=\"ContentPlaceHolder1_upPanelTemplateValues\">\n<div id=\"pdetailTableSpecs\">\n<div id=\"ContentPlaceHolder1_pnlDynamicTemplateValuesBefore\"><\/div>\n<table>\n<tbody>\n<tr>\n<td>Alimentaci\u00f3n<\/td>\n<td>220 VDC<\/td>\n<\/tr>\n<tr>\n<td>Salida<\/td>\n<td>2 NO\/NC<\/td>\n<\/tr>\n<tr>\n<td>Serie<\/td>\n<td>BA 9054<\/td>\n<\/tr>\n<tr>\n<td>Anchura<\/td>\n<td>45 mm<\/td>\n<\/tr>\n<tr>\n<td>Funci\u00f3n<\/td>\n<td>Monitoreo de tensi\u00f3n 1-fase<\/td>\n<\/tr>\n<tr>\n<td>Montaje<\/td>\n<td>Riel DIN<\/td>\n<\/tr>\n<tr>\n<td>Marca<\/td>\n<td><a title=\"DOLD\" href=\"https:\/\/shop.fortop.nl\/merk\/32\/dold.html\">DOLD<\/a><\/td>\n<\/tr>\n<tr>\n<td>Categor\u00eda<\/td>\n<td><a title=\"Monitoreo de tensi\u00f3n\" href=\"https:\/\/shop.fortop.nl\/nl\/nl\/energy-control\/meettechniek\/spanningsbewaking.html\">Monitoreo de tensi\u00f3n<\/a><\/td>\n<\/tr>\n<tr>\n<td>C\u00f3digo EAN<\/td>\n<td id=\"TableSpecs_Barcode\">4030641562045<\/td>\n<\/tr>\n<tr>\n<td>N\u00famero de art\u00edculo<\/td>\n<td id=\"TableSpecs_ProductCode\">DD303645<\/td>\n<\/tr>\n<tr>\n<td>C\u00f3digo del proveedor<\/td>\n<td>0056204<\/td>\n<\/tr>\n<tr>\n<td>Embalaje<\/td>\n<td>st<\/td>\n<\/tr>\n<\/tbody>\n<\/table>\n<\/div>\n<\/div>","protected":false},"featured_media":7511,"comment_status":"open","ping_status":"closed","template":"","meta":[],"product_brand":[],"product_cat":[15],"product_tag":[],"class_list":{"0":"post-7509","1":"product","2":"type-product","3":"status-publish","4":"has-post-thumbnail","6":"product_cat-niet-geclassificeerd","8":"first","9":"instock","10":"taxable","11":"shipping-taxable","12":"purchasable","13":"product-type-simple"},"_links":{"self":[{"href":"https:\/\/cabashippinginternational.com\/en\/wp-json\/wp\/v2\/product\/7509","targetHints":{"allow":["GET"]}}],"collection":[{"href":"https:\/\/cabashippinginternational.com\/en\/wp-json\/wp\/v2\/product"}],"about":[{"href":"https:\/\/cabashippinginternational.com\/en\/wp-json\/wp\/v2\/types\/product"}],"replies":[{"embeddable":true,"href":"https:\/\/cabashippinginternational.com\/en\/wp-json\/wp\/v2\/comments?post=7509"}],"wp:featuredmedia":[{"embeddable":true,"href":"https:\/\/cabashippinginternational.com\/en\/wp-json\/wp\/v2\/media\/7511"}],"wp:attachment":[{"href":"https:\/\/cabashippinginternational.com\/en\/wp-json\/wp\/v2\/media?parent=7509"}],"wp:term":[{"taxonomy":"product_brand","embeddable":true,"href":"https:\/\/cabashippinginternational.com\/en\/wp-json\/wp\/v2\/product_brand?post=7509"},{"taxonomy":"product_cat","embeddable":true,"href":"https:\/\/cabashippinginternational.com\/en\/wp-json\/wp\/v2\/product_cat?post=7509"},{"taxonomy":"product_tag","embeddable":true,"href":"https:\/\/cabashippinginternational.com\/en\/wp-json\/wp\/v2\/product_tag?post=7509"}],"curies":[{"name":"wp","href":"https:\/\/api.w.org\/{rel}","templated":true}]}}