{"id":7503,"date":"2026-02-06T15:43:33","date_gmt":"2026-02-06T15:43:33","guid":{"rendered":"https:\/\/elektronica-aanhangers-houten.nl\/?post_type=product&#038;p=7503"},"modified":"2026-02-22T03:50:58","modified_gmt":"2026-02-22T03:50:58","slug":"frequentieregelaar-90kw-93kw-400v-3-fasen-fluxcon-flc500","status":"publish","type":"product","link":"https:\/\/cabashippinginternational.com\/en\/produit\/frequentieregelaar-90kw-93kw-400v-3-fasen-fluxcon-flc500\/","title":{"rendered":"Controlador de frecuencia 90kW (93kW) 400V (3 fases) \u2013 Fluxcon FLC500"},"content":{"rendered":"<h2>Descripci\u00f3n<\/h2>\n<h3>Variador de frecuencia de 90 kW \u2013 Fluxcon FLC500 Control Vectorial de Alto Rendimiento<\/h3>\n<p>El variador de frecuencia Fluxcon FLC500 de 90 kW es un variador de control vectorial de alto rendimiento para motores el\u00e9ctricos trif\u00e1sicos, dise\u00f1ado para aplicaciones industriales exigentes donde la din\u00e1mica r\u00e1pida, la alta precisi\u00f3n y el comportamiento de par confiable son esenciales. Gracias al avanzado control vectorial, este variador de 90 kW es adecuado tanto para motores de CA as\u00edncronos como sincr\u00f3nicos.<\/p>\n<p>La desacoplamiento de la corriente de flujo del motor y la corriente de par permite que el accionamiento reaccione muy r\u00e1pidamente y logre una alta precisi\u00f3n en un amplio rango de velocidades. Por lo tanto, con el control vectorial sin sensor y sin encoder, ya est\u00e1 disponible un 150% de par desde 0,5 Hz. Con retroalimentaci\u00f3n de encoder (control vectorial en bucle cerrado), incluso se dispone de un 150% de par desde el reposo.<\/p>\n<h4>\u00c1reas de aplicaci\u00f3n<\/h4>\n<p>El variador de frecuencia Fluxcon FLC500 de 90 kW se utiliza ampliamente en diversas entornos industriales, incluyendo:<\/p>\n<ul>\n<li>Mezcla y agitaci\u00f3n<\/li>\n<li>Compresores<\/li>\n<li>Ventiladores<\/li>\n<li>Bombas<\/li>\n<li>Bandas transportadoras y cintas transportadoras<\/li>\n<li>Gr\u00faas y equipos de elevaci\u00f3n<\/li>\n<li>Garruchas y ascensores<\/li>\n<li>Construcci\u00f3n de maquinaria general<\/li>\n<\/ul>\n<h4>M\u00e9todos de control y funcionalidad<\/h4>\n<p>El FLC500 admite m\u00faltiples m\u00e9todos de control, lo que hace que este variador de 90 kW sea flexible en su uso:<\/p>\n<ul>\n<li>Control Vectorial sin te<br \/>","protected":false},"excerpt":{"rendered":"<p>Variador de frecuencia de 90 kW para motores el\u00e9ctricos trif\u00e1sicos. Control vectorial de alto rendimiento con alto par desde baja velocidad para aplicaciones industriales.<\/p>\n<p>&nbsp;<\/p>\n<h2>Informaci\u00f3n adicional<\/h2>\n<table class=\"woocommerce-product-attributes shop_attributes table\" aria-label=\"Datos del producto\">\n<tbody>\n<tr class=\"woocommerce-product-attributes-item woocommerce-product-attributes-item--weight\">\n<th class=\"woocommerce-product-attributes-item__label\" scope=\"row\">Peso<\/th>\n<td class=\"woocommerce-product-attributes-item__value\">58 kg<\/td>\n<\/tr>\n<tr class=\"woocommerce-product-attributes-item woocommerce-product-attributes-item--attribute_pa_omschrijving\">\n<th class=\"woocommerce-product-attributes-item__label\" scope=\"row\">Descripci\u00f3n<\/th>\n<td class=\"woocommerce-product-attributes-item__value\"><a href=\"https:\/\/www.fluxcon.nl\/omschrijving\/fluxcon-frequentieregelaar-flc500-93kw-400v-3fase-nominale-stroom-176a\/\" rel=\"tag\">Variador de frecuencia Fluxcon FLC500 93kW 400V (trif\u00e1sico) Corriente nominal 176A<\/a><\/td>\n<\/tr>\n<tr class=\"woocommerce-product-attributes-item woocommerce-product-attributes-item--attribute_pa_afmetingen-h1wd1\">\n<th class=\"woocommerce-product-attributes-item__label\" scope=\"row\">Dimensiones [H1]*W*D1]<\/th>\n<td class=\"woocommerce-product-attributes-item__value\"><a href=\"https:\/\/www.fluxcon.nl\/afmetingen-h1wd1\/575355328mm\/\" rel=\"tag\">575*355*328mm<\/a><\/td>\n<\/tr>\n<tr class=\"woocommerce-product-attributes-item woocommerce-product-attributes-item--attribute_pa_p-2\">\n","protected":false},"featured_media":7500,"comment_status":"open","ping_status":"closed","template":"","meta":[],"product_brand":[],"product_cat":[15],"product_tag":[],"class_list":{"0":"post-7503","1":"product","2":"type-product","3":"status-publish","4":"has-post-thumbnail","6":"product_cat-niet-geclassificeerd","8":"first","9":"instock","10":"taxable","11":"shipping-taxable","12":"purchasable","13":"product-type-simple"},"_links":{"self":[{"href":"https:\/\/cabashippinginternational.com\/en\/wp-json\/wp\/v2\/product\/7503","targetHints":{"allow":["GET"]}}],"collection":[{"href":"https:\/\/cabashippinginternational.com\/en\/wp-json\/wp\/v2\/product"}],"about":[{"href":"https:\/\/cabashippinginternational.com\/en\/wp-json\/wp\/v2\/types\/product"}],"replies":[{"embeddable":true,"href":"https:\/\/cabashippinginternational.com\/en\/wp-json\/wp\/v2\/comments?post=7503"}],"wp:featuredmedia":[{"embeddable":true,"href":"https:\/\/cabashippinginternational.com\/en\/wp-json\/wp\/v2\/media\/7500"}],"wp:attachment":[{"href":"https:\/\/cabashippinginternational.com\/en\/wp-json\/wp\/v2\/media?parent=7503"}],"wp:term":[{"taxonomy":"product_brand","embeddable":true,"href":"https:\/\/cabashippinginternational.com\/en\/wp-json\/wp\/v2\/product_brand?post=7503"},{"taxonomy":"product_cat","embeddable":true,"href":"https:\/\/cabashippinginternational.com\/en\/wp-json\/wp\/v2\/product_cat?post=7503"},{"taxonomy":"product_tag","embeddable":true,"href":"https:\/\/cabashippinginternational.com\/en\/wp-json\/wp\/v2\/product_tag?post=7503"}],"curies":[{"name":"wp","href":"https:\/\/api.w.org\/{rel}","templated":true}]}}