{"id":7492,"date":"2026-02-06T15:16:58","date_gmt":"2026-02-06T15:16:58","guid":{"rendered":"https:\/\/elektronica-aanhangers-houten.nl\/?post_type=product&#038;p=7492"},"modified":"2026-02-22T03:51:34","modified_gmt":"2026-02-22T03:51:34","slug":"frequentieregelaar-15kw-400v-3-fasen-fluxcon-flc500","status":"publish","type":"product","link":"https:\/\/cabashippinginternational.com\/en\/produit\/frequentieregelaar-15kw-400v-3-fasen-fluxcon-flc500\/","title":{"rendered":"Regulador de frecuencia 15kW 400V (3 fases) \u2013 Fluxcon FLC500"},"content":{"rendered":"<h2>Descripci\u00f3n<\/h2>\n<h3>Variador de frecuencia de 15 kW \u2013 Fluxcon FLC500 Control Vectorial de Alto Rendimiento<\/h3>\n<p>El variador de frecuencia Fluxcon FLC500 de 15 kW es un variador de control vectorial de alto rendimiento para motores el\u00e9ctricos trif\u00e1sicos, dise\u00f1ado para aplicaciones industriales exigentes donde la din\u00e1mica r\u00e1pida, la alta precisi\u00f3n y un comportamiento de par fiable son esenciales. Gracias al avanzado control vectorial, este variador de 15 kW es adecuado tanto para motores de CA as\u00edncronos como sincr\u00f3nicos.<\/p>\n<p>La desacoplamiento de la corriente del flujo del motor y la corriente de par permite que el accionamiento reaccione muy r\u00e1pidamente y logre una alta precisi\u00f3n en un amplio rango de velocidades. Por lo tanto, con el control vectorial sin sensor y sin encoder, ya est\u00e1 disponible un 150% de par desde 0,5 Hz. Con retroalimentaci\u00f3n de encoder (control vectorial en bucle cerrado), incluso se dispone de un 150% de par desde el reposo.<\/p>\n<h4>\u00c1reas de aplicaci\u00f3n<\/h4>\n<p>El variador de frecuencia Fluxcon FLC500 de 15 kW se utiliza ampliamente en diversas entornos industriales, incluyendo:<\/p>\n<ul>\n<li>Mezcla y agitaci\u00f3n<\/li>\n<li>Compresores<\/li>\n<li>Ventiladores<\/li>\n<li>Bombas<\/li>\n<li>Cintas transportadoras y bandas transportadoras<\/li>\n<li>Gr\u00faas y equipos de elevaci\u00f3n<\/li>\n<li>Gatos y elevadores<\/li>\n<li>Construcci\u00f3n de m\u00e1quinas en general<\/li>\n<\/ul>\n<h4>M\u00e9todos de control y funcionalidad<\/h4>\n<p>El FLC500 admite m\u00faltiples m\u00e9todos de control, lo que hace que este variador de 15 kW sea flexible en su uso:<\/p>\n<ul>\n<li>Control Vectorial sin<br \/>","protected":false},"excerpt":{"rendered":"<p>Variador de frecuencia de 15 kW para motores el\u00e9ctricos trif\u00e1sicos. Control vectorial de alto rendimiento con alto par desde baja velocidad para aplicaciones industriales.<\/p>","protected":false},"featured_media":7493,"comment_status":"open","ping_status":"closed","template":"","meta":[],"product_brand":[],"product_cat":[15],"product_tag":[],"class_list":{"0":"post-7492","1":"product","2":"type-product","3":"status-publish","4":"has-post-thumbnail","6":"product_cat-niet-geclassificeerd","8":"first","9":"instock","10":"taxable","11":"shipping-taxable","12":"purchasable","13":"product-type-simple"},"_links":{"self":[{"href":"https:\/\/cabashippinginternational.com\/en\/wp-json\/wp\/v2\/product\/7492","targetHints":{"allow":["GET"]}}],"collection":[{"href":"https:\/\/cabashippinginternational.com\/en\/wp-json\/wp\/v2\/product"}],"about":[{"href":"https:\/\/cabashippinginternational.com\/en\/wp-json\/wp\/v2\/types\/product"}],"replies":[{"embeddable":true,"href":"https:\/\/cabashippinginternational.com\/en\/wp-json\/wp\/v2\/comments?post=7492"}],"wp:featuredmedia":[{"embeddable":true,"href":"https:\/\/cabashippinginternational.com\/en\/wp-json\/wp\/v2\/media\/7493"}],"wp:attachment":[{"href":"https:\/\/cabashippinginternational.com\/en\/wp-json\/wp\/v2\/media?parent=7492"}],"wp:term":[{"taxonomy":"product_brand","embeddable":true,"href":"https:\/\/cabashippinginternational.com\/en\/wp-json\/wp\/v2\/product_brand?post=7492"},{"taxonomy":"product_cat","embeddable":true,"href":"https:\/\/cabashippinginternational.com\/en\/wp-json\/wp\/v2\/product_cat?post=7492"},{"taxonomy":"product_tag","embeddable":true,"href":"https:\/\/cabashippinginternational.com\/en\/wp-json\/wp\/v2\/product_tag?post=7492"}],"curies":[{"name":"wp","href":"https:\/\/api.w.org\/{rel}","templated":true}]}}