{"id":7422,"date":"2026-01-07T16:34:08","date_gmt":"2026-01-07T16:34:08","guid":{"rendered":"https:\/\/elektronica-aanhangers-houten.nl\/?post_type=product&#038;p=7422"},"modified":"2026-02-22T03:51:51","modified_gmt":"2026-02-22T03:51:51","slug":"tondeuse-autoportee-thermique-grillo-md-15","status":"publish","type":"product","link":"https:\/\/cabashippinginternational.com\/en\/produit\/tondeuse-autoportee-thermique-grillo-md-15\/","title":{"rendered":"Grillo MD 15 cortac\u00e9sped"},"content":{"rendered":"<div class=\"elementor-element elementor-element-1caffc0 elementor-widget elementor-widget-wd_title\" data-id=\"1caffc0\" data-element_type=\"widget\" data-widget_type=\"wd_title.default\">\n<div class=\"elementor-widget-container\">\n<div class=\"title-wrapper set-mb-s reset-last-child wd-title-color-default wd-title-style-default wd-title-size-default text-left\">\n<div class=\"liner-continer\">\n<h4 class=\"woodmart-title-container-title wd-fontsize-l\">Descripci\u00f3n<\/h4>\n<\/div>\n<\/div>\n<\/div>\n<\/div>\n<div class=\"elementor-element elementor-element-e24b901 wd-single-content elementor-widget elementor-widget-wd_single_product_content\" data-id=\"e24b901\" data-element_type=\"widget\" data-widget_type=\"wd_single_product_content.default\">\n<div class=\"elementor-widget-container\">\n<p>El <strong>MD15<\/strong> es una cortadora hidrostatica con una plataforma de corte de 83 cm con doble funci\u00f3n, equipada con una palanca de \u00ab<strong>Quick Shift<\/strong>\u00bb para cambiar directamente de <strong>mulching<\/strong> a <strong>descarga lateral<\/strong>.<br \/>\nEsta es una cortadora ideal para cortar donde se requiere un acabado excelente, incluso en pendientes.<br \/>\nEl alto grado de durabilidad la hace ideal para trabajos al aire libre.<br \/>\nEl MD 15 es impulsado por un motor de gasolina <strong>Loncin LC1P92F<\/strong> OHV de un cilindro de 452cc que desarrolla 12hp (15hp de potencia bruta).<\/p>\n<p>El <strong>MD 15<\/strong> es una cortadora hidrostatica con una plataforma de corte de acero con una cuchilla. Las <strong>cuchillas<\/strong> son <strong>flotantes anti-impacto<\/strong><\/p>","protected":false},"excerpt":{"rendered":"<p>La <strong>altura de corte<\/strong> puede variar de 2,5 a 7,5 cm y se regula mediante una palanca con 6 posiciones. Esta misma palanca tiene una posici\u00f3n de transferencia adicional que eleva todo el deck de corte m\u00e1s lejos del suelo y detiene autom\u00e1ticamente la rotaci\u00f3n de la cuchilla para facilitar la eliminaci\u00f3n de bordillos y obst\u00e1culos.<\/p>\n<p>&nbsp;<\/p>\n<p>La tensi\u00f3n de la <strong>correa<\/strong> en el deck de corte es <strong>autocorrectora<\/strong>. Toda la unidad se mantiene siempre paralela al suelo, lo que mejora la calidad de corte incluso despu\u00e9s de a\u00f1os de uso. Las cuchillas se activan mediante un <strong>bot\u00f3n el\u00e9ctrico<\/strong> cerca del volante, que activa el embrague electromagn\u00e9tico del toma de fuerza.<\/p>","protected":false},"featured_media":7483,"comment_status":"open","ping_status":"closed","template":"","meta":[],"product_brand":[],"product_cat":[147],"product_tag":[],"class_list":{"0":"post-7422","1":"product","2":"type-product","3":"status-publish","4":"has-post-thumbnail","6":"product_cat-tondeuses-thermique","8":"first","9":"instock","10":"taxable","11":"shipping-taxable","12":"purchasable","13":"product-type-simple"},"_links":{"self":[{"href":"https:\/\/cabashippinginternational.com\/en\/wp-json\/wp\/v2\/product\/7422","targetHints":{"allow":["GET"]}}],"collection":[{"href":"https:\/\/cabashippinginternational.com\/en\/wp-json\/wp\/v2\/product"}],"about":[{"href":"https:\/\/cabashippinginternational.com\/en\/wp-json\/wp\/v2\/types\/product"}],"replies":[{"embeddable":true,"href":"https:\/\/cabashippinginternational.com\/en\/wp-json\/wp\/v2\/comments?post=7422"}],"wp:featuredmedia":[{"embeddable":true,"href":"https:\/\/cabashippinginternational.com\/en\/wp-json\/wp\/v2\/media\/7483"}],"wp:attachment":[{"href":"https:\/\/cabashippinginternational.com\/en\/wp-json\/wp\/v2\/media?parent=7422"}],"wp:term":[{"taxonomy":"product_brand","embeddable":true,"href":"https:\/\/cabashippinginternational.com\/en\/wp-json\/wp\/v2\/product_brand?post=7422"},{"taxonomy":"product_cat","embeddable":true,"href":"https:\/\/cabashippinginternational.com\/en\/wp-json\/wp\/v2\/product_cat?post=7422"},{"taxonomy":"product_tag","embeddable":true,"href":"https:\/\/cabashippinginternational.com\/en\/wp-json\/wp\/v2\/product_tag?post=7422"}],"curies":[{"name":"wp","href":"https:\/\/api.w.org\/{rel}","templated":true}]}}